{"id":17647,"date":"2025-10-23T12:48:53","date_gmt":"2025-10-23T12:48:53","guid":{"rendered":"https:\/\/www.damac.it\/bez-kategorii\/jcb-2cx\/"},"modified":"2026-02-09T17:53:13","modified_gmt":"2026-02-09T17:53:13","slug":"jcb-2cx","status":"publish","type":"product","link":"https:\/\/www.damac.it\/pl\/koparko-ladowarki\/jcb-2cx-foggia\/","title":{"rendered":"JCB 2CX"},"content":{"rendered":"\n<p>Niezawodna, kompaktowa i mocna <strong>JCB 2CX 2013<\/strong> to <strong>wielofunkcyjna koparko-\u0142adowarka o sztywnej<\/strong> konstrukcji, zaprojektowana z my\u015bl\u0105 o zapewnieniu maksymalnej produktywno\u015bci na placach budowy, w gospodarstwach rolnych i przy pracach konserwacyjnych.<\/p>\n\n<p>Przy <strong>6000 godzin pracy<\/strong> i <strong>masie roboczej wynosz\u0105cej 5100 kg<\/strong>, maszyna ta \u0142\u0105czy w sobie moc i precyzj\u0119 w \u0142atwym do manewrowania formacie. Jest wyposa\u017cona w <strong>zamkni\u0119t\u0105 kabin\u0119<\/strong>, <strong>system m\u0142ota<\/strong>, <strong>przedni\u0105<\/strong> i <strong>tyln\u0105 \u0142y\u017ck\u0119<\/strong>, a tak\u017ce <strong>tablic\u0119 rejestracyjn\u0105, dow\u00f3d rejestracyjny i certyfikat CE<\/strong>, dzi\u0119ki czemu mo\u017ce porusza\u0107 si\u0119 po drogach. <\/p>\n\n<p>Silnik <strong>JCB 444 o mocy 56 kW<\/strong> gwarantuje wysok\u0105 wydajno\u015b\u0107, niskie zu\u017cycie paliwa i d\u0142ug\u0105 \u017cywotno\u015b\u0107, a opony <strong>12,5-18%<\/strong> zapewniaj\u0105 doskona\u0142\u0105 przyczepno\u015b\u0107 i stabilno\u015b\u0107 nawet w trudnym terenie.<\/p>\n\n<p>Dzi\u0119ki swojej <strong>wszechstronno\u015bci operacyjnej<\/strong> JCB 2CX doskonale nadaje si\u0119 do kopania, transportu materia\u0142\u00f3w, konserwacji dr\u00f3g i lekkich prac budowlanych.<\/p>\n\n<p><strong>Pe\u0142na karta katalogowa<\/strong> jest dost\u0119pna na \u017cyczenie.<\/p>\n\n<p><strong>Gotowa do u\u017cycia<\/strong>, sprawdzona i przetestowana <strong>maszyna<\/strong>, idealna dla os\u00f3b poszukuj\u0105cych <strong>profesjonalnej wydajno\u015bci i d\u0142ugotrwa\u0142ej niezawodno\u015bci<\/strong>.<\/p>\n\n<p><\/p>\n","protected":false},"excerpt":{"rendered":"<p>Koparko-\u0142adowarka JCB 2CX z 2013 r., 6000 godzin pracy, zamkni\u0119ta kabina, system m\u0142ota, przednia i tylna \u0142y\u017cka, tablica rejestracyjna i rejestracja. Doskona\u0142y stan, gotowa do pracy. <\/p>\n","protected":false},"featured_media":17648,"template":"","meta":{"_acf_changed":false},"ubicazione_acf":[],"product_brand":[346],"product_cat":[407],"false":[749],"proprietario":[],"class_list":{"0":"post-17647","1":"product","2":"type-product","3":"status-publish","4":"has-post-thumbnail","6":"product_brand-jcb","7":"product_cat-koparko-ladowarki","8":"product_tag-pl","9":"pa_brand-jcb","11":"first","12":"outofstock","13":"sale","14":"sold-individually","15":"shipping-taxable","16":"purchasable","17":"product-type-simple"},"acf":[],"_links":{"self":[{"href":"https:\/\/www.damac.it\/pl\/wp-json\/wp\/v2\/product\/17647","targetHints":{"allow":["GET"]}}],"collection":[{"href":"https:\/\/www.damac.it\/pl\/wp-json\/wp\/v2\/product"}],"about":[{"href":"https:\/\/www.damac.it\/pl\/wp-json\/wp\/v2\/types\/product"}],"wp:featuredmedia":[{"embeddable":true,"href":"https:\/\/www.damac.it\/pl\/wp-json\/wp\/v2\/media\/17648"}],"wp:attachment":[{"href":"https:\/\/www.damac.it\/pl\/wp-json\/wp\/v2\/media?parent=17647"}],"wp:term":[{"taxonomy":"ubicazione_acf","embeddable":true,"href":"https:\/\/www.damac.it\/pl\/wp-json\/wp\/v2\/ubicazione_acf?post=17647"},{"taxonomy":"product_brand","embeddable":true,"href":"https:\/\/www.damac.it\/pl\/wp-json\/wp\/v2\/product_brand?post=17647"},{"taxonomy":"product_cat","embeddable":true,"href":"https:\/\/www.damac.it\/pl\/wp-json\/wp\/v2\/product_cat?post=17647"},{"taxonomy":"product_tag","embeddable":true,"href":"https:\/\/www.damac.it\/pl\/wp-json\/wp\/v2\/false?post=17647"},{"taxonomy":"proprietario","embeddable":true,"href":"https:\/\/www.damac.it\/pl\/wp-json\/wp\/v2\/proprietario?post=17647"}],"curies":[{"name":"wp","href":"https:\/\/api.w.org\/{rel}","templated":true}]}}