{"id":18332,"date":"2025-11-11T14:16:43","date_gmt":"2025-11-11T14:16:43","guid":{"rendered":"https:\/\/www.damac.it\/bez-kategorii\/rampe-da-carico-100x30\/"},"modified":"2026-05-05T13:37:14","modified_gmt":"2026-05-05T13:37:14","slug":"rampe-da-carico-100x30","status":"publish","type":"product","link":"https:\/\/www.damac.it\/pl\/rampy\/rampe-da-carico-100x30-anguillara-sabazia\/","title":{"rendered":"Rampy za\u0142adunkowe 100&#215;30"},"content":{"rendered":"\n<p><strong>Rampy za\u0142adunkowe aluminiowe 100&#215;30<\/strong>, idealne do za\u0142adunku i roz\u0142adunku maszyn ko\u0142owych, takich jak <a href=\"https:\/\/www.damac.it\/pl\/miniladowarki\/\">mini\u0142adowarki<\/a>, kompaktowe <a href=\"https:\/\/www.damac.it\/pl\/minikoparki\/\">minikoparki<\/a> i ma\u0142e transportery.<\/p>\n\n<p>Wykonane z wytrzyma\u0142ego stopu lekkiego, gwarantuj\u0105 <strong>stabilno\u015b\u0107, bezpiecze\u0144stwo i d\u0142ug\u0105 \u017cywotno\u015b\u0107<\/strong>.<\/p>\n\n<p><strong>G\u0142\u00f3wne parametry techniczne:<\/strong><\/p>\n\n<ul class=\"wp-block-list\">\n<li><strong>Ca\u0142kowita d\u0142ugo\u015b\u0107:<\/strong> 3000 mm<\/li>\n\n\n\n<li><strong>Waga pary:<\/strong> 45 kg<\/li>\n\n\n\n<li><strong>Sprowadzony do pary:<\/strong>\n<ul class=\"wp-block-list\">\n<li>Rozstaw osi 1 500 mm \u2192 <strong>2 500 kg<\/strong><\/li>\n\n\n\n<li>Rozstaw osi 2 000 mm \u2192 <strong>2 500 kg<\/strong><\/li>\n<\/ul>\n<\/li>\n\n\n\n<li><strong>Szeroko\u015b\u0107 wewn\u0119trzna:<\/strong> 300 mm<\/li>\n\n\n\n<li><strong>Szeroko\u015b\u0107 zewn\u0119trzna:<\/strong> 350 mm<\/li>\n\n\n\n<li><strong>Wysoko\u015b\u0107 kraw\u0119dzi bocznej:<\/strong> 30 mm<\/li>\n\n\n\n<li><strong>Numer seryjny:<\/strong> 28716<\/li>\n\n\n\n<li><strong>Rok produkcji:<\/strong> 2025<\/li>\n\n\n\n<li><strong>Certyfikat CE:<\/strong> Tak<\/li>\n<\/ul>\n\n<p><strong>Ostrze\u017cenia dotycz\u0105ce u\u017cytkowania<\/strong>:<\/p>\n\n<p>Wszelkie modyfikacje konstrukcyjne ramp s\u0105 zabronione.<br\/>Nie u\u017cywa\u0107 do za\u0142adunku maszyn z \u017celaznymi g\u0105sienicami lub metalowymi ko\u0142ami.<br\/>Unika\u0107 u\u017cywania w ekstremalnie niskich temperaturach z obci\u0105\u017ceniami bliskimi maksymalnego limitu.<\/p>\n\n<div class=\"wp-block-webfactory-map\"><div class=\"wp-block-webfactory-map\"><iframe title=\"Mapa\" width=\"100%\" height=\"380px\" src=\"https:\/\/www.google.com\/maps\/embed\/v1\/place?q=anguillara%20sabazia&amp;maptype=roadmap&amp;zoom=7&amp;key=AIzaSyCbpj9Ji_jwudUhfVpTXiPB79zpZZSDW8c\" frameborder=\"0\"><\/iframe><\/div><\/div>\n","protected":false},"excerpt":{"rendered":"<p class=\"p1\">Aluminiowe rampy za\u0142adunkowe<span class=\"s1\"><b> 100&#215;30<\/b><\/span>d\u0142ugo\u015b\u0107 <span class=\"s1\"><b>3 metry<\/b><\/span> e <span class=\"s1\"><b>ud\u017awig do 2500 kg<\/b><\/span> na par\u0119. Idealny do za\u0142adunku <span class=\"s1\"><b>minikoparek, \u0142adowarek o sterowaniu burtowym i pojazd\u00f3w ko\u0142owych.<\/b><\/span>. Konstrukcja z lekkiego stopu o wysokiej wytrzyma\u0142o\u015bci, w komplecie z <span class=\"s1\"><b>\u0142a\u0144cuchami bezpiecze\u0144stwa i certyfikatem CE<\/b><\/span>.  <\/p>\n","protected":false},"featured_media":18336,"template":"","meta":{"_acf_changed":false},"ubicazione_acf":[],"product_brand":[723],"product_cat":[724],"false":[749],"proprietario":[],"class_list":{"0":"post-18332","1":"product","2":"type-product","3":"status-publish","4":"has-post-thumbnail","6":"product_brand-damac","7":"product_cat-rampy","8":"product_tag-pl","9":"pa_brand-damac","11":"first","12":"instock","13":"sale","14":"sold-individually","15":"shipping-taxable","16":"purchasable","17":"product-type-simple"},"acf":[],"_links":{"self":[{"href":"https:\/\/www.damac.it\/pl\/wp-json\/wp\/v2\/product\/18332","targetHints":{"allow":["GET"]}}],"collection":[{"href":"https:\/\/www.damac.it\/pl\/wp-json\/wp\/v2\/product"}],"about":[{"href":"https:\/\/www.damac.it\/pl\/wp-json\/wp\/v2\/types\/product"}],"wp:featuredmedia":[{"embeddable":true,"href":"https:\/\/www.damac.it\/pl\/wp-json\/wp\/v2\/media\/18336"}],"wp:attachment":[{"href":"https:\/\/www.damac.it\/pl\/wp-json\/wp\/v2\/media?parent=18332"}],"wp:term":[{"taxonomy":"ubicazione_acf","embeddable":true,"href":"https:\/\/www.damac.it\/pl\/wp-json\/wp\/v2\/ubicazione_acf?post=18332"},{"taxonomy":"product_brand","embeddable":true,"href":"https:\/\/www.damac.it\/pl\/wp-json\/wp\/v2\/product_brand?post=18332"},{"taxonomy":"product_cat","embeddable":true,"href":"https:\/\/www.damac.it\/pl\/wp-json\/wp\/v2\/product_cat?post=18332"},{"taxonomy":"product_tag","embeddable":true,"href":"https:\/\/www.damac.it\/pl\/wp-json\/wp\/v2\/false?post=18332"},{"taxonomy":"proprietario","embeddable":true,"href":"https:\/\/www.damac.it\/pl\/wp-json\/wp\/v2\/proprietario?post=18332"}],"curies":[{"name":"wp","href":"https:\/\/api.w.org\/{rel}","templated":true}]}}