{"id":18436,"date":"2025-11-14T08:48:32","date_gmt":"2025-11-14T08:48:32","guid":{"rendered":"https:\/\/www.damac.it\/bez-kategorii\/gf-gordini-swc168\/"},"modified":"2026-04-08T08:43:31","modified_gmt":"2026-04-08T08:43:31","slug":"gf-gordini-swc168","status":"publish","type":"product","link":"https:\/\/www.damac.it\/pl\/szufle-do-zamiatarek\/gf-gordini-swc168-anguillara-sabazia\/","title":{"rendered":"GF GORDINI SX168"},"content":{"rendered":"\n<p>Profesjonalna zamiatarka <strong>GF Gordini SX168<\/strong> zosta\u0142a zaprojektowana z my\u015bl\u0105 o wysokiej wydajno\u015bci sprz\u0105tania plac\u00f3w, magazyn\u00f3w, teren\u00f3w przemys\u0142owych i powierzchni zewn\u0119trznych. Dzi\u0119ki solidnej konstrukcji i zintegrowanemu systemowi zbierania zapewnia wysok\u0105 wydajno\u015b\u0107 pracy nawet w intensywnych warunkach. <\/p>\n\n<p>Kompatybilna ze wszystkimi g\u0142\u00f3wnymi \u0142adowarkami o sterowaniu <strong>burtowym<\/strong>, zamiatarka ta zapewnia szybkie pod\u0142\u0105czenie, uproszczon\u0105 konserwacj\u0119 i r\u00f3wnomierne czyszczenie. Waga <strong>380 kg<\/strong> gwarantuje stabilno\u015b\u0107 operacyjn\u0105, a materia\u0142y o wysokiej wytrzyma\u0142o\u015bci przyczyniaj\u0105 si\u0119 do d\u0142ugiej \u017cywotno\u015bci. <\/p>\n\n<p>Maszyna posiada <strong>certyfikat CE<\/strong>, <strong>kart\u0119 katalog<\/strong>ow\u0105 i jest gotowa do u\u017cycia. Idealna dla firm budowlanych, logistycznych, gospodarstw rolnych, utrzymania dr\u00f3g i profesjonalnych us\u0142ug sprz\u0105tania. <\/p>\n\n<p>Dost\u0119pne w naszej siedzibie w <strong>Anguillara Sabazia (Rzym)<\/strong>. Mo\u017cliwo\u015b\u0107 transportu na terenie ca\u0142ych W\u0142och za po\u015brednictwem wyspecjalizowanych kurier\u00f3w. <\/p>\n\n<div class=\"wp-block-webfactory-map\"><div class=\"wp-block-webfactory-map\"><iframe title=\"Mapa\" width=\"100%\" height=\"380px\" src=\"https:\/\/www.google.com\/maps\/embed\/v1\/place?q=anguillara%20sabazia&amp;maptype=roadmap&amp;zoom=7&amp;key=AIzaSyCbpj9Ji_jwudUhfVpTXiPB79zpZZSDW8c\" frameborder=\"0\"><\/iframe><\/div><\/div>\n","protected":false},"excerpt":{"rendered":"<p class=\"p1\">Zamiatarki GF Gordini SX168 z 2025 r., kompatybilne z \u0142adowarkami o sterowaniu burtowym, 380 kg, z certyfikatem CE i w doskona\u0142ym stanie. Idealne do profesjonalnego sprz\u0105tania podw\u00f3rek, szop i teren\u00f3w przemys\u0142owych. Dost\u0119pne w Anguillara Sabazia, szybka dostawa  <\/p>\n","protected":false},"featured_media":18442,"template":"","meta":{"_acf_changed":false},"ubicazione_acf":[],"product_brand":[741],"product_cat":[742],"false":[749],"proprietario":[],"class_list":{"0":"post-18436","1":"product","2":"type-product","3":"status-publish","4":"has-post-thumbnail","6":"product_brand-gf-gordini","7":"product_cat-szufle-do-zamiatarek","8":"product_tag-pl","9":"pa_brand-gf-gordini","11":"first","12":"instock","13":"sale","14":"sold-individually","15":"shipping-taxable","16":"purchasable","17":"product-type-simple"},"acf":[],"_links":{"self":[{"href":"https:\/\/www.damac.it\/pl\/wp-json\/wp\/v2\/product\/18436","targetHints":{"allow":["GET"]}}],"collection":[{"href":"https:\/\/www.damac.it\/pl\/wp-json\/wp\/v2\/product"}],"about":[{"href":"https:\/\/www.damac.it\/pl\/wp-json\/wp\/v2\/types\/product"}],"wp:featuredmedia":[{"embeddable":true,"href":"https:\/\/www.damac.it\/pl\/wp-json\/wp\/v2\/media\/18442"}],"wp:attachment":[{"href":"https:\/\/www.damac.it\/pl\/wp-json\/wp\/v2\/media?parent=18436"}],"wp:term":[{"taxonomy":"ubicazione_acf","embeddable":true,"href":"https:\/\/www.damac.it\/pl\/wp-json\/wp\/v2\/ubicazione_acf?post=18436"},{"taxonomy":"product_brand","embeddable":true,"href":"https:\/\/www.damac.it\/pl\/wp-json\/wp\/v2\/product_brand?post=18436"},{"taxonomy":"product_cat","embeddable":true,"href":"https:\/\/www.damac.it\/pl\/wp-json\/wp\/v2\/product_cat?post=18436"},{"taxonomy":"product_tag","embeddable":true,"href":"https:\/\/www.damac.it\/pl\/wp-json\/wp\/v2\/false?post=18436"},{"taxonomy":"proprietario","embeddable":true,"href":"https:\/\/www.damac.it\/pl\/wp-json\/wp\/v2\/proprietario?post=18436"}],"curies":[{"name":"wp","href":"https:\/\/api.w.org\/{rel}","templated":true}]}}