{"id":18601,"date":"2025-11-16T15:59:15","date_gmt":"2025-11-16T15:59:15","guid":{"rendered":"https:\/\/www.damac.it\/bez-kategorii\/turchi-260f\/"},"modified":"2025-12-06T17:16:48","modified_gmt":"2025-12-06T17:16:48","slug":"turchi-260f","status":"publish","type":"product","link":"https:\/\/www.damac.it\/pl\/kafary-hydrauliczne\/turchi-260f-anguillara-sabazia\/","title":{"rendered":"TURCHI 260F"},"content":{"rendered":"\n<p><strong>Turchi 260F<\/strong> to kompaktowy, wydajny kafar hydrauliczny przeznaczony do profesjonalnego monta\u017cu pali w sektorze fotowoltaicznym, rolniczym i drogowym.<\/p>\n\n<p>Wyposa\u017cony w m\u0142ot <strong>INDECO o mocy 950 d\u017culi<\/strong> i silnik <strong>Yanmar 4TNV88 o mocy 35,4 kW<\/strong>, gwarantuje wysok\u0105 wydajno\u015b\u0107, maksymaln\u0105 precyzj\u0119 i ci\u0105g\u0142\u0105 produktywno\u015b\u0107 nawet w trudnych warunkach.<\/p>\n\n<p>Kompaktowa konstrukcja (1960 \u00d7 2350 \u00d7 2690 mm) i <strong>gumowe g<\/strong> \u0105sienice umo\u017cliwiaj\u0105 stabiln\u0105 prac\u0119 i zmniejszony wp\u0142yw na pod\u0142o\u017ce. Kolumna przechylna <strong>+10\u00b0 \/ -51\u00b0<\/strong> i regulacja boczna <strong>\u00b110\u00b0<\/strong> umo\u017cliwiaj\u0105 szybkie i idealne pozycjonowanie, skracaj\u0105c czas instalacji. <\/p>\n\n<p>Uk\u0142ad hydrauliczny w uk\u0142adzie otwartym, o nat\u0119\u017ceniu przep\u0142ywu <strong>60-90 l\/min<\/strong> i ci\u015bnieniu <strong>180 bar\u00f3w<\/strong>, zapewnia sta\u0142\u0105 moc i niezawodno\u015b\u0107 w czasie. Wszystkie komponenty posiadaj\u0105 certyfikat CE i zosta\u0142y zaprojektowane z my\u015bl\u0105 o intensywnym u\u017cytkowaniu. <\/p>\n\n<p>Nowa maszyna, gotowa do u\u017cycia, wraz z instrukcj\u0105 obs\u0142ugi i dokumentacj\u0105. Dost\u0119pne do obejrzenia i natychmiastowej dostawy. <\/p>\n","protected":false},"excerpt":{"rendered":"<p class=\"p1\">Nowy kafar hydrauliczny Turchi 260F, 950 J, silnik Yanmar 4TNV88 35,4 kW, m\u0142ot Indeco 440 kg, nachylenie kolumny +10\u00b0\/-51\u00b0, gumowe g\u0105sienice i kompaktowa konstrukcja. Profesjonalna maszyna idealna do ogrodze\u0144, fotowoltaiki i barierek ochronnych. Dost\u0119pna w kolorze Anguillara Sabazia.  <\/p>\n","protected":false},"featured_media":18605,"template":"","meta":{"_acf_changed":false},"ubicazione_acf":[],"product_brand":[599],"product_cat":[418],"false":[749],"proprietario":[],"class_list":{"0":"post-18601","1":"product","2":"type-product","3":"status-publish","4":"has-post-thumbnail","6":"product_brand-turchi","7":"product_cat-kafary-hydrauliczne","8":"product_tag-pl","9":"pa_brand-turchi","11":"first","12":"instock","13":"sold-individually","14":"shipping-taxable","15":"product-type-simple"},"acf":[],"_links":{"self":[{"href":"https:\/\/www.damac.it\/pl\/wp-json\/wp\/v2\/product\/18601","targetHints":{"allow":["GET"]}}],"collection":[{"href":"https:\/\/www.damac.it\/pl\/wp-json\/wp\/v2\/product"}],"about":[{"href":"https:\/\/www.damac.it\/pl\/wp-json\/wp\/v2\/types\/product"}],"wp:featuredmedia":[{"embeddable":true,"href":"https:\/\/www.damac.it\/pl\/wp-json\/wp\/v2\/media\/18605"}],"wp:attachment":[{"href":"https:\/\/www.damac.it\/pl\/wp-json\/wp\/v2\/media?parent=18601"}],"wp:term":[{"taxonomy":"ubicazione_acf","embeddable":true,"href":"https:\/\/www.damac.it\/pl\/wp-json\/wp\/v2\/ubicazione_acf?post=18601"},{"taxonomy":"product_brand","embeddable":true,"href":"https:\/\/www.damac.it\/pl\/wp-json\/wp\/v2\/product_brand?post=18601"},{"taxonomy":"product_cat","embeddable":true,"href":"https:\/\/www.damac.it\/pl\/wp-json\/wp\/v2\/product_cat?post=18601"},{"taxonomy":"product_tag","embeddable":true,"href":"https:\/\/www.damac.it\/pl\/wp-json\/wp\/v2\/false?post=18601"},{"taxonomy":"proprietario","embeddable":true,"href":"https:\/\/www.damac.it\/pl\/wp-json\/wp\/v2\/proprietario?post=18601"}],"curies":[{"name":"wp","href":"https:\/\/api.w.org\/{rel}","templated":true}]}}