{"id":18877,"date":"2025-11-21T15:15:08","date_gmt":"2025-11-21T15:15:08","guid":{"rendered":"https:\/\/www.damac.it\/bez-kategorii\/ihimer-40jx-2006\/"},"modified":"2026-04-08T08:44:56","modified_gmt":"2026-04-08T08:44:56","slug":"ihimer-40jx-2006","status":"publish","type":"product","link":"https:\/\/www.damac.it\/pl\/minikoparki\/ihimer-40jx-2006-anguillara-sabazia\/","title":{"rendered":"IHIMER 40JX"},"content":{"rendered":"\n<p><a href=\"https:\/\/www.damac.it\/pl\/minikoparki\/\">Minikopark\u0105<\/a> <strong>IHIMER 40JX<\/strong> jest kompaktow\u0105 i niezawodn\u0105 maszyn\u0105, zaprojektowan\u0105 do zapewnienia doskona\u0142ych osi\u0105g\u00f3w na placach budowy drogowej, budowlanej i rolniczej. Dzi\u0119ki masie operacyjnej wynosz\u0105cej <strong>4390 kg<\/strong> oraz solidnej konstrukcji gwarantuje stabilno\u015b\u0107, precyzj\u0119 i wydajno\u015b\u0107 nawet przy najbardziej wymagaj\u0105cych pracach. <\/p>\n\n<p>Ten model z <strong>2006 roku<\/strong> jest w dobrym stanie og\u00f3lnym, z <strong>5542 godzinami pracy<\/strong>, zamkni\u0119t\u0105 kabin\u0105 zapewniaj\u0105c\u0105 optymalny komfort, <strong>nowymi g\u0105sienicami gumowymi w 100%<\/strong>, ju\u017c zainstalowan\u0105 instalacj\u0105 m\u0142ota oraz do\u0142\u0105czon\u0105 <a href=\"https:\/\/www.damac.it\/pl\/akcesoria\/\">\u0142y\u017ck\u0105<\/a> do kopania. Monolityczne rami\u0119 zapewnia si\u0142\u0119 i precyzj\u0119 ruch\u00f3w, a przedni lemiesz czyni go idealnym r\u00f3wnie\u017c do prac niwelacyjnych i porz\u0105dkowych. <\/p>\n\n<p>Wysy\u0142amy na terenie ca\u0142ych W\u0142och i za granic\u0119 za po\u015brednictwem wyspecjalizowanych przewo\u017anik\u00f3w i oferujemy wsparcie techniczne przed i po sprzeda\u017cy. Podobnie jak wszystkie maszyny DAMAC, ten IHIMER 40JX zosta\u0142 sprawdzony i przetestowany przed wydaniem, aby zapewni\u0107 niezawodno\u015b\u0107 i bezpiecze\u0144stwo. <\/p>\n\n<div class=\"wp-block-webfactory-map\"><div class=\"wp-block-webfactory-map\"><iframe title=\"Mapa\" width=\"100%\" height=\"380px\" src=\"https:\/\/www.google.com\/maps\/embed\/v1\/place?q=anguillara%20sabazia&amp;maptype=roadmap&amp;zoom=7&amp;key=AIzaSyCbpj9Ji_jwudUhfVpTXiPB79zpZZSDW8c\" frameborder=\"0\"><\/iframe><\/div><\/div>\n","protected":false},"excerpt":{"rendered":"<p>Minikoparka IHIMER 40JX z 2006 roku, 4 390 kg, system m\u0142ota, lemiesz, zamkni\u0119ta kabina i 100% nowe gumowe g\u0105sienice. Maszyna przetestowana i gotowa do pracy. <\/p>\n","protected":false},"featured_media":18878,"template":"","meta":{"_acf_changed":false},"ubicazione_acf":[],"product_brand":[771],"product_cat":[413],"false":[749],"proprietario":[],"class_list":{"0":"post-18877","1":"product","2":"type-product","3":"status-publish","4":"has-post-thumbnail","6":"product_brand-ihimer","7":"product_cat-minikoparki","8":"product_tag-pl","9":"pa_brand-ihimer","11":"first","12":"instock","13":"sale","14":"sold-individually","15":"shipping-taxable","16":"purchasable","17":"product-type-simple"},"acf":[],"_links":{"self":[{"href":"https:\/\/www.damac.it\/pl\/wp-json\/wp\/v2\/product\/18877","targetHints":{"allow":["GET"]}}],"collection":[{"href":"https:\/\/www.damac.it\/pl\/wp-json\/wp\/v2\/product"}],"about":[{"href":"https:\/\/www.damac.it\/pl\/wp-json\/wp\/v2\/types\/product"}],"wp:featuredmedia":[{"embeddable":true,"href":"https:\/\/www.damac.it\/pl\/wp-json\/wp\/v2\/media\/18878"}],"wp:attachment":[{"href":"https:\/\/www.damac.it\/pl\/wp-json\/wp\/v2\/media?parent=18877"}],"wp:term":[{"taxonomy":"ubicazione_acf","embeddable":true,"href":"https:\/\/www.damac.it\/pl\/wp-json\/wp\/v2\/ubicazione_acf?post=18877"},{"taxonomy":"product_brand","embeddable":true,"href":"https:\/\/www.damac.it\/pl\/wp-json\/wp\/v2\/product_brand?post=18877"},{"taxonomy":"product_cat","embeddable":true,"href":"https:\/\/www.damac.it\/pl\/wp-json\/wp\/v2\/product_cat?post=18877"},{"taxonomy":"product_tag","embeddable":true,"href":"https:\/\/www.damac.it\/pl\/wp-json\/wp\/v2\/false?post=18877"},{"taxonomy":"proprietario","embeddable":true,"href":"https:\/\/www.damac.it\/pl\/wp-json\/wp\/v2\/proprietario?post=18877"}],"curies":[{"name":"wp","href":"https:\/\/api.w.org\/{rel}","templated":true}]}}