{"id":19473,"date":"2025-11-12T11:19:40","date_gmt":"2025-11-12T11:19:40","guid":{"rendered":"https:\/\/www.damac.it\/bez-kategorii\/__trashed-9\/"},"modified":"2026-04-08T08:44:56","modified_gmt":"2026-04-08T08:44:56","slug":"piaggio-ribaltabile-trilaterale","status":"publish","type":"product","link":"https:\/\/www.damac.it\/pl\/wywrotki\/piaggio-ribaltabile-trilaterale-anguillara-sabazia\/","title":{"rendered":"EFFEDI TSHT35 CB"},"content":{"rendered":"\n<p><strong>Wywrotka tr\u00f3jstronna EFFEDI TSHT35CB 2006<\/strong> to kompaktowa i niezawodna ci\u0119\u017car\u00f3wka zaprojektowana dla tych, kt\u00f3rzy codziennie pracuj\u0105 w budownictwie miejskim, konserwacji i lekkim transporcie. Dzi\u0119ki silnikowi o mocy <strong>56 kW<\/strong> oferuje dobr\u0105 si\u0142\u0119 ci\u0105gu nawet przy pe\u0142nym obci\u0105\u017ceniu, przy jednoczesnym zachowaniu niskiego zu\u017cycia paliwa i \u0142atwej obs\u0142ugi. <strong>\u0141adowno\u015b\u0107 1500 kg<\/strong> i kompaktowe wymiary <strong>4800\u00d71700 mm<\/strong> pozwalaj\u0105 na zwinne poruszanie si\u0119 nawet w najcia\u015bniejszych miejscach, bez po\u015bwi\u0119cania wydajno\u015bci operacyjnej.  <\/p>\n\n<p>Jego prawdziw\u0105 si\u0142\u0105 jest <strong>tr\u00f3jstronny<\/strong> system <strong>wywrotu<\/strong>, kt\u00f3ry umo\u017cliwia roz\u0142adunek z prawej, lewej lub tylnej strony bez skomplikowanych manewr\u00f3w. Optymalizuje to czas pracy i zapewnia wi\u0119ksze bezpiecze\u0144stwo w obszarze roboczym. Dla firm budowlanych, us\u0142ug komunalnych, utrzymania zieleni i profesjonalnego transportu, wywrotka Effedi jest prawdziwym wyborem: prosta w obs\u0142udze, ekonomiczna w utrzymaniu i idealna do codziennej pracy.  <\/p>\n\n<p>Jako <strong>wybrany<\/strong> model u\u017cywany, pojazd ten jest dostarczany z <strong>tablicami rejestracyjnymi i rejestracj\u0105<\/strong>, a zatem jest gotowy do natychmiastowego u\u017cycia. R\u0119czna skrzynia bieg\u00f3w pozwala utrzyma\u0107 niskie koszty utrzymania i zapewnia bezpo\u015bredni\u0105 kontrol\u0119 podczas jazdy i za\u0142adunku. Solidna konstrukcja i niezb\u0119dna mechanika sprawiaj\u0105, \u017ce jest to trwa\u0142y pojazd, idealny jako wsparcie firmy lub g\u0142\u00f3wny pojazd do lokalnych dzia\u0142a\u0144.  <\/p>\n\n<div class=\"wp-block-webfactory-map\"><div class=\"wp-block-webfactory-map\"><iframe title=\"Mapa\" width=\"100%\" height=\"380px\" src=\"https:\/\/www.google.com\/maps\/embed\/v1\/place?q=anguillara%20sabazia&amp;maptype=roadmap&amp;zoom=7&amp;key=AIzaSyCbpj9Ji_jwudUhfVpTXiPB79zpZZSDW8c\" frameborder=\"0\"><\/iframe><\/div><\/div>\n","protected":false},"excerpt":{"rendered":"<p>Wywrotka tr\u00f3jstronna Effedi TSHT35 CB 2006, \u0142adowno\u015b\u0107 1500 kg, silnik Mitsubishi 56 kW, wywrotka tr\u00f3jstronna. Idealna do prac budowlanych, konserwacji miejskiej i logistyki. Wybrany przez DAMAC, u\u017cywany, przetestowany i gotowy do u\u017cycia.  <\/p>\n","protected":false},"featured_media":19483,"template":"","meta":{"_acf_changed":false},"ubicazione_acf":[],"product_brand":[849],"product_cat":[502],"false":[749],"proprietario":[],"class_list":{"0":"post-19473","1":"product","2":"type-product","3":"status-publish","4":"has-post-thumbnail","6":"product_brand-effedi","7":"product_cat-wywrotki","8":"product_tag-pl","9":"pa_brand-effedi","11":"first","12":"instock","13":"sold-individually","14":"shipping-taxable","15":"purchasable","16":"product-type-simple"},"acf":[],"_links":{"self":[{"href":"https:\/\/www.damac.it\/pl\/wp-json\/wp\/v2\/product\/19473","targetHints":{"allow":["GET"]}}],"collection":[{"href":"https:\/\/www.damac.it\/pl\/wp-json\/wp\/v2\/product"}],"about":[{"href":"https:\/\/www.damac.it\/pl\/wp-json\/wp\/v2\/types\/product"}],"wp:featuredmedia":[{"embeddable":true,"href":"https:\/\/www.damac.it\/pl\/wp-json\/wp\/v2\/media\/19483"}],"wp:attachment":[{"href":"https:\/\/www.damac.it\/pl\/wp-json\/wp\/v2\/media?parent=19473"}],"wp:term":[{"taxonomy":"ubicazione_acf","embeddable":true,"href":"https:\/\/www.damac.it\/pl\/wp-json\/wp\/v2\/ubicazione_acf?post=19473"},{"taxonomy":"product_brand","embeddable":true,"href":"https:\/\/www.damac.it\/pl\/wp-json\/wp\/v2\/product_brand?post=19473"},{"taxonomy":"product_cat","embeddable":true,"href":"https:\/\/www.damac.it\/pl\/wp-json\/wp\/v2\/product_cat?post=19473"},{"taxonomy":"product_tag","embeddable":true,"href":"https:\/\/www.damac.it\/pl\/wp-json\/wp\/v2\/false?post=19473"},{"taxonomy":"proprietario","embeddable":true,"href":"https:\/\/www.damac.it\/pl\/wp-json\/wp\/v2\/proprietario?post=19473"}],"curies":[{"name":"wp","href":"https:\/\/api.w.org\/{rel}","templated":true}]}}