{"id":19556,"date":"2025-11-25T12:20:50","date_gmt":"2025-11-25T12:20:50","guid":{"rendered":"https:\/\/www.damac.it\/bez-kategorii\/rampe-damac-ra-190x40\/"},"modified":"2026-04-08T08:39:20","modified_gmt":"2026-04-08T08:39:20","slug":"rampe-damac-ra-190x40","status":"publish","type":"product","link":"https:\/\/www.damac.it\/pl\/rampy\/rampe-damac-ra-190x40-anguillara-sabazia\/","title":{"rendered":"Rampy za\u0142adunkowe 190&#215;40"},"content":{"rendered":"\n<p><strong>Aluminiowe rampy za\u0142adunkowe 190X40<\/strong>, idealne do za\u0142adunku i roz\u0142adunku pojazd\u00f3w ko\u0142owych, takich jak <a href=\"https:\/\/www.damac.it\/pl\/miniladowarki\/\">mini\u0142adowarki<\/a>, kompaktowe <a href=\"https:\/\/www.damac.it\/pl\/minikoparki\/\">minikoparki<\/a> i ma\u0142e transportery.<\/p>\n\n<p>Wykonane z wytrzyma\u0142ego stopu lekkiego, gwarantuj\u0105 <strong>stabilno\u015b\u0107, bezpiecze\u0144stwo i d\u0142ug\u0105 \u017cywotno\u015b\u0107<\/strong>.<\/p>\n\n<p><strong>G\u0142\u00f3wne parametry techniczne:<\/strong><\/p>\n\n<ul class=\"wp-block-list\">\n<li><strong>Ca\u0142kowita d\u0142ugo\u015b\u0107:<\/strong> 4000 mm<\/li>\n\n\n\n<li><strong>Waga pary:<\/strong> 150 kg<\/li>\n\n\n\n<li><strong>Sprowadzony do pary:<\/strong>\n<ul class=\"wp-block-list\">\n<li>Rozstaw osi 1 500 mm \u2192 <strong>10 600 kg<\/strong><\/li>\n\n\n\n<li>Rozstaw osi 2 000 mm \u2192 <strong>12 150 kg<\/strong><\/li>\n<\/ul>\n<\/li>\n\n\n\n<li><strong>Szeroko\u015b\u0107 wewn\u0119trzna:<\/strong> 500 mm<\/li>\n\n\n\n<li><strong>Szeroko\u015b\u0107 zewn\u0119trzna:<\/strong> 562 mm<\/li>\n\n\n\n<li><strong>Wysoko\u015b\u0107 kraw\u0119dzi bocznej:<\/strong> 40 mm<\/li>\n\n\n\n<li><strong>Numer seryjny:<\/strong> 28721<\/li>\n\n\n\n<li><strong>Rok produkcji:<\/strong> 2025<\/li>\n\n\n\n<li><strong>Certyfikat CE:<\/strong> Tak<\/li>\n<\/ul>\n\n<p><strong>Ostrze\u017cenia dotycz\u0105ce u\u017cytkowania<\/strong>:<\/p>\n\n<p>Wszelkie modyfikacje konstrukcyjne ramp s\u0105 zabronione.<br\/>Nie u\u017cywa\u0107 do za\u0142adunku maszyn z \u017celaznymi g\u0105sienicami lub metalowymi ko\u0142ami.<br\/>Unika\u0107 u\u017cywania w ekstremalnie niskich temperaturach z obci\u0105\u017ceniami bliskimi maksymalnego limitu.<\/p>\n\n<div class=\"wp-block-webfactory-map\"><div class=\"wp-block-webfactory-map\"><iframe title=\"Mapa\" width=\"100%\" height=\"380px\" src=\"https:\/\/www.google.com\/maps\/embed\/v1\/place?q=anguillara%20sabazia&amp;maptype=roadmap&amp;zoom=7&amp;key=AIzaSyCbpj9Ji_jwudUhfVpTXiPB79zpZZSDW8c\" frameborder=\"0\"><\/iframe><\/div><\/div>\n","protected":false},"excerpt":{"rendered":"<p>Aluminiowe rampy za\u0142adunkowe 190\u00d740, d\u0142ugo\u015b\u0107 4 m, no\u015bno\u015b\u0107 do 12 150 kg na par\u0119. Idealne dla mini\u0142adowarek, minikoparek i pojazd\u00f3w ko\u0142owych. Lekkie, wytrzyma\u0142e, z certyfikatem CE i profesjonalnym wsparciem DAMAC.  <\/p>\n","protected":false},"featured_media":18337,"template":"","meta":{"_acf_changed":false},"ubicazione_acf":[],"product_brand":[723],"product_cat":[724],"false":[749],"proprietario":[],"class_list":{"0":"post-19556","1":"product","2":"type-product","3":"status-publish","4":"has-post-thumbnail","6":"product_brand-damac","7":"product_cat-rampy","8":"product_tag-pl","9":"pa_brand-damac","11":"first","12":"instock","13":"sale","14":"sold-individually","15":"shipping-taxable","16":"purchasable","17":"product-type-simple"},"acf":[],"_links":{"self":[{"href":"https:\/\/www.damac.it\/pl\/wp-json\/wp\/v2\/product\/19556","targetHints":{"allow":["GET"]}}],"collection":[{"href":"https:\/\/www.damac.it\/pl\/wp-json\/wp\/v2\/product"}],"about":[{"href":"https:\/\/www.damac.it\/pl\/wp-json\/wp\/v2\/types\/product"}],"wp:featuredmedia":[{"embeddable":true,"href":"https:\/\/www.damac.it\/pl\/wp-json\/wp\/v2\/media\/18337"}],"wp:attachment":[{"href":"https:\/\/www.damac.it\/pl\/wp-json\/wp\/v2\/media?parent=19556"}],"wp:term":[{"taxonomy":"ubicazione_acf","embeddable":true,"href":"https:\/\/www.damac.it\/pl\/wp-json\/wp\/v2\/ubicazione_acf?post=19556"},{"taxonomy":"product_brand","embeddable":true,"href":"https:\/\/www.damac.it\/pl\/wp-json\/wp\/v2\/product_brand?post=19556"},{"taxonomy":"product_cat","embeddable":true,"href":"https:\/\/www.damac.it\/pl\/wp-json\/wp\/v2\/product_cat?post=19556"},{"taxonomy":"product_tag","embeddable":true,"href":"https:\/\/www.damac.it\/pl\/wp-json\/wp\/v2\/false?post=19556"},{"taxonomy":"proprietario","embeddable":true,"href":"https:\/\/www.damac.it\/pl\/wp-json\/wp\/v2\/proprietario?post=19556"}],"curies":[{"name":"wp","href":"https:\/\/api.w.org\/{rel}","templated":true}]}}