{"id":19679,"date":"2025-11-25T17:52:30","date_gmt":"2025-11-25T17:52:30","guid":{"rendered":"https:\/\/www.damac.it\/bez-kategorii\/gf-gordini-bc250sk\/"},"modified":"2026-04-08T08:35:18","modified_gmt":"2026-04-08T08:35:18","slug":"gf-gordini-bc250sk","status":"publish","type":"product","link":"https:\/\/www.damac.it\/pl\/wiadra-do-mieszania\/gf-gordini-bc250sk-anguillara-sabazia\/","title":{"rendered":"GF GORDINI BC250SK"},"content":{"rendered":"\n<p><strong>\u0141y\u017cka do<\/strong> betonu <strong>GF GORDINI BC250SK<\/strong> zosta\u0142a zaprojektowana do szybkiego i niezawodnego wytwarzania betonu na miejscu, optymalizuj\u0105c czas pracy i zmniejszaj\u0105c koszty materia\u0142\u00f3w. Dzi\u0119ki <strong>pojemno\u015bci 250 litr\u00f3w<\/strong> i \u015blimakowi, kt\u00f3ry popycha mieszank\u0119 w kierunku \u015brodka, maszyna gwarantuje jednorodne i sta\u0142e mieszanie. <strong>Szeroko\u015b\u0107 \u0142y\u017cki 1250 mm<\/strong> i <strong>szeroko\u015b\u0107 ca\u0142kowita 1390<\/strong> mm sprawiaj\u0105, \u017ce jest ona kompatybilna z szerok\u0105 gam\u0105 \u0142adowarek o sterowaniu burtowym, oferuj\u0105c wysok\u0105 wydajno\u015b\u0107 nawet w ciasnych przestrzeniach i na miejskich placach budowy.  <\/p>\n\n<p><strong>Hydraulicznie otwierany centralny<\/strong> system wy\u0142adowczy umo\u017cliwia czyst\u0105 i precyzyjn\u0105 prac\u0119, kieruj\u0105c strumie\u0144 za pomoc\u0105 dostarczonego w\u0119\u017ca. Konstrukcja wykonana jest z najwy\u017cszej jako\u015bci materia\u0142\u00f3w: \u015blimak <strong>Hardox 450<\/strong> zapewnia odporno\u015b\u0107 na zu\u017cycie, a <strong>podstawa Strenx<\/strong> 700 zachowuje sztywno\u015b\u0107 i trwa\u0142o\u015b\u0107 nawet przy intensywnych cyklach pracy. Przy zalecanym nat\u0119\u017ceniu przep\u0142ywu oleju <strong>25-40 l\/min<\/strong> i ci\u015bnieniu <strong>170-200 bar\u00f3w<\/strong>, BC 250 SK dzia\u0142a nieprzerwanie i wymaga niewielkiej konserwacji dzi\u0119ki systemowi napinania \u0142a\u0144cucha.  <\/p>\n\n<p>Masa w\u0142asna <strong>325<\/strong> <strong>kg<\/strong> i masa ca\u0142kowita <strong>925 kg<\/strong> przy maksymalnym ud\u017awigu gwarantuj\u0105 solidno\u015b\u0107 konstrukcji i stabilno\u015b\u0107 podczas u\u017cytkowania. <strong>Przykr\u0119cane, wymienne \u0142y\u017cki<\/strong> wraz z wymienn\u0105 p\u0142yt\u0105 mocuj\u0105c\u0105 sprawiaj\u0105, \u017ce model ten jest szczeg\u00f3lnie wszechstronny dla flot firmowych i wypo\u017cyczalni. BC 250 SK to idealna \u0142y\u017cka dla firm budowlanych, urbanistycznych, konserwacyjnych i drogowych, kt\u00f3re potrzebuj\u0105 wydajnej i trwa\u0142ej maszyny do produkcji betonu bezpo\u015brednio na placu budowy.  <\/p>\n\n<div class=\"wp-block-webfactory-map\"><div class=\"wp-block-webfactory-map\"><iframe title=\"Mapa\" width=\"100%\" height=\"380px\" src=\"https:\/\/www.google.com\/maps\/embed\/v1\/place?q=anguillara%20sabazia&amp;maptype=roadmap&amp;zoom=7&amp;key=AIzaSyCbpj9Ji_jwudUhfVpTXiPB79zpZZSDW8c\" frameborder=\"0\"><\/iframe><\/div><\/div>\n","protected":false},"excerpt":{"rendered":"<p>BC 250 SK 250-litrowa \u0142y\u017cka mieszaj\u0105ca z hydraulicznym roz\u0142adunkiem centralnym, dnem Hardox 450 i Strenx 700. Idealna do \u0142adowarek o sterowaniu burtowym, trwa\u0142a i precyzyjna do produkcji cementu na miejscu. <\/p>\n","protected":false},"featured_media":19680,"template":"","meta":{"_acf_changed":false},"ubicazione_acf":[],"product_brand":[741],"product_cat":[789],"false":[749],"proprietario":[],"class_list":{"0":"post-19679","1":"product","2":"type-product","3":"status-publish","4":"has-post-thumbnail","6":"product_brand-gf-gordini","7":"product_cat-wiadra-do-mieszania","8":"product_tag-pl","9":"pa_brand-gf-gordini","11":"first","12":"instock","13":"sold-individually","14":"shipping-taxable","15":"purchasable","16":"product-type-simple"},"acf":[],"_links":{"self":[{"href":"https:\/\/www.damac.it\/pl\/wp-json\/wp\/v2\/product\/19679","targetHints":{"allow":["GET"]}}],"collection":[{"href":"https:\/\/www.damac.it\/pl\/wp-json\/wp\/v2\/product"}],"about":[{"href":"https:\/\/www.damac.it\/pl\/wp-json\/wp\/v2\/types\/product"}],"wp:featuredmedia":[{"embeddable":true,"href":"https:\/\/www.damac.it\/pl\/wp-json\/wp\/v2\/media\/19680"}],"wp:attachment":[{"href":"https:\/\/www.damac.it\/pl\/wp-json\/wp\/v2\/media?parent=19679"}],"wp:term":[{"taxonomy":"ubicazione_acf","embeddable":true,"href":"https:\/\/www.damac.it\/pl\/wp-json\/wp\/v2\/ubicazione_acf?post=19679"},{"taxonomy":"product_brand","embeddable":true,"href":"https:\/\/www.damac.it\/pl\/wp-json\/wp\/v2\/product_brand?post=19679"},{"taxonomy":"product_cat","embeddable":true,"href":"https:\/\/www.damac.it\/pl\/wp-json\/wp\/v2\/product_cat?post=19679"},{"taxonomy":"product_tag","embeddable":true,"href":"https:\/\/www.damac.it\/pl\/wp-json\/wp\/v2\/false?post=19679"},{"taxonomy":"proprietario","embeddable":true,"href":"https:\/\/www.damac.it\/pl\/wp-json\/wp\/v2\/proprietario?post=19679"}],"curies":[{"name":"wp","href":"https:\/\/api.w.org\/{rel}","templated":true}]}}