{"id":20199,"date":"2025-11-26T19:04:58","date_gmt":"2025-11-26T19:04:58","guid":{"rendered":"https:\/\/www.damac.it\/bez-kategorii\/container-lux\/"},"modified":"2026-03-21T13:59:35","modified_gmt":"2026-03-21T13:59:35","slug":"container-lux","status":"publish","type":"product","link":"https:\/\/www.damac.it\/pl\/kontener\/container-lux\/","title":{"rendered":"LUX CONTAINER 6M"},"content":{"rendered":"\n<p><strong>LUX CONTAINER<\/strong> to nowoczesne, wielofunkcyjne rozwi\u0105zanie zaprojektowane z my\u015bl\u0105 o tych, kt\u00f3rzy potrzebuj\u0105 wszechstronnych i natychmiastowych przestrzeni operacyjnych. Dzi\u0119ki zaawansowanym technologiom projektowania i mo\u017cliwo\u015bci dostosowania do r\u00f3\u017cnych kontekst\u00f3w zawodowych, ten mobilny kontener mo\u017ce by\u0107 u\u017cywany jako salon wystawowy, gabinet lekarski, tymczasowe biuro, punkt gastronomiczny lub przestrze\u0144 dydaktyczna. Konstrukcja wykonana jest z wysokiej jako\u015bci materia\u0142\u00f3w, kt\u00f3re zapewniaj\u0105 <strong>wysok\u0105 izolacj\u0119 termiczn\u0105 i akustyczn\u0105<\/strong>, zapewniaj\u0105c komfort o ka\u017cdej porze roku i profesjonalne wra\u017cenia u\u017cytkownika. Wn\u0119trza zaprojektowano z my\u015bl\u0105 o ergonomii i funkcjonalno\u015bci, \u0142\u0105cz\u0105c nowoczesny design, praktyczno\u015b\u0107 i dobrze rozplanowane przestrzenie przeznaczone do codziennej pracy.   <\/p>\n\n<p>Produkcja LUX CONTAINER rozpoczyna si\u0119 od szczeg\u00f3\u0142owej analizy wymaga\u0144 klienta. Ka\u017cdy projekt jest opracowywany w spos\u00f3b zindywidualizowany, okre\u015blaj\u0105c konfiguracje, wyposa\u017cenie i parametry techniczne zgodnie z przeznaczeniem. Konstrukcja stalowa jest montowana w kontrolowanych warunkach, zapewniaj\u0105c <strong>precyzj\u0119, trwa\u0142o\u015b\u0107 i wysokie standardy jako\u015bci.<\/strong> \u015aciany, pod\u0142ogi i sufity s\u0105 produkowane w celu zapewnienia solidno\u015bci, izolacji i doskona\u0142ego zarz\u0105dzania przestrzeni\u0105.   <\/p>\n\n<p>Przed dostaw\u0105 ka\u017cdy kontener przechodzi testy techniczne i kontrole jako\u015bci. Produkcja na zam\u00f3wienie umo\u017cliwia dostosowanie okien, drzwi, system\u00f3w elektrycznych, wyko\u0144czenia wn\u0119trz i ok\u0142adzin zewn\u0119trznych, oferuj\u0105c klientowi unikalny produkt reprezentuj\u0105cy jego mark\u0119. Modu\u0142owa konstrukcja kontenera LUX CONTAINER pozwala r\u00f3wnie\u017c na jego <strong>przysz\u0142\u0105<\/strong> rozbudow\u0119, co czyni go idealnym rozwi\u0105zaniem dla tych, kt\u00f3rzy potrzebuj\u0105 skalowalnego rozwi\u0105zania nadaj\u0105cego si\u0119 zar\u00f3wno do tymczasowego, jak i sta\u0142ego u\u017cytku.  <\/p>\n\n<p><\/p>\n","protected":false},"excerpt":{"rendered":"<p>Modu\u0142owe kontenery wielofunkcyjne przeznaczone do miejsc pracy, salon\u00f3w wystawowych, gabinet\u00f3w lekarskich, gastronomii i edukacji. Wysokiej jako\u015bci materia\u0142y, izolacja termiczna i akustyczna, konfigurowalne uk\u0142ady i produkcja na miar\u0119. Gotowe do tymczasowego lub sta\u0142ego u\u017cytku.  <\/p>\n","protected":false},"featured_media":20209,"template":"","meta":{"_acf_changed":false},"ubicazione_acf":[],"product_brand":[801],"product_cat":[802],"false":[749],"proprietario":[],"class_list":{"0":"post-20199","1":"product","2":"type-product","3":"status-publish","4":"has-post-thumbnail","6":"product_brand-pojemnik-lux","7":"product_cat-kontener","8":"product_tag-pl","9":"pa_brand-container-lux","11":"first","12":"instock","13":"shipping-taxable","14":"product-type-simple"},"acf":[],"_links":{"self":[{"href":"https:\/\/www.damac.it\/pl\/wp-json\/wp\/v2\/product\/20199","targetHints":{"allow":["GET"]}}],"collection":[{"href":"https:\/\/www.damac.it\/pl\/wp-json\/wp\/v2\/product"}],"about":[{"href":"https:\/\/www.damac.it\/pl\/wp-json\/wp\/v2\/types\/product"}],"wp:featuredmedia":[{"embeddable":true,"href":"https:\/\/www.damac.it\/pl\/wp-json\/wp\/v2\/media\/20209"}],"wp:attachment":[{"href":"https:\/\/www.damac.it\/pl\/wp-json\/wp\/v2\/media?parent=20199"}],"wp:term":[{"taxonomy":"ubicazione_acf","embeddable":true,"href":"https:\/\/www.damac.it\/pl\/wp-json\/wp\/v2\/ubicazione_acf?post=20199"},{"taxonomy":"product_brand","embeddable":true,"href":"https:\/\/www.damac.it\/pl\/wp-json\/wp\/v2\/product_brand?post=20199"},{"taxonomy":"product_cat","embeddable":true,"href":"https:\/\/www.damac.it\/pl\/wp-json\/wp\/v2\/product_cat?post=20199"},{"taxonomy":"product_tag","embeddable":true,"href":"https:\/\/www.damac.it\/pl\/wp-json\/wp\/v2\/false?post=20199"},{"taxonomy":"proprietario","embeddable":true,"href":"https:\/\/www.damac.it\/pl\/wp-json\/wp\/v2\/proprietario?post=20199"}],"curies":[{"name":"wp","href":"https:\/\/api.w.org\/{rel}","templated":true}]}}