{"id":20281,"date":"2025-11-27T15:11:26","date_gmt":"2025-11-27T15:11:26","guid":{"rendered":"https:\/\/www.damac.it\/bez-kategorii\/c4-a60\/"},"modified":"2026-04-08T08:32:17","modified_gmt":"2026-04-08T08:32:17","slug":"c4-a60","status":"publish","type":"product","link":"https:\/\/www.damac.it\/pl\/wykaszarki\/c4-a60-anguillara-sabazia\/","title":{"rendered":"C4 A60"},"content":{"rendered":"\n<p><strong>C4 A60<\/strong> to kompaktowa i wysoce wydajna kosiarka bijakowa, zaprojektowana dla <a href=\"https:\/\/www.damac.it\/pl\/minikoparki\/\">minikoparek<\/a> i do profesjonalnych prac przy utrzymaniu zieleni. Dzi\u0119ki szeroko\u015bci roboczej <strong>600 mm<\/strong> i wadze zaledwie <strong>105 kg<\/strong> oferuje idealn\u0105 r\u00f3wnowag\u0119 mi\u0119dzy zwrotno\u015bci\u0105 a wydajno\u015bci\u0105, umo\u017cliwiaj\u0105c prac\u0119 w trudnych warunkach lub obszarach miejskich bez utraty mocy. Rotor wyposa\u017cony w <strong>12 m\u0142otk\u00f3w<\/strong> pozwala radzi\u0107 sobie z lekk\u0105 ro\u015blinno\u015bci\u0105, zaro\u015blami i krzewami o <strong>\u015brednicy do 20 mm<\/strong>, zapewniaj\u0105c r\u00f3wnomierny efekt nawet przy g\u0119stym materiale.  <\/p>\n\n<p>System nap\u0119du bezpo\u015bredniego integruje silnik wewn\u0105trz maszyny, chroni\u0105c go przed wstrz\u0105sami i kolizjami. Obecno\u015b\u0107 skrzynki <strong>Fluidbox<\/strong> pozwala na bezpieczne zarz\u0105dzanie olejem, a zaw\u00f3r bezpiecze\u0144stwa przeciwwstrz\u0105sowy i os\u0142ony antykawitacyjne utrzymuj\u0105 sta\u0142\u0105 pr\u0119dko\u015b\u0107 obrotow\u0105 wirnika. Operator mo\u017ce pracowa\u0107 w wymagaj\u0105cych warunkach dzi\u0119ki <strong>samopoziomuj\u0105cemu<\/strong> wspornikowi, kt\u00f3ry pozwala kombajnowi dostosowa\u0107 si\u0119 do pod\u0142o\u017ca, zmniejszaj\u0105c wibracje i obci\u0105\u017cenia konstrukcyjne wysi\u0119gnika.  <\/p>\n\n<p><strong>C4 A60<\/strong> dzia\u0142a w zakresie hydraulicznym <strong>20-50 l\/min<\/strong> przy ci\u015bnieniu do <strong>200 bar\u00f3w<\/strong>, zapewniaj\u0105c kompatybilno\u015b\u0107 z wi\u0119kszo\u015bci\u0105 minikoparek. Regulowana rolka podporowa u\u0142atwia kontrol\u0119 wysoko\u015bci ci\u0119cia, a przednia os\u0142ona \u0142a\u0144cucha i tylna gumowa os\u0142ona przeciwzu\u017cyciowa zapewniaj\u0105 bezpiecze\u0144stwo pracy i trwa\u0142o\u015b\u0107. Certyfikat CE, instrukcja obs\u0142ugi i arkusz danych sprawiaj\u0105, \u017ce model A60 jest gotowy do u\u017cycia i zgodny z profesjonalnymi wymaganiami.  <\/p>\n\n<div class=\"wp-block-webfactory-map\"><div class=\"wp-block-webfactory-map\"><iframe title=\"Mapa\" width=\"100%\" height=\"380px\" src=\"https:\/\/www.google.com\/maps\/embed\/v1\/place?q=anguillara%20sabazia&amp;maptype=roadmap&amp;zoom=7&amp;key=AIzaSyCbpj9Ji_jwudUhfVpTXiPB79zpZZSDW8c\" frameborder=\"0\"><\/iframe><\/div><\/div>\n","protected":false},"excerpt":{"rendered":"<p>Kosa spalinowa C4 A60 do minikoparek, szeroko\u015b\u0107 robocza 600 mm, 12 m\u0142ot\u00f3w, hydraulika 20-50 l\/min przy 200 bar. Lekka, wydajna i posiadaj\u0105ca certyfikat CE. Idealna do piel\u0119gnacji zieleni, je\u017cyn i krzew\u00f3w do 20 mm.  <\/p>\n","protected":false},"featured_media":22001,"template":"","meta":{"_acf_changed":false},"ubicazione_acf":[],"product_brand":[815],"product_cat":[816],"false":[749],"proprietario":[],"class_list":{"0":"post-20281","1":"product","2":"type-product","3":"status-publish","4":"has-post-thumbnail","6":"product_brand-c4","7":"product_cat-wykaszarki","8":"product_tag-pl","9":"pa_brand-c4","11":"first","12":"instock","13":"sale","14":"sold-individually","15":"shipping-taxable","16":"purchasable","17":"product-type-simple"},"acf":[],"_links":{"self":[{"href":"https:\/\/www.damac.it\/pl\/wp-json\/wp\/v2\/product\/20281","targetHints":{"allow":["GET"]}}],"collection":[{"href":"https:\/\/www.damac.it\/pl\/wp-json\/wp\/v2\/product"}],"about":[{"href":"https:\/\/www.damac.it\/pl\/wp-json\/wp\/v2\/types\/product"}],"wp:featuredmedia":[{"embeddable":true,"href":"https:\/\/www.damac.it\/pl\/wp-json\/wp\/v2\/media\/22001"}],"wp:attachment":[{"href":"https:\/\/www.damac.it\/pl\/wp-json\/wp\/v2\/media?parent=20281"}],"wp:term":[{"taxonomy":"ubicazione_acf","embeddable":true,"href":"https:\/\/www.damac.it\/pl\/wp-json\/wp\/v2\/ubicazione_acf?post=20281"},{"taxonomy":"product_brand","embeddable":true,"href":"https:\/\/www.damac.it\/pl\/wp-json\/wp\/v2\/product_brand?post=20281"},{"taxonomy":"product_cat","embeddable":true,"href":"https:\/\/www.damac.it\/pl\/wp-json\/wp\/v2\/product_cat?post=20281"},{"taxonomy":"product_tag","embeddable":true,"href":"https:\/\/www.damac.it\/pl\/wp-json\/wp\/v2\/false?post=20281"},{"taxonomy":"proprietario","embeddable":true,"href":"https:\/\/www.damac.it\/pl\/wp-json\/wp\/v2\/proprietario?post=20281"}],"curies":[{"name":"wp","href":"https:\/\/api.w.org\/{rel}","templated":true}]}}