{"id":20811,"date":"2025-11-28T10:12:00","date_gmt":"2025-11-28T10:12:00","guid":{"rendered":"https:\/\/www.damac.it\/bez-kategorii\/c4-b90\/"},"modified":"2026-03-25T11:07:51","modified_gmt":"2026-03-25T11:07:51","slug":"c4-b90","status":"publish","type":"product","link":"https:\/\/www.damac.it\/pl\/wykaszarki\/c4-b90-anguillara-sabazia\/","title":{"rendered":"C4 B90"},"content":{"rendered":"\n<p><strong>C4 B90<\/strong> to profesjonalna kosiarka bijakowa zaprojektowana do osi\u0105gania wysokiej wydajno\u015bci na <strong><a href=\"https:\/\/www.damac.it\/pl\/minikoparki\/\">minikoparki<\/a> od 3 do 4 ton<\/strong>, idealna do pracy w le\u015bnictwie, rolnictwie oraz utrzymaniu teren\u00f3w zielonych w miastach. Dzi\u0119ki <strong>szeroko\u015bci koszenia wynosz\u0105cej 890 mm<\/strong> i solidnej konstrukcji jest idealna do piel\u0119gnacji \u017cywop\u0142ot\u00f3w, je\u017cyn i krzew\u00f3w \u015bredniej wielko\u015bci, gwarantuj\u0105c sta\u0142\u0105 prac\u0119 bez nadmiernych wibracji nawet w trudnych warunkach. Nap\u0119d bezpo\u015bredni z <strong>silnikiem wewn\u0119trznym chronionym przed uderzeniami i kolizjami<\/strong> zwi\u0119ksza niezawodno\u015b\u0107 maszyny, a wyposa\u017cenie w <strong>uszczelki wysokoci\u015bnieniowe<\/strong> zmniejsza wycieki i gwarantuje d\u0142ug\u0105 \u017cywotno\u015b\u0107.  <\/p>\n\n<p><strong>Zintegrowana skrzy<\/strong> nka hydrauliczna bezpiecznie zarz\u0105dza przep\u0142ywem oleju z koparki, z systemem antykawitacyjnym, zaworem nadmiarowym i regulacj\u0105 przep\u0142ywu w celu prawid\u0142owego ustawienia pr\u0119dko\u015bci wirnika. <strong>Wymienne p\u0142ozy przeciwzu\u017cyciowe<\/strong> i <strong>obudowa z podw\u00f3jnym dnem<\/strong> zapewniaj\u0105 wi\u0119ksz\u0105 wytrzyma\u0142o\u015b\u0107 i lepsz\u0105 obj\u0119to\u015b\u0107 skrawania, maksymalizuj\u0105c wydajno\u015b\u0107 pracy, zw\u0142aszcza na nier\u00f3wnym terenie. <\/p>\n\n<p>Rotor modelu C4 B90 mo\u017ce by\u0107 wyposa\u017cony w <strong>tr\u00f3jostrzowe no<\/strong> \u017ce zapewniaj\u0105ce drobniejsze rozdrabnianie i mniejsze zapotrzebowanie na moc lub w <strong>profesjonalne m\u0142otki<\/strong>, idealne do rozdrabniania <strong>ga\u0142\u0119zi i krzew\u00f3w o \u015brednicy do 50 mm<\/strong>.<strong>7-pozycyjne mocowanie siode\u0142ka<\/strong> umo\u017cliwia dostosowanie do r\u00f3\u017cnych konfiguracji roboczych. Jako\u015b\u0107 wykonania i obs\u0142uga sieci <strong>DAMAC<\/strong> sprawiaj\u0105, \u017ce B90 jest kompletnym rozwi\u0105zaniem, gotowym do natychmiastowego profesjonalnego zastosowania.  <\/p>\n\n<div class=\"wp-block-webfactory-map\"><div class=\"wp-block-webfactory-map\"><iframe title=\"Mapa\" width=\"100%\" height=\"380px\" src=\"https:\/\/www.google.com\/maps\/embed\/v1\/place?q=anguillara%20sabazia&amp;maptype=roadmap&amp;zoom=7&amp;key=AIzaSyCbpj9Ji_jwudUhfVpTXiPB79zpZZSDW8c\" frameborder=\"0\"><\/iframe><\/div><\/div>\n","protected":false},"excerpt":{"rendered":"<p><strong data-start=\"1838\" data-end=\"1848\">C4 B90<\/strong> to profesjonalna kosa do minikoparek 3-4 t, przygotowana do pracy z m\u0142otami. Szeroko\u015b\u0107 ci\u0119cia 890 mm, wysokowydajny wirnik i ochrona przed zu\u017cyciem. Idealna do piel\u0119gnacji zieleni, je\u017cyn i krzew\u00f3w do 50 mm. W komplecie z siode\u0142kiem i rurami.  <\/p>\n","protected":false},"featured_media":22034,"template":"","meta":{"_acf_changed":false},"ubicazione_acf":[],"product_brand":[815],"product_cat":[816],"false":[749],"proprietario":[],"class_list":{"0":"post-20811","1":"product","2":"type-product","3":"status-publish","4":"has-post-thumbnail","6":"product_brand-c4","7":"product_cat-wykaszarki","8":"product_tag-pl","9":"pa_brand-c4","11":"first","12":"instock","13":"sale","14":"sold-individually","15":"shipping-taxable","16":"purchasable","17":"product-type-simple"},"acf":[],"_links":{"self":[{"href":"https:\/\/www.damac.it\/pl\/wp-json\/wp\/v2\/product\/20811","targetHints":{"allow":["GET"]}}],"collection":[{"href":"https:\/\/www.damac.it\/pl\/wp-json\/wp\/v2\/product"}],"about":[{"href":"https:\/\/www.damac.it\/pl\/wp-json\/wp\/v2\/types\/product"}],"wp:featuredmedia":[{"embeddable":true,"href":"https:\/\/www.damac.it\/pl\/wp-json\/wp\/v2\/media\/22034"}],"wp:attachment":[{"href":"https:\/\/www.damac.it\/pl\/wp-json\/wp\/v2\/media?parent=20811"}],"wp:term":[{"taxonomy":"ubicazione_acf","embeddable":true,"href":"https:\/\/www.damac.it\/pl\/wp-json\/wp\/v2\/ubicazione_acf?post=20811"},{"taxonomy":"product_brand","embeddable":true,"href":"https:\/\/www.damac.it\/pl\/wp-json\/wp\/v2\/product_brand?post=20811"},{"taxonomy":"product_cat","embeddable":true,"href":"https:\/\/www.damac.it\/pl\/wp-json\/wp\/v2\/product_cat?post=20811"},{"taxonomy":"product_tag","embeddable":true,"href":"https:\/\/www.damac.it\/pl\/wp-json\/wp\/v2\/false?post=20811"},{"taxonomy":"proprietario","embeddable":true,"href":"https:\/\/www.damac.it\/pl\/wp-json\/wp\/v2\/proprietario?post=20811"}],"curies":[{"name":"wp","href":"https:\/\/api.w.org\/{rel}","templated":true}]}}