{"id":21086,"date":"2025-11-28T16:30:34","date_gmt":"2025-11-28T16:30:34","guid":{"rendered":"https:\/\/www.damac.it\/bez-kategorii\/jcb-8008cts\/"},"modified":"2026-04-08T09:14:20","modified_gmt":"2026-04-08T09:14:20","slug":"jcb-8008cts","status":"publish","type":"product","link":"https:\/\/www.damac.it\/pl\/minikoparki\/jcb-8008cts-foggia\/","title":{"rendered":"JCB 8008CTS"},"content":{"rendered":"\n<p><strong>JCB 8008CTS<\/strong> to kompaktowa <a href=\"https:\/\/www.damac.it\/pl\/minikoparki\/\">koparka minowa<\/a> zaprojektowana dla tych, kt\u00f3rzy potrzebuj\u0105 maksymalnej wydajno\u015bci w ograniczonych przestrzeniach bez rezygnacji z mocy. Przy masie operacyjnej zaledwie <strong>870 kg<\/strong>, solidnej konstrukcji i <em>zmiennym podwoziu<\/em>, \u0142atwo wpasowuje si\u0119 w place budowy miejskie, wn\u0119trza zak\u0142ad\u00f3w, profesjonalne prace ogrodnicze czy konserwacj\u0119 dr\u00f3g. Du\u017ca zdolno\u015b\u0107 robocza jest wspierana przez <strong>monolityczne rami\u0119<\/strong> i <strong>lemiesz przedni<\/strong>, kt\u00f3re gwarantuj\u0105 stabilno\u015b\u0107 i precyzj\u0119 podczas operacji kopania i niwelowania.  <\/p>\n\n<p>Wydajny silnik zapewnia sta\u0142\u0105 wydajno\u015b\u0107, a uk\u0142ad hydrauliczny zapewnia operatorowi p\u0142ynn\u0105 prac\u0119. <strong>Gumowe g<\/strong> \u0105sienice umo\u017cliwiaj\u0105 prac\u0119 na delikatnym terenie bez uszkadzania powierzchni, dzi\u0119ki czemu idealnie nadaje si\u0119 do pracy na dziedzi\u0144cach, terenach prywatnych lub bruku. <strong>Otwarta kabina<\/strong> zapewnia pe\u0142n\u0105 widoczno\u015b\u0107 i \u0142atwo\u015b\u0107 sterowania, zwi\u0119kszaj\u0105c bezpiecze\u0144stwo podczas pracy.  <\/p>\n\n<p>Questo esemplare del 2015 presenta\u00a0<strong>1200 ore di lavoro<\/strong>, condizioni generali buone e include\u00a0<strong><a href=\"https:\/\/www.damac.it\/pl\/akcesoria\/\">benna<\/a> da scavo<\/strong>\u00a0e\u00a0<strong>impianto martello<\/strong>, accessori fondamentali per allargare il range di operativit\u00e0. \u00c8 certificato CE e disponibile presso DAMAC a\u00a0<strong>Foggia<\/strong>, pronto per lavorare da subito. Chi sceglie un JCB 8008CTS investe in una macchina affidabile, facile da trasportare e ideale per imprese, artigiani e professionisti che puntano su prestazioni concrete e costi contenuti.<\/p>\n","protected":false},"excerpt":{"rendered":"<p>Minikoparka 2015 <strong data-start=\"1613\" data-end=\"1628\">JCB 8008CTS<\/strong> z 1200 godzinami pracy, zmiennym podwoziem, monolitycznym wysi\u0119gnikiem i systemem m\u0142ota. W zestawie gumowe g\u0105sienice i \u0142y\u017cka do kopania. Lekka, kompaktowa, z certyfikatem CE, idealna na ciasne place budowy i do prac konserwacyjnych. Dost\u0119pna w Foggii, gotowa do pracy.   <\/p>\n","protected":false},"featured_media":21103,"template":"","meta":{"_acf_changed":false},"ubicazione_acf":[],"product_brand":[346],"product_cat":[413],"false":[749],"proprietario":[],"class_list":{"0":"post-21086","1":"product","2":"type-product","3":"status-publish","4":"has-post-thumbnail","6":"product_brand-jcb","7":"product_cat-minikoparki","8":"product_tag-pl","9":"pa_brand-jcb","11":"first","12":"instock","13":"sold-individually","14":"shipping-taxable","15":"purchasable","16":"product-type-simple"},"acf":[],"_links":{"self":[{"href":"https:\/\/www.damac.it\/pl\/wp-json\/wp\/v2\/product\/21086","targetHints":{"allow":["GET"]}}],"collection":[{"href":"https:\/\/www.damac.it\/pl\/wp-json\/wp\/v2\/product"}],"about":[{"href":"https:\/\/www.damac.it\/pl\/wp-json\/wp\/v2\/types\/product"}],"wp:featuredmedia":[{"embeddable":true,"href":"https:\/\/www.damac.it\/pl\/wp-json\/wp\/v2\/media\/21103"}],"wp:attachment":[{"href":"https:\/\/www.damac.it\/pl\/wp-json\/wp\/v2\/media?parent=21086"}],"wp:term":[{"taxonomy":"ubicazione_acf","embeddable":true,"href":"https:\/\/www.damac.it\/pl\/wp-json\/wp\/v2\/ubicazione_acf?post=21086"},{"taxonomy":"product_brand","embeddable":true,"href":"https:\/\/www.damac.it\/pl\/wp-json\/wp\/v2\/product_brand?post=21086"},{"taxonomy":"product_cat","embeddable":true,"href":"https:\/\/www.damac.it\/pl\/wp-json\/wp\/v2\/product_cat?post=21086"},{"taxonomy":"product_tag","embeddable":true,"href":"https:\/\/www.damac.it\/pl\/wp-json\/wp\/v2\/false?post=21086"},{"taxonomy":"proprietario","embeddable":true,"href":"https:\/\/www.damac.it\/pl\/wp-json\/wp\/v2\/proprietario?post=21086"}],"curies":[{"name":"wp","href":"https:\/\/api.w.org\/{rel}","templated":true}]}}