{"id":21489,"date":"2025-12-01T12:45:44","date_gmt":"2025-12-01T12:45:44","guid":{"rendered":"https:\/\/www.damac.it\/bez-kategorii\/daewoo-solar-015-plus\/"},"modified":"2026-04-07T09:37:32","modified_gmt":"2026-04-07T09:37:32","slug":"daewoo-solar-015-plus","status":"publish","type":"product","link":"https:\/\/www.damac.it\/pl\/minikoparki\/daewoo-solar-015-plus-foggia\/","title":{"rendered":"DAEWOO SOLAR 015 PLUS"},"content":{"rendered":"\n<p><strong>Daewoo Solar 015 Plus<\/strong> to kompaktowa <a href=\"https:\/\/www.damac.it\/pl\/minikoparki\/\">minikoparka<\/a> zaprojektowana do zwinnej pracy w ciasnych przestrzeniach. Przy masie zaledwie <strong>1570 kg<\/strong> i sta\u0142ym podwoziu oferuje wyj\u0105tkow\u0105 manewrowo\u015b\u0107 i precyzyjn\u0105 kontrol\u0119, idealn\u0105 na miejskie place budowy, do prac drogowych i profesjonalnego ogrodnictwa. Monolityczne rami\u0119 zapewnia stabilno\u015b\u0107 nawet podczas g\u0142\u0119bokich wykop\u00f3w, a przedni lemiesz umo\u017cliwia szybkie niwelowanie i czyszczenie obszaru roboczego. <strong>Gumowe g\u0105sienice<\/strong> redukuj\u0105 wibracje i uszkodzenia pod\u0142o\u017ca, gwarantuj\u0105c sta\u0142\u0105 wydajno\u015b\u0107 na \u017cwirze, mi\u0119kkiej ziemi i delikatnych nawierzchniach.   <\/p>\n\n<p>Ta jednostka z 2005 roku z <strong>4000 godzin<\/strong> pracy jest wyposa\u017cona w otwart\u0105 kabin\u0119 zapewniaj\u0105c\u0105 widoczno\u015b\u0107 i komfort obs\u0142ugi. Dzi\u0119ki prostej, ale solidnej konfiguracji rutynowa konserwacja jest szybka i ekonomiczna, co jest bardzo cenione przez rzemie\u015blnik\u00f3w, wykonawc\u00f3w i gospodarstwa rolne. Do\u0142\u0105czona <strong>\u0142y\u017cka<\/strong> koparkowa umo\u017cliwia natychmiastowe u\u017cycie i sprawia, \u017ce Solar 015 Plus jest idealna do wykop\u00f3w o ma\u0142ej i \u015bredniej g\u0142\u0119boko\u015bci, uk\u0142adania rur i prac przygotowawczych.  <\/p>\n\n<p>Minikoparka posiada <strong>certyfikat CE<\/strong>, dokumentacj\u0119 i oryginalne podzespo\u0142y. Kompaktowa, niezawodna i wszechstronna. <\/p>\n\n<p><\/p>\n","protected":false},"excerpt":{"rendered":"<p>U\u017cywana minikoparka Daewoo Solar 015 Plus: 1570 kg, monolityczny wysi\u0119gnik, sta\u0142e podwozie i gumowe g\u0105sienice. 4000 godzin pracy, certyfikat CE i dwie \u0142y\u017cki kopi\u0105ce w zestawie. Idealna do kompaktowych plac\u00f3w budowy i szybkich prac.  <\/p>\n","protected":false},"featured_media":21495,"template":"","meta":{"_acf_changed":false},"ubicazione_acf":[],"product_brand":[829],"product_cat":[413],"false":[749],"proprietario":[],"class_list":{"0":"post-21489","1":"product","2":"type-product","3":"status-publish","4":"has-post-thumbnail","6":"product_brand-daewoo","7":"product_cat-minikoparki","8":"product_tag-pl","9":"pa_brand-daewoo","11":"first","12":"outofstock","13":"sold-individually","14":"shipping-taxable","15":"purchasable","16":"product-type-simple"},"acf":[],"_links":{"self":[{"href":"https:\/\/www.damac.it\/pl\/wp-json\/wp\/v2\/product\/21489","targetHints":{"allow":["GET"]}}],"collection":[{"href":"https:\/\/www.damac.it\/pl\/wp-json\/wp\/v2\/product"}],"about":[{"href":"https:\/\/www.damac.it\/pl\/wp-json\/wp\/v2\/types\/product"}],"wp:featuredmedia":[{"embeddable":true,"href":"https:\/\/www.damac.it\/pl\/wp-json\/wp\/v2\/media\/21495"}],"wp:attachment":[{"href":"https:\/\/www.damac.it\/pl\/wp-json\/wp\/v2\/media?parent=21489"}],"wp:term":[{"taxonomy":"ubicazione_acf","embeddable":true,"href":"https:\/\/www.damac.it\/pl\/wp-json\/wp\/v2\/ubicazione_acf?post=21489"},{"taxonomy":"product_brand","embeddable":true,"href":"https:\/\/www.damac.it\/pl\/wp-json\/wp\/v2\/product_brand?post=21489"},{"taxonomy":"product_cat","embeddable":true,"href":"https:\/\/www.damac.it\/pl\/wp-json\/wp\/v2\/product_cat?post=21489"},{"taxonomy":"product_tag","embeddable":true,"href":"https:\/\/www.damac.it\/pl\/wp-json\/wp\/v2\/false?post=21489"},{"taxonomy":"proprietario","embeddable":true,"href":"https:\/\/www.damac.it\/pl\/wp-json\/wp\/v2\/proprietario?post=21489"}],"curies":[{"name":"wp","href":"https:\/\/api.w.org\/{rel}","templated":true}]}}