{"id":21607,"date":"2025-12-01T17:11:32","date_gmt":"2025-12-01T17:11:32","guid":{"rendered":"https:\/\/www.damac.it\/bez-kategorii\/komatsu-ck20\/"},"modified":"2026-04-08T09:12:58","modified_gmt":"2026-04-08T09:12:58","slug":"komatsu-ck20","status":"publish","type":"product","link":"https:\/\/www.damac.it\/pl\/miniladowarki\/komatsu-ck20-anguillara-sabazia\/","title":{"rendered":"KOMATSU CK20"},"content":{"rendered":"\n<p><strong>Komatsu CK20<\/strong> to \u0142adowarka o sterowaniu burtowym zaprojektowana z my\u015bl\u0105 o zapewnieniu mocy i stabilno\u015bci w ka\u017cdym \u015brodowisku pracy. Dzi\u0119ki masie <strong>3600 kg<\/strong> i solidnemu uk\u0142adowi g\u0105sienic skutecznie pracuje na niestabilnym, b\u0142otnistym lub \u017cwirowym terenie, zapewniaj\u0105c sta\u0142\u0105 przyczepno\u015b\u0107 i bezpiecze\u0144stwo podczas za\u0142adunku i prze\u0142adunku. Silnik <strong>Komatsu 4D98E 2NFE o mocy 53 kW<\/strong> zapewnia si\u0142\u0119 ci\u0105gu i ci\u0105g\u0142o\u015b\u0107 pracy nawet pod obci\u0105\u017ceniem, umo\u017cliwiaj\u0105c maszynie radzenie sobie z intensywnymi zmianami bez utraty wydajno\u015bci. Otwarta kabina zapewnia bezpo\u015bredni\u0105 widoczno\u015b\u0107 obszar\u00f3w roboczych i u\u0142atwia szybkie manewry dzi\u0119ki intuicyjnemu sterowaniu i szybkiej reakcji uk\u0142adu hydraulicznego.   <\/p>\n\n<p>Ta jednostka <strong>z 2007 roku z 4024 godzinami<\/strong> pracy jest wyposa\u017cona w standardow\u0105 \u0142y\u017ck\u0119 i ma <strong>dwie pr\u0119dko\u015bci<\/strong>, popularn\u0105 funkcj\u0119 optymalizacji ruch\u00f3w na placu budowy i skr\u00f3cenia przestoj\u00f3w. Jej kompaktowa konstrukcja pozwala na prac\u0119 w przestrzeni miejskiej lub na ograniczonych obszarach, przy jednoczesnym zachowaniu wytrzyma\u0142o\u015bci wymaganej do wykonywania wykop\u00f3w, lekkich wyburze\u0144, przygotowywania terenu i przenoszenia palet lub kruszyw. Ca\u0142a maszyna posiada homologacj\u0119 typu <strong>WE z certyfikatem CE<\/strong>, tablic\u0105 rejestracyjn\u0105 i \u015bwiadectwem rejestracji.  <\/p>\n\n<p>Komatsu CK20 to warto\u015bciowy wyb\u00f3r dla firm i operator\u00f3w zajmuj\u0105cych si\u0119 robotami ziemnymi, budowlanymi, rolniczymi i konstrukcyjnymi, poszukuj\u0105cych <strong>niezawodnej, dobrze utrzymanej, serwisowanej i gotowej do pracy<\/strong> \u0142adowarki g\u0105sienicowej, zdolnej do zwi\u0119kszenia codziennej produktywno\u015bci przy jednoczesnym utrzymaniu niskich koszt\u00f3w eksploatacji.<\/p>\n\n<div class=\"wp-block-webfactory-map\"><div class=\"wp-block-webfactory-map\"><iframe title=\"Mapa\" width=\"100%\" height=\"380px\" src=\"https:\/\/www.google.com\/maps\/embed\/v1\/place?q=anguillara%20sabazia&amp;maptype=roadmap&amp;zoom=7&amp;key=AIzaSyCbpj9Ji_jwudUhfVpTXiPB79zpZZSDW8c\" frameborder=\"0\"><\/iframe><\/div><\/div>\n","protected":false},"excerpt":{"rendered":"<p>U\u017cywana \u0142adowarka g\u0105sienicowa <strong data-start=\"1798\" data-end=\"1814\">Komatsu CK20<\/strong>: 3600 kg, silnik 53 kW, podw\u00f3jna pr\u0119dko\u015b\u0107, standardowa \u0142y\u017cka. Przebieg 4023 godzin, certyfikat CE, tablica rejestracyjna i rejestracja. Mocna i stabilna do prac budowlanych i rob\u00f3t ziemnych.  <\/p>\n","protected":false},"featured_media":24092,"template":"","meta":{"_acf_changed":false},"ubicazione_acf":[],"product_brand":[611],"product_cat":[425],"false":[749],"proprietario":[],"class_list":{"0":"post-21607","1":"product","2":"type-product","3":"status-publish","4":"has-post-thumbnail","6":"product_brand-komatsu","7":"product_cat-miniladowarki","8":"product_tag-pl","9":"pa_brand-komatsu","11":"first","12":"instock","13":"sold-individually","14":"shipping-taxable","15":"purchasable","16":"product-type-simple"},"acf":[],"_links":{"self":[{"href":"https:\/\/www.damac.it\/pl\/wp-json\/wp\/v2\/product\/21607","targetHints":{"allow":["GET"]}}],"collection":[{"href":"https:\/\/www.damac.it\/pl\/wp-json\/wp\/v2\/product"}],"about":[{"href":"https:\/\/www.damac.it\/pl\/wp-json\/wp\/v2\/types\/product"}],"wp:featuredmedia":[{"embeddable":true,"href":"https:\/\/www.damac.it\/pl\/wp-json\/wp\/v2\/media\/24092"}],"wp:attachment":[{"href":"https:\/\/www.damac.it\/pl\/wp-json\/wp\/v2\/media?parent=21607"}],"wp:term":[{"taxonomy":"ubicazione_acf","embeddable":true,"href":"https:\/\/www.damac.it\/pl\/wp-json\/wp\/v2\/ubicazione_acf?post=21607"},{"taxonomy":"product_brand","embeddable":true,"href":"https:\/\/www.damac.it\/pl\/wp-json\/wp\/v2\/product_brand?post=21607"},{"taxonomy":"product_cat","embeddable":true,"href":"https:\/\/www.damac.it\/pl\/wp-json\/wp\/v2\/product_cat?post=21607"},{"taxonomy":"product_tag","embeddable":true,"href":"https:\/\/www.damac.it\/pl\/wp-json\/wp\/v2\/false?post=21607"},{"taxonomy":"proprietario","embeddable":true,"href":"https:\/\/www.damac.it\/pl\/wp-json\/wp\/v2\/proprietario?post=21607"}],"curies":[{"name":"wp","href":"https:\/\/api.w.org\/{rel}","templated":true}]}}