{"id":21849,"date":"2025-12-01T17:46:07","date_gmt":"2025-12-01T17:46:07","guid":{"rendered":"https:\/\/www.damac.it\/bez-kategorii\/jcb-803-super\/"},"modified":"2026-01-05T14:55:48","modified_gmt":"2026-01-05T14:55:48","slug":"jcb-803-super","status":"publish","type":"product","link":"https:\/\/www.damac.it\/pl\/minikoparki\/jcb-803-super-foggia\/","title":{"rendered":"JCB 803 SUPER"},"content":{"rendered":"\n<p><strong>JCB 803 SUPER<\/strong> to kompaktowa minikoparka zaprojektowana z my\u015bl\u0105 o zapewnieniu wysokiej wydajno\u015bci przy niskich kosztach eksploatacji. Przy masie operacyjnej wynosz\u0105cej <strong>2975 kg<\/strong> idealnie nadaje si\u0119 do budownictwa miejskiego, renowacji, konserwacji dr\u00f3g i prac rolniczych. Sta\u0142e podwozie i <strong>gumowe g<\/strong> \u0105sienice o 40% zu\u017cyciu zapewniaj\u0105 stabilno\u015b\u0107 i przyczepno\u015b\u0107, redukuj\u0105c wibracje i chroni\u0105c wra\u017cliwe powierzchnie. <strong>Zamkni\u0119ta kabina<\/strong> zapewnia bezpieczne i komfortowe \u015brodowisko pracy, z doskona\u0142\u0105 widoczno\u015bci\u0105, kt\u00f3ra u\u0142atwia precyzyjne operacje i d\u0142ugie zmiany w zmiennych warunkach pogodowych. <strong>Monolityczny<\/strong> wysi\u0119gnik zapewnia sztywno\u015b\u0107 konstrukcji, kontrol\u0119 i trwa\u0142o\u015b\u0107, dzi\u0119ki czemu maszyna jest wyj\u0105tkowo niezawodna nawet podczas g\u0142\u0119bokich wykop\u00f3w lub intensywnych prac.    <\/p>\n\n<p>Silnik <strong>Perkins 103-15 o mocy 19,8 kW<\/strong> zapewnia p\u0142ynne dostarczanie mocy i niskie zu\u017cycie paliwa, dzi\u0119ki czemu model 803 SUPER jest bardzo ceniony przez wykonawc\u00f3w, kt\u00f3rzy oczekuj\u0105 wydajnej i \u0142atwej w utrzymaniu maszyny. Zainstalowany ju\u017c<strong>system m\u0142ota<\/strong> rozszerza mo\u017cliwo\u015bci operacyjne, umo\u017cliwiaj\u0105c lekkie wyburzanie, usuwanie asfaltu i prace zwi\u0105zane z utrzymaniem terenu. <strong>Do\u0142\u0105czona \u0142y\u017cka<\/strong> do kopania umo\u017cliwia natychmiastowe rozpocz\u0119cie pracy, a przedni lemiesz pomaga w wyr\u00f3wnywaniu i przygotowaniu gleby. Dzi\u0119ki <strong>3529 rzeczywistym godzinom<\/strong> pracy i certyfikatowi CE, ta JCB jest praktycznym rozwi\u0105zaniem dla tych, kt\u00f3rzy szukaj\u0105 gotowej do u\u017cycia minikoparki, kt\u00f3ra mo\u017ce zwi\u0119kszy\u0107 produktywno\u015b\u0107 na placu budowy.   <\/p>\n\n<p><\/p>\n","protected":false},"excerpt":{"rendered":"<p>U\u017cywana koparka <strong data-start=\"1845\" data-end=\"1862\">JCB 803 SUPER<\/strong> z 2005 roku: 2975 kg, silnik Perkins 19,8 kW, zamkni\u0119ta kabina, gumowe g\u0105sienice, system m\u0142ota i \u0142y\u017cka do kopania w zestawie. Idealna do kompaktowych plac\u00f3w budowy i profesjonalnych prac. <\/p>\n","protected":false},"featured_media":21896,"template":"","meta":{"_acf_changed":false},"ubicazione_acf":[],"product_brand":[346],"product_cat":[413],"false":[749],"proprietario":[],"class_list":{"0":"post-21849","1":"product","2":"type-product","3":"status-publish","4":"has-post-thumbnail","6":"product_brand-jcb","7":"product_cat-minikoparki","8":"product_tag-pl","9":"pa_brand-jcb","11":"first","12":"outofstock","13":"sold-individually","14":"shipping-taxable","15":"purchasable","16":"product-type-simple"},"acf":[],"_links":{"self":[{"href":"https:\/\/www.damac.it\/pl\/wp-json\/wp\/v2\/product\/21849","targetHints":{"allow":["GET"]}}],"collection":[{"href":"https:\/\/www.damac.it\/pl\/wp-json\/wp\/v2\/product"}],"about":[{"href":"https:\/\/www.damac.it\/pl\/wp-json\/wp\/v2\/types\/product"}],"wp:featuredmedia":[{"embeddable":true,"href":"https:\/\/www.damac.it\/pl\/wp-json\/wp\/v2\/media\/21896"}],"wp:attachment":[{"href":"https:\/\/www.damac.it\/pl\/wp-json\/wp\/v2\/media?parent=21849"}],"wp:term":[{"taxonomy":"ubicazione_acf","embeddable":true,"href":"https:\/\/www.damac.it\/pl\/wp-json\/wp\/v2\/ubicazione_acf?post=21849"},{"taxonomy":"product_brand","embeddable":true,"href":"https:\/\/www.damac.it\/pl\/wp-json\/wp\/v2\/product_brand?post=21849"},{"taxonomy":"product_cat","embeddable":true,"href":"https:\/\/www.damac.it\/pl\/wp-json\/wp\/v2\/product_cat?post=21849"},{"taxonomy":"product_tag","embeddable":true,"href":"https:\/\/www.damac.it\/pl\/wp-json\/wp\/v2\/false?post=21849"},{"taxonomy":"proprietario","embeddable":true,"href":"https:\/\/www.damac.it\/pl\/wp-json\/wp\/v2\/proprietario?post=21849"}],"curies":[{"name":"wp","href":"https:\/\/api.w.org\/{rel}","templated":true}]}}