{"id":22521,"date":"2025-12-04T18:23:38","date_gmt":"2025-12-04T18:23:38","guid":{"rendered":"https:\/\/www.damac.it\/bez-kategorii\/bomag-bf600-p-2\/"},"modified":"2026-04-08T09:09:52","modified_gmt":"2026-04-08T09:09:52","slug":"bomag-bf600-p-2","status":"publish","type":"product","link":"https:\/\/www.damac.it\/pl\/kostka-brukowa\/bomag-bf600-p-2-rzym\/","title":{"rendered":"BOMAG BF600 P-2"},"content":{"rendered":"\n<p>Roz\u015bcie\u0142acz ko\u0142owy <strong>BOMAG BF600 P-2<\/strong> zosta\u0142 zaprojektowany z my\u015bl\u0105 o zapewnieniu precyzji, ci\u0105g\u0142o\u015bci pracy i najwy\u017cszej jako\u015bci uk\u0142adania nawet na najbardziej wymagaj\u0105cych placach budowy. <strong>Elektrycznie podgrzewany st\u00f3\u0142<\/strong> gwarantuje jednolit\u0105 i sta\u0142\u0105 temperatur\u0119, umo\u017cliwiaj\u0105c bardziej r\u00f3wnomierne roz\u0142o\u017cenie asfaltu i minimalizuj\u0105c ryzyko przywierania lub niedoskona\u0142o\u015bci. Ta cecha sprawia, \u017ce maszyna jest idealna do prac drogowych wymagaj\u0105cych wysokiego standardu ko\u0144cowego i niezawodnego czasu produkcji.  <\/p>\n\n<p>Brak rozrzutnik\u00f3w sprawia, \u017ce jest on bardziej kompaktowy, \u0142atwiejszy w obs\u0142udze i idealny do pracy w ograniczonych przestrzeniach lub na drogach miejskich, przy jednoczesnym zachowaniu wysokiej wydajno\u015bci dzi\u0119ki solidnej i stabilnej konstrukcji modelu. System <strong>sze\u015bciu opon<\/strong> zapewnia doskona\u0142\u0105 trakcj\u0119, komfort i zwrotno\u015b\u0107, redukuj\u0105c wibracje i poprawiaj\u0105c wydajno\u015b\u0107 podczas jazdy po drogach. <\/p>\n\n<p>Wyposa\u017cony w silnik <strong>MTU 4R1000 o mocy 128 kW<\/strong>, roz\u015bcie\u0142acz oferuje sta\u0142\u0105 moc i zoptymalizowane zu\u017cycie paliwa, zapewniaj\u0105c niezawodno\u015b\u0107 nawet podczas d\u0142ugotrwa\u0142ych prac. Ka\u017cdy element zosta\u0142 zaprojektowany z my\u015bl\u0105 o u\u0142atwieniu pracy operatora, od ergonomicznej pozycji za kierownic\u0105 po precyzyjn\u0105 kontrol\u0119 sto\u0142u. <\/p>\n\n<p>Roz\u015bcie\u0142acz BF600 P-2, dost\u0119pny w <strong>Rzymie<\/strong>, to idealne rozwi\u0105zanie dla firm poszukuj\u0105cych solidnego, posiadaj\u0105cego certyfikat CE roz\u015bcie\u0142acza, kt\u00f3ry jest gotowy do pracy od razu po rozpakowaniu, z niezmienn\u0105 wydajno\u015bci\u0105 i bezb\u0142\u0119dnymi wynikami.<\/p>\n\n<p><\/p>\n","protected":false},"excerpt":{"rendered":"<p>Roz\u015bcie\u0142acz ko\u0142owy <strong data-start=\"1748\" data-end=\"1767\">BOMAG BF600 P-2<\/strong> z 2015 r., kompaktowy i wydajny, z elektrycznie podgrzewanym sto\u0142em i bez rozrzutnika. Idealna do precyzyjnych prac drogowych. Silnik MTU o mocy 128 kW i 6 opon. Dost\u0119pna w Rzymie, z certyfikatem CE i gotowa do u\u017cycia.   <\/p>\n","protected":false},"featured_media":22540,"template":"","meta":{"_acf_changed":false},"ubicazione_acf":[],"product_brand":[839],"product_cat":[550],"false":[749],"proprietario":[],"class_list":{"0":"post-22521","1":"product","2":"type-product","3":"status-publish","4":"has-post-thumbnail","6":"product_brand-bomag","7":"product_cat-kostka-brukowa","8":"product_tag-pl","9":"pa_brand-bomag","11":"first","12":"instock","13":"sale","14":"sold-individually","15":"shipping-taxable","16":"purchasable","17":"product-type-simple"},"acf":[],"_links":{"self":[{"href":"https:\/\/www.damac.it\/pl\/wp-json\/wp\/v2\/product\/22521","targetHints":{"allow":["GET"]}}],"collection":[{"href":"https:\/\/www.damac.it\/pl\/wp-json\/wp\/v2\/product"}],"about":[{"href":"https:\/\/www.damac.it\/pl\/wp-json\/wp\/v2\/types\/product"}],"wp:featuredmedia":[{"embeddable":true,"href":"https:\/\/www.damac.it\/pl\/wp-json\/wp\/v2\/media\/22540"}],"wp:attachment":[{"href":"https:\/\/www.damac.it\/pl\/wp-json\/wp\/v2\/media?parent=22521"}],"wp:term":[{"taxonomy":"ubicazione_acf","embeddable":true,"href":"https:\/\/www.damac.it\/pl\/wp-json\/wp\/v2\/ubicazione_acf?post=22521"},{"taxonomy":"product_brand","embeddable":true,"href":"https:\/\/www.damac.it\/pl\/wp-json\/wp\/v2\/product_brand?post=22521"},{"taxonomy":"product_cat","embeddable":true,"href":"https:\/\/www.damac.it\/pl\/wp-json\/wp\/v2\/product_cat?post=22521"},{"taxonomy":"product_tag","embeddable":true,"href":"https:\/\/www.damac.it\/pl\/wp-json\/wp\/v2\/false?post=22521"},{"taxonomy":"proprietario","embeddable":true,"href":"https:\/\/www.damac.it\/pl\/wp-json\/wp\/v2\/proprietario?post=22521"}],"curies":[{"name":"wp","href":"https:\/\/api.w.org\/{rel}","templated":true}]}}