{"id":23008,"date":"2025-12-10T09:07:32","date_gmt":"2025-12-10T09:07:32","guid":{"rendered":"https:\/\/www.damac.it\/bez-kategorii\/case-sv340\/"},"modified":"2026-01-22T15:48:40","modified_gmt":"2026-01-22T15:48:40","slug":"case-sv340","status":"publish","type":"product","link":"https:\/\/www.damac.it\/pl\/miniladowarki\/case-sv340-rzym\/","title":{"rendered":"CASE SV340"},"content":{"rendered":"\n<p><strong>CASE SV340<\/strong> to wysokowydajna \u0142adowarka kompaktowa zaprojektowana z my\u015bl\u0105 o zapewnieniu maksymalnej mocy, niezawodno\u015bci i produktywno\u015bci nawet na najbardziej wymagaj\u0105cych placach budowy. Dzi\u0119ki masie roboczej wynosz\u0105cej <strong>3940 kg<\/strong> i mocy <strong>67 kW<\/strong>, maszyna ta gwarantuje si\u0142\u0119 pchania, pr\u0119dko\u015b\u0107 robocz\u0105 i stabilno\u015b\u0107 w ka\u017cdym terenie. Zamkni\u0119ta, <strong>klimatyzowana<\/strong> kabina zapewnia komfortowe \u015brodowisko pracy o ka\u017cdej porze roku, zwi\u0119kszaj\u0105c wydajno\u015b\u0107 i bezpiecze\u0144stwo operatora podczas d\u0142ugich dni pracy.  <\/p>\n\n<p>Dzi\u0119ki standardowej \u0142y\u017cce w zestawie, CASE SV340 umo\u017cliwia natychmiastowe u\u017cycie do przenoszenia materia\u0142\u00f3w, za\u0142adunku, poziomowania i wielu codziennych czynno\u015bci na placach budowy, w gospodarstwach rolnych i w warunkach przemys\u0142owych. Kompaktowa konstrukcja o szeroko\u015bci zaledwie <strong>1800 mm<\/strong> umo\u017cliwia zwinn\u0105 prac\u0119 nawet w ciasnych przestrzeniach bez po\u015bwi\u0119cania wytrzyma\u0142o\u015bci typowej dla maszyn CASE. <\/p>\n\n<p>Silnik <strong>FPT F5H<\/strong> zapewnia niskie zu\u017cycie paliwa, wysoki moment obrotowy i du\u017c\u0105 niezawodno\u015b\u0107 w czasie, podstawowe cechy dla tych, kt\u00f3rzy szukaj\u0105 u\u017cywanej maszyny w doskona\u0142ym stanie. Dzi\u0119ki <strong>3767 godzinom<\/strong> pracy \u0142adowarka o sterowaniu burtowym jest gotowa do natychmiastowego u\u017cycia, z pe\u0142n\u0105 dokumentacj\u0105 i <strong>certyfikatem CE<\/strong>, co stanowi gwarancj\u0119 bezpiecze\u0144stwa i zgodno\u015bci z przepisami europejskimi. <\/p>\n\n<p>CASE SV340 to idealne rozwi\u0105zanie dla profesjonalist\u00f3w, kt\u00f3rzy potrzebuj\u0105 wszechstronnej, solidnej i wydajnej maszyny nadaj\u0105cej si\u0119 do szerokiego zakresu zastosowa\u0144.<\/p>\n\n<p><\/p>\n","protected":false},"excerpt":{"rendered":"<p><strong data-start=\"1764\" data-end=\"1778\">CASE SV340<\/strong> 2019 to mocna i niezawodna \u0142adowarka ko\u0142owa z zamkni\u0119t\u0105 kabin\u0105 i klimatyzacj\u0105. Dzi\u0119ki 3767 godzinom pracy, standardowej \u0142y\u017cce i certyfikatowi CE idealnie nadaje si\u0119 do ci\u0119\u017ckich prac i przenoszenia materia\u0142\u00f3w. Dost\u0119pne w Rzymie, gotowe do u\u017cycia.<\/p>\n","protected":false},"featured_media":23024,"template":"","meta":{"_acf_changed":false},"ubicazione_acf":[],"product_brand":[679],"product_cat":[425],"false":[749],"proprietario":[],"class_list":{"0":"post-23008","1":"product","2":"type-product","3":"status-publish","4":"has-post-thumbnail","6":"product_brand-case","7":"product_cat-miniladowarki","8":"product_tag-pl","9":"pa_brand-case","11":"first","12":"outofstock","13":"sold-individually","14":"shipping-taxable","15":"purchasable","16":"product-type-simple"},"acf":[],"_links":{"self":[{"href":"https:\/\/www.damac.it\/pl\/wp-json\/wp\/v2\/product\/23008","targetHints":{"allow":["GET"]}}],"collection":[{"href":"https:\/\/www.damac.it\/pl\/wp-json\/wp\/v2\/product"}],"about":[{"href":"https:\/\/www.damac.it\/pl\/wp-json\/wp\/v2\/types\/product"}],"wp:featuredmedia":[{"embeddable":true,"href":"https:\/\/www.damac.it\/pl\/wp-json\/wp\/v2\/media\/23024"}],"wp:attachment":[{"href":"https:\/\/www.damac.it\/pl\/wp-json\/wp\/v2\/media?parent=23008"}],"wp:term":[{"taxonomy":"ubicazione_acf","embeddable":true,"href":"https:\/\/www.damac.it\/pl\/wp-json\/wp\/v2\/ubicazione_acf?post=23008"},{"taxonomy":"product_brand","embeddable":true,"href":"https:\/\/www.damac.it\/pl\/wp-json\/wp\/v2\/product_brand?post=23008"},{"taxonomy":"product_cat","embeddable":true,"href":"https:\/\/www.damac.it\/pl\/wp-json\/wp\/v2\/product_cat?post=23008"},{"taxonomy":"product_tag","embeddable":true,"href":"https:\/\/www.damac.it\/pl\/wp-json\/wp\/v2\/false?post=23008"},{"taxonomy":"proprietario","embeddable":true,"href":"https:\/\/www.damac.it\/pl\/wp-json\/wp\/v2\/proprietario?post=23008"}],"curies":[{"name":"wp","href":"https:\/\/api.w.org\/{rel}","templated":true}]}}