{"id":23362,"date":"2025-12-10T10:17:20","date_gmt":"2025-12-10T10:17:20","guid":{"rendered":"https:\/\/www.damac.it\/bez-kategorii\/jcb-85z-1\/"},"modified":"2026-04-08T09:09:10","modified_gmt":"2026-04-08T09:09:10","slug":"jcb-85z-1","status":"publish","type":"product","link":"https:\/\/www.damac.it\/pl\/minikoparki\/jcb-85z-1-anguillara-sabazia\/","title":{"rendered":"JCB 85Z-1"},"content":{"rendered":"\n<p><strong>JCB 85Z-1<\/strong> to kompaktowa i wydajna <a href=\"https:\/\/www.damac.it\/pl\/minikoparki\/\">koparka minig\u0105sienicowa<\/a> zaprojektowana z my\u015bl\u0105 o wysokiej wydajno\u015bci na najbardziej wymagaj\u0105cych placach budowy. O masie operacyjnej <strong>8227 kg<\/strong>, model ten \u0142\u0105czy stabilno\u015b\u0107 z szybko\u015bci\u0105 ruchu, gwarantuj\u0105c wysok\u0105 produktywno\u015b\u0107 przy pracach ziemnych, konserwacyjnych, budowlanych i infrastrukturalnych. Konstrukcja z obrotem w obrysie umo\u017cliwia prac\u0119 w ograniczonych przestrzeniach z najwy\u017csz\u0105 precyzj\u0105, podczas gdy monolityczne rami\u0119 zapewnia si\u0142\u0119 podnoszenia i pe\u0142n\u0105 kontrol\u0119 na ka\u017cdym etapie pracy.  <\/p>\n\n<p>Zamkni\u0119ta kabina zapewnia chronione i komfortowe \u015brodowisko, idealne na d\u0142ugie dni pracy i niekorzystne warunki pogodowe. Wyposa\u017cona w <strong>60% gumowe<\/strong> g\u0105sienice, przedni lemiesz i <strong>system m\u0142ota<\/strong>, koparka ta jest szczeg\u00f3lnie wszechstronna i gotowa do lekkich prac rozbi\u00f3rkowych, g\u0142\u0119bokich wykop\u00f3w, kopania row\u00f3w i przenoszenia materia\u0142\u00f3w. Silnik <strong>Kohler 2504 TCR o mocy 48 kW<\/strong> gwarantuje niskie zu\u017cycie paliwa, wysoki moment obrotowy i du\u017c\u0105 niezawodno\u015b\u0107.  <\/p>\n\n<p>Con\u00a0<strong>4400 ore di utilizzo<\/strong>\u00a0e tagliandato, il JCB 85Z-1 \u00e8 immediatamente operativo. La presenza della\u00a0<strong><a href=\"https:\/\/www.damac.it\/accessori\/\">benna<\/a> da scavo<\/strong>\u00a0e della\u00a0<strong>certificazione CE<\/strong>\u00a0completa il pacchetto, offrendo una macchina controllata, sicura e conforme alle normative europee. Disponibile ad Anguillara Sabazia, rappresenta una soluzione solida per aziende che cercano un miniescavatore performante e resistente.<\/p>\n\n<div class=\"wp-block-webfactory-map\"><div class=\"wp-block-webfactory-map\"><iframe title=\"Mapa\" width=\"100%\" height=\"380px\" src=\"https:\/\/www.google.com\/maps\/embed\/v1\/place?q=anguillara%20sabazia&amp;maptype=roadmap&amp;zoom=7&amp;key=AIzaSyCbpj9Ji_jwudUhfVpTXiPB79zpZZSDW8c\" frameborder=\"0\"><\/iframe><\/div><\/div>\n","protected":false},"excerpt":{"rendered":"<p><strong data-start=\"1566\" data-end=\"1579\">JCB 85Z-1<\/strong> z 2017 r. to mocna i niezawodna minikoparka wahad\u0142owa z zerowym ogonem, z 4400 godzinami pracy, zamkni\u0119t\u0105 kabin\u0105, systemem m\u0142ota i \u0142y\u017ck\u0105 do kopania. G\u0105sienice gumowe 60%, maszyna serwisowana i z certyfikatem CE. Dost\u0119pna w kolorze Anguillara Sabazia.  <\/p>\n","protected":false},"featured_media":23364,"template":"","meta":{"_acf_changed":false},"ubicazione_acf":[],"product_brand":[346],"product_cat":[413],"false":[749],"proprietario":[],"class_list":{"0":"post-23362","1":"product","2":"type-product","3":"status-publish","4":"has-post-thumbnail","6":"product_brand-jcb","7":"product_cat-minikoparki","8":"product_tag-pl","9":"pa_brand-jcb","11":"first","12":"instock","13":"sale","14":"sold-individually","15":"shipping-taxable","16":"purchasable","17":"product-type-simple"},"acf":[],"_links":{"self":[{"href":"https:\/\/www.damac.it\/pl\/wp-json\/wp\/v2\/product\/23362","targetHints":{"allow":["GET"]}}],"collection":[{"href":"https:\/\/www.damac.it\/pl\/wp-json\/wp\/v2\/product"}],"about":[{"href":"https:\/\/www.damac.it\/pl\/wp-json\/wp\/v2\/types\/product"}],"wp:featuredmedia":[{"embeddable":true,"href":"https:\/\/www.damac.it\/pl\/wp-json\/wp\/v2\/media\/23364"}],"wp:attachment":[{"href":"https:\/\/www.damac.it\/pl\/wp-json\/wp\/v2\/media?parent=23362"}],"wp:term":[{"taxonomy":"ubicazione_acf","embeddable":true,"href":"https:\/\/www.damac.it\/pl\/wp-json\/wp\/v2\/ubicazione_acf?post=23362"},{"taxonomy":"product_brand","embeddable":true,"href":"https:\/\/www.damac.it\/pl\/wp-json\/wp\/v2\/product_brand?post=23362"},{"taxonomy":"product_cat","embeddable":true,"href":"https:\/\/www.damac.it\/pl\/wp-json\/wp\/v2\/product_cat?post=23362"},{"taxonomy":"product_tag","embeddable":true,"href":"https:\/\/www.damac.it\/pl\/wp-json\/wp\/v2\/false?post=23362"},{"taxonomy":"proprietario","embeddable":true,"href":"https:\/\/www.damac.it\/pl\/wp-json\/wp\/v2\/proprietario?post=23362"}],"curies":[{"name":"wp","href":"https:\/\/api.w.org\/{rel}","templated":true}]}}