{"id":23904,"date":"2025-12-12T10:58:49","date_gmt":"2025-12-12T10:58:49","guid":{"rendered":"https:\/\/www.damac.it\/bez-kategorii\/new-holland-e215b\/"},"modified":"2026-04-08T09:49:01","modified_gmt":"2026-04-08T09:49:01","slug":"new-holland-e215b","status":"publish","type":"product","link":"https:\/\/www.damac.it\/pl\/koparki-gasienicowe\/new-holland-e215b-rzym\/","title":{"rendered":"NEW HOLLAND E215B"},"content":{"rendered":"\n<p><strong>New Holland E215B<\/strong> to <a href=\"https:\/\/www.damac.it\/pl\/koparki-gasienicowe\/\">koparka g\u0105sienicowa<\/a> zaprojektowana z my\u015bl\u0105 o mocy, niezawodno\u015bci i wysokiej wydajno\u015bci nawet na najbardziej wymagaj\u0105cych placach budowy. Przy masie operacyjnej wynosz\u0105cej <strong>21 690 kg<\/strong> model ten gwarantuje doskona\u0142\u0105 zdolno\u015b\u0107 kopania oraz wyj\u0105tkow\u0105 stabilno\u015b\u0107, co czyni go idealnym rozwi\u0105zaniem do rob\u00f3t ziemnych, rozbi\u00f3rki, prac drogowych i wykop\u00f3w na du\u017c\u0105 skal\u0119. Prezentowana wersja wyposa\u017cona jest w <strong>kabin\u0119 zamkni\u0119t\u0105<\/strong>, kt\u00f3ra zapewnia operatorowi komfort i ochron\u0119 w ka\u017cdych warunkach pracy.  <\/p>\n\n<p>Monolityczne rami\u0119 oraz <strong>g\u0105sienice stalowe w 60%<\/strong> oferuj\u0105 wytrzyma\u0142o\u015b\u0107 i trwa\u0142o\u015b\u0107, umo\u017cliwiaj\u0105c maszynie precyzyjn\u0105 prac\u0119 nawet na trudnym terenie. Dzi\u0119ki <strong>instalacji m\u0142ota<\/strong> E215B staje si\u0119 jeszcze bardziej wszechstronny, umo\u017cliwiaj\u0105c wykonywanie prac rozbi\u00f3rkowych lekkich i \u015brednich z du\u017c\u0105 wydajno\u015bci\u0105. Maszyna jest ponadto wyposa\u017cona w <strong><a href=\"https:\/\/www.damac.it\/pl\/akcesoria\/\">\u0142y\u017ck\u0119<\/a> do kopania<\/strong>, gotow\u0105 do natychmiastowego u\u017cycia na placu budowy.  <\/p>\n\n<p>Dzi\u0119ki <strong>11 000 godzin pracy<\/strong> ta u\u017cywana koparka by\u0142a utrzymywana w dobrym stanie og\u00f3lnym i jest op\u0142acalnym rozwi\u0105zaniem dla firm poszukuj\u0105cych niezawodno\u015bci i wydajno\u015bci bez nadwyr\u0119\u017cania bud\u017cetu. Certyfikat <strong>CE zapewnia<\/strong>zgodno\u015b\u0107 z europejskimi przepisami i bezpiecze\u0144stwo pracy. <\/p>\n\n<p>Dost\u0119pny w naszym biurze w <strong>Rzymie<\/strong>, New Holland E215B to solidna, mocna i gotowa do u\u017cycia maszyna, idealna dla tych, kt\u00f3rzy potrzebuj\u0105 sta\u0142ej produktywno\u015bci.<\/p>\n\n<p><\/p>\n","protected":false},"excerpt":{"rendered":"<p>Koparka g\u0105sienicowa <strong data-start=\"1664\" data-end=\"1685\">New Holland E215B<\/strong>, 2008, 11 000 godzin, z zamkni\u0119t\u0105 kabin\u0105, monolitycznym wysi\u0119gnikiem, 70% \u017celaznymi g\u0105sienicami i systemem m\u0142ota. W komplecie z \u0142y\u017ck\u0105 do kopania. Mocna i niezawodna maszyna, dost\u0119pna w Rzymie, gotowa do pracy.  <\/p>\n","protected":false},"featured_media":23906,"template":"","meta":{"_acf_changed":false},"ubicazione_acf":[],"product_brand":[634],"product_cat":[435],"false":[749],"proprietario":[],"class_list":{"0":"post-23904","1":"product","2":"type-product","3":"status-publish","4":"has-post-thumbnail","6":"product_brand-new-holland","7":"product_cat-koparki-gasienicowe","8":"product_tag-pl","9":"pa_brand-new-holland","11":"first","12":"outofstock","13":"sold-individually","14":"shipping-taxable","15":"purchasable","16":"product-type-simple"},"acf":[],"_links":{"self":[{"href":"https:\/\/www.damac.it\/pl\/wp-json\/wp\/v2\/product\/23904","targetHints":{"allow":["GET"]}}],"collection":[{"href":"https:\/\/www.damac.it\/pl\/wp-json\/wp\/v2\/product"}],"about":[{"href":"https:\/\/www.damac.it\/pl\/wp-json\/wp\/v2\/types\/product"}],"wp:featuredmedia":[{"embeddable":true,"href":"https:\/\/www.damac.it\/pl\/wp-json\/wp\/v2\/media\/23906"}],"wp:attachment":[{"href":"https:\/\/www.damac.it\/pl\/wp-json\/wp\/v2\/media?parent=23904"}],"wp:term":[{"taxonomy":"ubicazione_acf","embeddable":true,"href":"https:\/\/www.damac.it\/pl\/wp-json\/wp\/v2\/ubicazione_acf?post=23904"},{"taxonomy":"product_brand","embeddable":true,"href":"https:\/\/www.damac.it\/pl\/wp-json\/wp\/v2\/product_brand?post=23904"},{"taxonomy":"product_cat","embeddable":true,"href":"https:\/\/www.damac.it\/pl\/wp-json\/wp\/v2\/product_cat?post=23904"},{"taxonomy":"product_tag","embeddable":true,"href":"https:\/\/www.damac.it\/pl\/wp-json\/wp\/v2\/false?post=23904"},{"taxonomy":"proprietario","embeddable":true,"href":"https:\/\/www.damac.it\/pl\/wp-json\/wp\/v2\/proprietario?post=23904"}],"curies":[{"name":"wp","href":"https:\/\/api.w.org\/{rel}","templated":true}]}}