{"id":24244,"date":"2025-12-15T08:56:02","date_gmt":"2025-12-15T08:56:02","guid":{"rendered":"https:\/\/www.damac.it\/bez-kategorii\/caterpillar-314d\/"},"modified":"2026-04-08T09:50:20","modified_gmt":"2026-04-08T09:50:20","slug":"caterpillar-314d","status":"publish","type":"product","link":"https:\/\/www.damac.it\/pl\/koparki-gasienicowe\/caterpillar-314d-rzym\/","title":{"rendered":"CATERPILLAR 314D"},"content":{"rendered":"\n<p><strong>Caterpillar 314D<\/strong> to kompaktowa i wydajna <a href=\"https:\/\/www.damac.it\/pl\/koparki-gasienicowe\/\">koparka g\u0105sienicowa<\/a>, zaprojektowana do zapewnienia wysokiej wydajno\u015bci nawet na najbardziej z\u0142o\u017conych placach budowy. Przy masie operacyjnej <strong>16 000 kg<\/strong> i konfiguracji <strong>zero tail swing<\/strong>, model ten umo\u017cliwia prac\u0119 w ograniczonej przestrzeni przy zachowaniu doskona\u0142ej stabilno\u015bci. To idealne rozwi\u0105zanie do prac miejskich, precyzyjnych wykop\u00f3w, rob\u00f3t ziemnych i konserwacji dr\u00f3g.  <\/p>\n\n<p>Maszyna jest wyposa\u017cona w <strong>zamkni\u0119t\u0105 kabin\u0119 z klimatyzacj\u0105<\/strong>, zapewniaj\u0105c\u0105 operatorowi optymalny komfort i widoczno\u015b\u0107 przez ca\u0142y dzie\u0144 pracy. Monolityczny wysi\u0119gnik i g\u0105sienice wykonane <strong>w 60% z \u017celaza<\/strong> zapewniaj\u0105 wytrzyma\u0142o\u015b\u0107 i trwa\u0142o\u015b\u0107, dzi\u0119ki czemu koparka mo\u017ce pracowa\u0107 w trudnym terenie z d\u0142ugotrwa\u0142\u0105 niezawodno\u015bci\u0105. Uk\u0142ad hydrauliczny, wyposa\u017cony w <strong>system m\u0142ota i zawory blokowe<\/strong>, zapewnia wi\u0119ksz\u0105 wszechstronno\u015b\u0107 i bezpiecze\u0144stwo podczas podnoszenia i wyburzania.  <\/p>\n\n<p>Silnik <strong>Caterpillar C4.2 Acert o mocy 67 kW<\/strong> gwarantuje moc, efektywno\u015b\u0107 zu\u017cycia paliwa i doskona\u0142\u0105 wydajno\u015b\u0107 pod obci\u0105\u017ceniem. Z <strong>7000 godzinami pracy<\/strong>, prezentowany Caterpillar 314D jest w dobrym stanie og\u00f3lnym i gotowy do natychmiastowego u\u017cycia. W wyposa\u017ceniu znajduje si\u0119 <strong><a href=\"https:\/\/www.damac.it\/pl\/akcesoria\/\">\u0142y\u017cka<\/a> do kopania<\/strong>, dzi\u0119ki czemu maszyna jest operacyjna od zaraz.  <\/p>\n\n<p>Koparka ta, dost\u0119pna w naszym biurze w <strong>Rzymie<\/strong>, stanowi solidn\u0105 inwestycj\u0119 dla profesjonalist\u00f3w poszukuj\u0105cych <strong>niezawodno\u015bci, wydajno\u015bci i bezpiecze\u0144stwa pracy<\/strong>, z gwarancj\u0105 certyfikatu <strong>CE<\/strong>.<\/p>\n\n<p><\/p>\n","protected":false},"excerpt":{"rendered":"<p>Koparka g\u0105sienicowa <strong data-start=\"1785\" data-end=\"1805\">Caterpillar 314D<\/strong>, 2010 r., 7000 godzin, zerowy obr\u00f3t ogona, klimatyzowana kabina, monolityczny wysi\u0119gnik, g\u0105sienice z 60% \u017celaza, system m\u0142ota i zawory blokuj\u0105ce. W komplecie z \u0142y\u017ck\u0105 do kopania. Dost\u0119pne w Rzymie i gotowe do u\u017cycia.<\/p>\n","protected":false},"featured_media":24246,"template":"","meta":{"_acf_changed":false},"ubicazione_acf":[],"product_brand":[856],"product_cat":[435],"false":[749],"proprietario":[],"class_list":{"0":"post-24244","1":"product","2":"type-product","3":"status-publish","4":"has-post-thumbnail","6":"product_brand-caterpillar","7":"product_cat-koparki-gasienicowe","8":"product_tag-pl","9":"pa_brand-caterpillar","11":"first","12":"outofstock","13":"sold-individually","14":"shipping-taxable","15":"purchasable","16":"product-type-simple"},"acf":[],"_links":{"self":[{"href":"https:\/\/www.damac.it\/pl\/wp-json\/wp\/v2\/product\/24244","targetHints":{"allow":["GET"]}}],"collection":[{"href":"https:\/\/www.damac.it\/pl\/wp-json\/wp\/v2\/product"}],"about":[{"href":"https:\/\/www.damac.it\/pl\/wp-json\/wp\/v2\/types\/product"}],"wp:featuredmedia":[{"embeddable":true,"href":"https:\/\/www.damac.it\/pl\/wp-json\/wp\/v2\/media\/24246"}],"wp:attachment":[{"href":"https:\/\/www.damac.it\/pl\/wp-json\/wp\/v2\/media?parent=24244"}],"wp:term":[{"taxonomy":"ubicazione_acf","embeddable":true,"href":"https:\/\/www.damac.it\/pl\/wp-json\/wp\/v2\/ubicazione_acf?post=24244"},{"taxonomy":"product_brand","embeddable":true,"href":"https:\/\/www.damac.it\/pl\/wp-json\/wp\/v2\/product_brand?post=24244"},{"taxonomy":"product_cat","embeddable":true,"href":"https:\/\/www.damac.it\/pl\/wp-json\/wp\/v2\/product_cat?post=24244"},{"taxonomy":"product_tag","embeddable":true,"href":"https:\/\/www.damac.it\/pl\/wp-json\/wp\/v2\/false?post=24244"},{"taxonomy":"proprietario","embeddable":true,"href":"https:\/\/www.damac.it\/pl\/wp-json\/wp\/v2\/proprietario?post=24244"}],"curies":[{"name":"wp","href":"https:\/\/api.w.org\/{rel}","templated":true}]}}