{"id":24426,"date":"2025-12-15T09:40:34","date_gmt":"2025-12-15T09:40:34","guid":{"rendered":"https:\/\/www.damac.it\/bez-kategorii\/hitachi-zx240n-3\/"},"modified":"2026-04-08T09:49:01","modified_gmt":"2026-04-08T09:49:01","slug":"hitachi-zx240n-3","status":"publish","type":"product","link":"https:\/\/www.damac.it\/pl\/koparki-gasienicowe\/hitachi-zx240n-3-rzym\/","title":{"rendered":"HITACHI ZX240N-3"},"content":{"rendered":"\n<p><strong>Hitachi ZX240N-3<\/strong> to profesjonalna <a href=\"https:\/\/www.damac.it\/pl\/koparki-gasienicowe\/\">koparka g\u0105sienicowa<\/a> zaprojektowana w celu zapewnienia mocy, precyzji i maksymalnej wydajno\u015bci w ka\u017cdych warunkach pracy. O wadze <strong>23 300 kg<\/strong> i solidnej konstrukcji, ten model z 2008 roku jest idealny do prac ziemnych, rob\u00f3t wykopaliskowych, lekkich rozbi\u00f3r\u0435\u043a oraz prac budowlanych wymagaj\u0105cych ci\u0105g\u0142o\u015bci i niezawodno\u015bci. Wersja <strong>N (narrow)<\/strong> oferuje w\u0119\u017csze podwozie w por\u00f3wnaniu do modeli standardowych, umo\u017cliwiaj\u0105c maszynie prac\u0119 ze zwi\u0119kszon\u0105 zwinno\u015bci\u0105 nawet w ograniczonych przestrzeniach.  <\/p>\n\n<p>Zamkni\u0119ta kabina zapewnia chronione i komfortowe \u015brodowisko pracy, z doskona\u0142\u0105 widoczno\u015bci\u0105 i intuicyjnymi sterownikami. Monolityczne rami\u0119 gwarantuje wytrzyma\u0142o\u015b\u0107 i trwa\u0142o\u015b\u0107, podczas gdy <strong>g\u0105sienice w 70%<\/strong> zapewniaj\u0105 doskona\u0142\u0105 przyczepno\u015b\u0107 i zdolno\u015b\u0107 do pokonywania nier\u00f3wnych teren\u00f3w. Uk\u0142ad hydrauliczny jest wyposa\u017cony w <strong>instalacj\u0119 m\u0142ota<\/strong>, zwi\u0119kszaj\u0105c wszechstronno\u015b\u0107 maszyny do zastosowa\u0144 rozbi\u00f3rkowych, kruszenia i u\u017cycia mocnych <a href=\"https:\/\/www.damac.it\/pl\/akcesoria\/\">akcesori\u00f3w<\/a>.  <\/p>\n\n<p>Wyposa\u017cona w silnik <strong>Isuzu o mocy 132 kW<\/strong>, koparka Hitachi ZX240N-3 \u0142\u0105czy zr\u00f3wnowa\u017cone zu\u017cycie paliwa z wysok\u0105 wydajno\u015bci\u0105 pod ci\u0105g\u0142ym obci\u0105\u017ceniem. Po przepracowaniu <strong>10 000 godzin<\/strong> koparka jest w dobrym stanie i gotowa do natychmiastowego u\u017cycia na placu budowy. W wyposa\u017ceniu znajduje si\u0119 <strong>\u0142y\u017cka do kopania<\/strong>, dzi\u0119ki czemu jest gotowa do pracy od pierwszego dnia. Dost\u0119pna w siedzibie g\u0142\u00f3wnej DAMAC w <strong>Rzymie<\/strong>, z certyfikatem <strong>CE<\/strong> i w pe\u0142ni przetestowana.   <\/p>\n","protected":false},"excerpt":{"rendered":"<p>2008 Koparka Hitachi ZX240N-3, 23,3 tony, 10 000 godzin, zamkni\u0119ta kabina, w\u0105ski w\u00f3zek, monolityczny wysi\u0119gnik, 70% g\u0105sienic, system m\u0142ota. Silnik Isuzu 132 kW. W komplecie z \u0142y\u017ck\u0105 do kopania, dost\u0119pna w Rzymie.  <\/p>\n","protected":false},"featured_media":24428,"template":"","meta":{"_acf_changed":false},"ubicazione_acf":[],"product_brand":[695],"product_cat":[435],"false":[749],"proprietario":[],"class_list":{"0":"post-24426","1":"product","2":"type-product","3":"status-publish","4":"has-post-thumbnail","6":"product_brand-hitachi","7":"product_cat-koparki-gasienicowe","8":"product_tag-pl","9":"pa_brand-hitachi","11":"first","12":"outofstock","13":"sold-individually","14":"shipping-taxable","15":"purchasable","16":"product-type-simple"},"acf":[],"_links":{"self":[{"href":"https:\/\/www.damac.it\/pl\/wp-json\/wp\/v2\/product\/24426","targetHints":{"allow":["GET"]}}],"collection":[{"href":"https:\/\/www.damac.it\/pl\/wp-json\/wp\/v2\/product"}],"about":[{"href":"https:\/\/www.damac.it\/pl\/wp-json\/wp\/v2\/types\/product"}],"wp:featuredmedia":[{"embeddable":true,"href":"https:\/\/www.damac.it\/pl\/wp-json\/wp\/v2\/media\/24428"}],"wp:attachment":[{"href":"https:\/\/www.damac.it\/pl\/wp-json\/wp\/v2\/media?parent=24426"}],"wp:term":[{"taxonomy":"ubicazione_acf","embeddable":true,"href":"https:\/\/www.damac.it\/pl\/wp-json\/wp\/v2\/ubicazione_acf?post=24426"},{"taxonomy":"product_brand","embeddable":true,"href":"https:\/\/www.damac.it\/pl\/wp-json\/wp\/v2\/product_brand?post=24426"},{"taxonomy":"product_cat","embeddable":true,"href":"https:\/\/www.damac.it\/pl\/wp-json\/wp\/v2\/product_cat?post=24426"},{"taxonomy":"product_tag","embeddable":true,"href":"https:\/\/www.damac.it\/pl\/wp-json\/wp\/v2\/false?post=24426"},{"taxonomy":"proprietario","embeddable":true,"href":"https:\/\/www.damac.it\/pl\/wp-json\/wp\/v2\/proprietario?post=24426"}],"curies":[{"name":"wp","href":"https:\/\/api.w.org\/{rel}","templated":true}]}}