{"id":24608,"date":"2025-12-15T11:58:17","date_gmt":"2025-12-15T11:58:17","guid":{"rendered":"https:\/\/www.damac.it\/bez-kategorii\/antonelli-vfs42-s\/"},"modified":"2026-04-28T13:55:08","modified_gmt":"2026-04-28T13:55:08","slug":"antonelli-vfa42-s","status":"publish","type":"product","link":"https:\/\/www.damac.it\/pl\/kostka-brukowa\/antonelli-vfa42-s-rzym\/","title":{"rendered":"ANTONELLI VFA42-S"},"content":{"rendered":"\n<p><strong>Antonelli VFA42-S<\/strong> to kompaktowy i niezawodny roz\u015bcie\u0142acz drogowy zaprojektowany w celu zapewnienia sta\u0142ej wydajno\u015bci nawet w najbardziej wymagaj\u0105cych zadaniach. Dzi\u0119ki niewielkiej masie i zwrotnej konstrukcji jest to idealne rozwi\u0105zanie dla firm potrzebuj\u0105cych maszyny, kt\u00f3ra jest prosta, solidna i szczeg\u00f3lnie ekonomiczna w eksploatacji. Przy <strong>zaledwie 506 godzinach pracy<\/strong>, ta jednostka z 1988 roku jest w doskona\u0142ym stanie technicznym, pomimo roku produkcji, co \u015bwiadczy o minimalnym i dobrze utrzymanym u\u017cytkowaniu.  <\/p>\n\n<p>Rozk\u0142adarka jest wyposa\u017cona w <strong>cztery opony o 70% zu\u017cyciu<\/strong>, kt\u00f3re zapewniaj\u0105 stabilno\u015b\u0107 podczas uk\u0142adania materia\u0142u i dobr\u0105 przyczepno\u015b\u0107 nawet na nier\u00f3wnych powierzchniach. Podstawowa mechanika pozwala na szybk\u0105 i tani\u0105 konserwacj\u0119, dzi\u0119ki czemu jest to konkurencyjny wyb\u00f3r dla tych, kt\u00f3rzy szukaj\u0105 niezawodno\u015bci bez nadmiernej z\u0142o\u017cono\u015bci elektronicznej. ANTONELLI VFA42-S nadaje si\u0119 szczeg\u00f3lnie do prac asfaltowych na drogach gminnych, podw\u00f3rkach, chodnikach i ma\u0142ych chodnikach, gdzie kompaktowo\u015b\u0107 i precyzja s\u0105 niezb\u0119dne.  <\/p>\n\n<p>Dzi\u0119ki prostocie obs\u0142ugi jest ona skierowana zar\u00f3wno do wyspecjalizowanych wykonawc\u00f3w, jak i operator\u00f3w, kt\u00f3rzy potrzebuj\u0105 gotowego do u\u017cycia roz\u015bcie\u0142acza do okre\u015blonych zada\u0144. Dost\u0119pna na naszym placu w <strong>Rzymie<\/strong>, jest przetestowan\u0105 i natychmiast gotow\u0105 do pracy maszyn\u0105, idealn\u0105 dla tych, kt\u00f3rzy potrzebuj\u0105 wydajnego roz\u015bcie\u0142acza w atrakcyjnej cenie. <\/p>\n","protected":false},"excerpt":{"rendered":"<p>Roz\u015bcie\u0142acz drogowy <strong data-start=\"1649\" data-end=\"1670\">Antonelli VFA42-S<\/strong> z 1988 roku z przebiegiem zaledwie <strong data-start=\"1689\" data-end=\"1700\">506 godzin<\/strong>, oponami 70% i kompaktow\u0105 konstrukcj\u0105 idealn\u0105 do prac miejskich. Prosta, niezawodna i gotowa do pracy maszyna. Dost\u0119pna w <strong data-start=\"1829\" data-end=\"1837\">Rzymie<\/strong>, idealna do asfaltowania ma\u0142ych i \u015brednich powierzchni.  <\/p>\n","protected":false},"featured_media":24610,"template":"","meta":{"_acf_changed":false},"ubicazione_acf":[],"product_brand":[864],"product_cat":[550],"false":[749],"proprietario":[],"class_list":{"0":"post-24608","1":"product","2":"type-product","3":"status-publish","4":"has-post-thumbnail","6":"product_brand-antonelli","7":"product_cat-kostka-brukowa","8":"product_tag-pl","9":"pa_brand-antonelli","11":"first","12":"instock","13":"sold-individually","14":"shipping-taxable","15":"purchasable","16":"product-type-simple"},"acf":[],"_links":{"self":[{"href":"https:\/\/www.damac.it\/pl\/wp-json\/wp\/v2\/product\/24608","targetHints":{"allow":["GET"]}}],"collection":[{"href":"https:\/\/www.damac.it\/pl\/wp-json\/wp\/v2\/product"}],"about":[{"href":"https:\/\/www.damac.it\/pl\/wp-json\/wp\/v2\/types\/product"}],"wp:featuredmedia":[{"embeddable":true,"href":"https:\/\/www.damac.it\/pl\/wp-json\/wp\/v2\/media\/24610"}],"wp:attachment":[{"href":"https:\/\/www.damac.it\/pl\/wp-json\/wp\/v2\/media?parent=24608"}],"wp:term":[{"taxonomy":"ubicazione_acf","embeddable":true,"href":"https:\/\/www.damac.it\/pl\/wp-json\/wp\/v2\/ubicazione_acf?post=24608"},{"taxonomy":"product_brand","embeddable":true,"href":"https:\/\/www.damac.it\/pl\/wp-json\/wp\/v2\/product_brand?post=24608"},{"taxonomy":"product_cat","embeddable":true,"href":"https:\/\/www.damac.it\/pl\/wp-json\/wp\/v2\/product_cat?post=24608"},{"taxonomy":"product_tag","embeddable":true,"href":"https:\/\/www.damac.it\/pl\/wp-json\/wp\/v2\/false?post=24608"},{"taxonomy":"proprietario","embeddable":true,"href":"https:\/\/www.damac.it\/pl\/wp-json\/wp\/v2\/proprietario?post=24608"}],"curies":[{"name":"wp","href":"https:\/\/api.w.org\/{rel}","templated":true}]}}