{"id":25996,"date":"2026-01-30T17:57:55","date_gmt":"2026-01-30T17:57:55","guid":{"rendered":"https:\/\/www.damac.it\/bez-kategorii\/komatsu-pc09\/"},"modified":"2026-02-02T14:53:40","modified_gmt":"2026-02-02T14:53:40","slug":"komatsu-pc09","status":"publish","type":"product","link":"https:\/\/www.damac.it\/pl\/minikoparki\/komatsu-pc09-rzym\/","title":{"rendered":"KOMATSU PC09"},"content":{"rendered":"\n<p><strong>Komatsu PC09<\/strong> to kompaktowa minikoparka zaprojektowana do dok\u0142adnej i wydajnej pracy w <strong>ograniczonych przestrzeniach<\/strong>, idealna do prac miejskich, renowacji, prac podziemnych i prac konserwacyjnych. Dzi\u0119ki <strong>masie roboczej wynosz\u0105cej zaledwie 975 kg<\/strong> i wyj\u0105tkowo kompaktowym wymiarom zapewnia \u0142atwy transport i dost\u0119p nawet do najtrudniejszych obszar\u00f3w. <\/p>\n\n<p>Ten model <strong>z 2015 r.<\/strong>, z <strong>1274 godzinami pracy<\/strong>, ma zerowy <strong>wychy\u0142<\/strong> ogona, co jest kluczow\u0105 cech\u0105 umo\u017cliwiaj\u0105c\u0105 bezpieczn\u0105 prac\u0119 w pobli\u017cu \u015bcian, ogrodze\u0144 i przeszk\u00f3d bez tylnych obci\u0105\u017ce\u0144. <strong>Zmienne podwozie<\/strong> umo\u017cliwia dostosowanie szeroko\u015bci maszyny do r\u00f3\u017cnych wymaga\u0144 placu budowy, zwi\u0119kszaj\u0105c stabilno\u015b\u0107 podczas kopania i zmniejszaj\u0105c mas\u0119 w ciasnych przestrzeniach. <\/p>\n\n<p>Silnik <strong>Komatsu 2D68E<\/strong> o mocy <strong>6,8 kW (9 KM)<\/strong> zapewnia niezawodno\u015b\u0107, niskie zu\u017cycie paliwa i sta\u0142\u0105 wydajno\u015b\u0107 przez d\u0142ugi czas. Uk\u0142ad hydrauliczny jest wyposa\u017cony w <strong>predyspozycje m\u0142ota<\/strong>, co rozszerza mo\u017cliwo\u015bci maszyny w zakresie ma\u0142ych prac wyburzeniowych. <\/p>\n\n<p>Minikoparka jest wyposa\u017cona w <strong>\u0142y\u017ck\u0119 do kopania i \u0142y\u017ck\u0119 do czyszczenia row\u00f3w CAME<\/strong>, dzi\u0119ki czemu jest gotowym do u\u017cycia rozwi\u0105zaniem dla profesjonalist\u00f3w i wykonawc\u00f3w. Jest ona dost\u0119pna w <strong>Rzymie<\/strong> i stanowi idealny wyb\u00f3r dla os\u00f3b poszukuj\u0105cych solidnej, zwrotnej i niezawodnej mikrokoparki. <\/p>\n\n<p><\/p>\n","protected":false},"excerpt":{"rendered":"<p>Minikoparka <strong data-start=\"1600\" data-end=\"1616\">Komatsu PC09<\/strong> z 2015 r. z <strong data-start=\"1630\" data-end=\"1643\">1274 godzinami<\/strong> pracy, zerowym wychyleniem ogona i zmiennym podwoziem. Waga 975 kg, silnik Komatsu 9 HP, system m\u0142ota i 2 \u0142y\u017cki w zestawie. Kompaktowa, niezawodna i idealna do pracy w ograniczonej przestrzeni. Dost\u0119pne w Rzymie.<\/p>\n","protected":false},"featured_media":26017,"template":"","meta":{"_acf_changed":false},"ubicazione_acf":[],"product_brand":[611],"product_cat":[413],"false":[749],"proprietario":[],"class_list":{"0":"post-25996","1":"product","2":"type-product","3":"status-publish","4":"has-post-thumbnail","6":"product_brand-komatsu","7":"product_cat-minikoparki","8":"product_tag-pl","9":"pa_brand-komatsu","11":"first","12":"instock","13":"sale","14":"sold-individually","15":"shipping-taxable","16":"purchasable","17":"product-type-simple"},"acf":[],"_links":{"self":[{"href":"https:\/\/www.damac.it\/pl\/wp-json\/wp\/v2\/product\/25996","targetHints":{"allow":["GET"]}}],"collection":[{"href":"https:\/\/www.damac.it\/pl\/wp-json\/wp\/v2\/product"}],"about":[{"href":"https:\/\/www.damac.it\/pl\/wp-json\/wp\/v2\/types\/product"}],"wp:featuredmedia":[{"embeddable":true,"href":"https:\/\/www.damac.it\/pl\/wp-json\/wp\/v2\/media\/26017"}],"wp:attachment":[{"href":"https:\/\/www.damac.it\/pl\/wp-json\/wp\/v2\/media?parent=25996"}],"wp:term":[{"taxonomy":"ubicazione_acf","embeddable":true,"href":"https:\/\/www.damac.it\/pl\/wp-json\/wp\/v2\/ubicazione_acf?post=25996"},{"taxonomy":"product_brand","embeddable":true,"href":"https:\/\/www.damac.it\/pl\/wp-json\/wp\/v2\/product_brand?post=25996"},{"taxonomy":"product_cat","embeddable":true,"href":"https:\/\/www.damac.it\/pl\/wp-json\/wp\/v2\/product_cat?post=25996"},{"taxonomy":"product_tag","embeddable":true,"href":"https:\/\/www.damac.it\/pl\/wp-json\/wp\/v2\/false?post=25996"},{"taxonomy":"proprietario","embeddable":true,"href":"https:\/\/www.damac.it\/pl\/wp-json\/wp\/v2\/proprietario?post=25996"}],"curies":[{"name":"wp","href":"https:\/\/api.w.org\/{rel}","templated":true}]}}