{"id":26544,"date":"2026-02-05T18:19:48","date_gmt":"2026-02-05T18:19:48","guid":{"rendered":"https:\/\/www.damac.it\/bez-kategorii\/kubota-u17-3a\/"},"modified":"2026-03-20T15:28:07","modified_gmt":"2026-03-20T15:28:07","slug":"kubota-u17-3a","status":"publish","type":"product","link":"https:\/\/www.damac.it\/pl\/minikoparki\/kubota-u17-3a-anguillara-sabazia\/","title":{"rendered":"Kubota U17-3a"},"content":{"rendered":"\n<p><strong>Kubota U17-3a<\/strong> to kompaktowa i niezawodna minikoparka, zaprojektowana z my\u015bl\u0105 o <strong>wysokiej wydajno\u015bci w ciasnych przestrzeniach<\/strong> i maksymalnej precyzji dzia\u0142ania. Zerowy <strong>wychy\u0142<\/strong> ogona umo\u017cliwia bezpieczn\u0105 prac\u0119 w pobli\u017cu \u015bcian, ogrodze\u0144 i przeszk\u00f3d, dzi\u0119ki czemu idealnie nadaje si\u0119 do budownictwa miejskiego, renowacji, konserwacji i sadzenia. <\/p>\n\n<p>Dzi\u0119ki <strong>masie roboczej wynosz\u0105cej 1730 kg<\/strong> i <strong>zmiennemu podwoziu<\/strong>, maszyna ta oferuje doskona\u0142y kompromis mi\u0119dzy stabilno\u015bci\u0105 podczas kopania a \u0142atwo\u015bci\u0105 dost\u0119pu w najw\u0119\u017cszych przej\u015bciach. <strong>3-cylindrowy silnik Kubota D902 o mocy 11,3 kW<\/strong> zapewnia niezawodno\u015b\u0107, niskie zu\u017cycie paliwa i p\u0142ynn\u0105 prac\u0119 nawet podczas d\u0142ugotrwa\u0142ego u\u017cytkowania. <\/p>\n\n<p><strong>Monolityczny wysi\u0119gnik<\/strong> w po\u0142\u0105czeniu z<strong>systemem \u0142amania<\/strong> rozszerza mo\u017cliwo\u015bci zastosowania, umo\u017cliwiaj\u0105c lekkie wyburzenia, wykopy techniczne i prace precyzyjne. Obecno\u015b\u0107<strong>szybkoz\u0142\u0105cza Cangini<\/strong> oraz <strong>trzech \u0142y\u017cek, m\u0142ota wyburzeniowego i przecinaka<\/strong> umo\u017cliwia szybk\u0105 wymian\u0119 osprz\u0119tu, poprawiaj\u0105c wydajno\u015b\u0107 i czas pracy. <\/p>\n\n<p>Dzi\u0119ki <strong>706 godzinom pracy<\/strong>, <strong>rocznikowi 2020<\/strong>, <strong>70% gumowym g\u0105sienicom<\/strong> i <strong>certyfikatowi<\/strong> CE, Kubota U17-3a jest gotowym do u\u017cycia rozwi\u0105zaniem dla profesjonalist\u00f3w poszukuj\u0105cych kompaktowo\u015bci, wszechstronno\u015bci i d\u0142ugoterminowej niezawodno\u015bci.<\/p>\n\n<div class=\"wp-block-webfactory-map\"><div class=\"wp-block-webfactory-map\"><iframe title=\"Mapa\" width=\"100%\" height=\"380px\" src=\"https:\/\/www.google.com\/maps\/embed\/v1\/place?q=anguillara%20sabazia&amp;maptype=roadmap&amp;zoom=7&amp;key=AIzaSyCbpj9Ji_jwudUhfVpTXiPB79zpZZSDW8c\" frameborder=\"0\"><\/iframe><\/div><\/div>\n","protected":false},"excerpt":{"rendered":"<p>Kubota U17-3a zero-tail swing 2020 z 706 godzinami pracy, zmiennym w\u00f3zkiem i systemem m\u0142ota. Kompaktowa, stabilna i kompletna z \u0142y\u017ckami i osprz\u0119tem. Idealna na miejskie place budowy i do prac precyzyjnych. Dost\u0119pny w Anguillara Sabazia w cenie 20 500 \u20ac bez VAT.   <\/p>\n","protected":false},"featured_media":30630,"template":"","meta":{"_acf_changed":false},"ubicazione_acf":[],"product_brand":[602],"product_cat":[413],"false":[749],"proprietario":[],"class_list":{"0":"post-26544","1":"product","2":"type-product","3":"status-publish","4":"has-post-thumbnail","6":"product_brand-kubota","7":"product_cat-minikoparki","8":"product_tag-pl","9":"pa_brand-kubota","11":"first","12":"instock","13":"sold-individually","14":"shipping-taxable","15":"purchasable","16":"product-type-simple"},"acf":[],"_links":{"self":[{"href":"https:\/\/www.damac.it\/pl\/wp-json\/wp\/v2\/product\/26544","targetHints":{"allow":["GET"]}}],"collection":[{"href":"https:\/\/www.damac.it\/pl\/wp-json\/wp\/v2\/product"}],"about":[{"href":"https:\/\/www.damac.it\/pl\/wp-json\/wp\/v2\/types\/product"}],"wp:featuredmedia":[{"embeddable":true,"href":"https:\/\/www.damac.it\/pl\/wp-json\/wp\/v2\/media\/30630"}],"wp:attachment":[{"href":"https:\/\/www.damac.it\/pl\/wp-json\/wp\/v2\/media?parent=26544"}],"wp:term":[{"taxonomy":"ubicazione_acf","embeddable":true,"href":"https:\/\/www.damac.it\/pl\/wp-json\/wp\/v2\/ubicazione_acf?post=26544"},{"taxonomy":"product_brand","embeddable":true,"href":"https:\/\/www.damac.it\/pl\/wp-json\/wp\/v2\/product_brand?post=26544"},{"taxonomy":"product_cat","embeddable":true,"href":"https:\/\/www.damac.it\/pl\/wp-json\/wp\/v2\/product_cat?post=26544"},{"taxonomy":"product_tag","embeddable":true,"href":"https:\/\/www.damac.it\/pl\/wp-json\/wp\/v2\/false?post=26544"},{"taxonomy":"proprietario","embeddable":true,"href":"https:\/\/www.damac.it\/pl\/wp-json\/wp\/v2\/proprietario?post=26544"}],"curies":[{"name":"wp","href":"https:\/\/api.w.org\/{rel}","templated":true}]}}