{"id":26664,"date":"2026-02-05T17:45:45","date_gmt":"2026-02-05T17:45:45","guid":{"rendered":"https:\/\/www.damac.it\/bez-kategorii\/wacker-neuson-ez17\/"},"modified":"2026-02-06T17:47:33","modified_gmt":"2026-02-06T17:47:33","slug":"wacker-neuson-ez17","status":"publish","type":"product","link":"https:\/\/www.damac.it\/pl\/minikoparki\/wacker-neuson-ez17-anguillara-sabazia\/","title":{"rendered":"WACKER NEUSON EZ17"},"content":{"rendered":"\n<p><strong>Wacker Neuson EZ17<\/strong> to kompaktowa minikoparka zaprojektowana w celu zapewnienia <strong>maksymalnej wydajno\u015bci pracy w ciasnych przestrzeniach<\/strong> bez po\u015bwi\u0119cania stabilno\u015bci i wydajno\u015bci. Dzi\u0119ki<strong> zerowemu<\/strong> wychyleniu<strong> ogona<\/strong> obraca si\u0119 ca\u0142kowicie w obrysie podwozia, co czyni j\u0105 idealn\u0105 do prac miejskich, renowacji, na budowach mieszkaniowych oraz do pracy w pobli\u017cu \u015bcian lub przeszk\u00f3d. <\/p>\n\n<p>Dzi\u0119ki <strong>masie operacyjnej wynosz\u0105cej 1780 kg<\/strong> i <strong>zmiennemu podwoziu<\/strong>, EZ17 zapewnia idealn\u0105 r\u00f3wnowag\u0119 mi\u0119dzy kompaktowo\u015bci\u0105 a bezpiecze\u0144stwem podczas kopania. Niezawodny i paliwooszcz\u0119dny <strong>silnik Yanmar o mocy 13,8 kW<\/strong> zapewnia sta\u0142\u0105 moc nawet podczas najbardziej wymagaj\u0105cych prac, a <strong>podw\u00f3jna pr\u0119dko\u015b\u0107 jazdy<\/strong> umo\u017cliwia szybkie przemieszczanie si\u0119 po placu budowy. <\/p>\n\n<p>Maszyna jest wyposa\u017cona w <strong>system m\u0142ot\u00f3w<\/strong>, co rozszerza mo\u017cliwo\u015bci jej zastosowania w lekkich pracach wyburzeniowych i konserwacyjnych. Ca\u0142o\u015b\u0107 uzupe\u0142niaj\u0105 3 \u0142y\u017cki koparkowe. <strong>Przedni<\/strong> lemiesz usprawnia operacje poziomowania i zwi\u0119ksza stabilno\u015b\u0107 podczas kopania. <strong>Gumowe<\/strong> g\u0105sienice umo\u017cliwiaj\u0105 r\u00f3wnie\u017c prac\u0119 na delikatnych powierzchniach, zmniejszaj\u0105c wp\u0142yw na pod\u0142o\u017ce.   <\/p>\n\n<p>Model <strong>2023<\/strong> z <strong>certyfikatem<\/strong> CE to niezawodne i profesjonalne rozwi\u0105zanie dla os\u00f3b poszukuj\u0105cych wszechstronnej, nowoczesnej i gotowej do pracy minikoparki.<\/p>\n\n<div class=\"wp-block-webfactory-map\"><div class=\"wp-block-webfactory-map\"><iframe title=\"Mapa\" width=\"100%\" height=\"380px\" src=\"https:\/\/www.google.com\/maps\/embed\/v1\/place?q=anguillara%20sabazia&amp;maptype=roadmap&amp;zoom=7&amp;key=AIzaSyCbpj9Ji_jwudUhfVpTXiPB79zpZZSDW8c\" frameborder=\"0\"><\/iframe><\/div><\/div>\n","protected":false},"excerpt":{"rendered":"<p>Minikoparka <strong data-start=\"1544\" data-end=\"1566\">Wacker Neuson EZ17<\/strong> z zerowym ogonem wahad\u0142owym, rok 2023, waga 1 780 kg. Kompaktowy, mocny i wszechstronny, idealny do pracy w ograniczonych przestrzeniach, na miejskich placach budowy i do profesjonalnej konserwacji.<\/p>\n","protected":false},"featured_media":26684,"template":"","meta":{"_acf_changed":false},"ubicazione_acf":[],"product_brand":[676],"product_cat":[413],"false":[749],"proprietario":[],"class_list":{"0":"post-26664","1":"product","2":"type-product","3":"status-publish","4":"has-post-thumbnail","6":"product_brand-wacker-neuson","7":"product_cat-minikoparki","8":"product_tag-pl","9":"pa_brand-wacker-neuson","11":"first","12":"instock","13":"sold-individually","14":"shipping-taxable","15":"purchasable","16":"product-type-simple"},"acf":[],"_links":{"self":[{"href":"https:\/\/www.damac.it\/pl\/wp-json\/wp\/v2\/product\/26664","targetHints":{"allow":["GET"]}}],"collection":[{"href":"https:\/\/www.damac.it\/pl\/wp-json\/wp\/v2\/product"}],"about":[{"href":"https:\/\/www.damac.it\/pl\/wp-json\/wp\/v2\/types\/product"}],"wp:featuredmedia":[{"embeddable":true,"href":"https:\/\/www.damac.it\/pl\/wp-json\/wp\/v2\/media\/26684"}],"wp:attachment":[{"href":"https:\/\/www.damac.it\/pl\/wp-json\/wp\/v2\/media?parent=26664"}],"wp:term":[{"taxonomy":"ubicazione_acf","embeddable":true,"href":"https:\/\/www.damac.it\/pl\/wp-json\/wp\/v2\/ubicazione_acf?post=26664"},{"taxonomy":"product_brand","embeddable":true,"href":"https:\/\/www.damac.it\/pl\/wp-json\/wp\/v2\/product_brand?post=26664"},{"taxonomy":"product_cat","embeddable":true,"href":"https:\/\/www.damac.it\/pl\/wp-json\/wp\/v2\/product_cat?post=26664"},{"taxonomy":"product_tag","embeddable":true,"href":"https:\/\/www.damac.it\/pl\/wp-json\/wp\/v2\/false?post=26664"},{"taxonomy":"proprietario","embeddable":true,"href":"https:\/\/www.damac.it\/pl\/wp-json\/wp\/v2\/proprietario?post=26664"}],"curies":[{"name":"wp","href":"https:\/\/api.w.org\/{rel}","templated":true}]}}