{"id":26820,"date":"2026-02-05T18:58:38","date_gmt":"2026-02-05T18:58:38","guid":{"rendered":"https:\/\/www.damac.it\/bez-kategorii\/caterpillar-311cu\/"},"modified":"2026-02-06T17:44:40","modified_gmt":"2026-02-06T17:44:40","slug":"caterpillar-311cu","status":"publish","type":"product","link":"https:\/\/www.damac.it\/pl\/koparki-gasienicowe\/caterpillar-311cu-anguillara-sabazia\/","title":{"rendered":"Caterpillar 311CU"},"content":{"rendered":"\n<p><strong>Caterpillar 311CU<\/strong> to koparka g\u0105sienicowa zaprojektowana do <strong>ci\u0119\u017ckiej i ci\u0105g\u0142ej pracy<\/strong> z niezawodno\u015bci\u0105 i sta\u0142\u0105 moc\u0105. Przy <strong>masie operacyjnej wynosz\u0105cej 13 300 kg<\/strong>, maszyna ta jest idealna do wykop\u00f3w strukturalnych, rob\u00f3t ziemnych, rob\u00f3t drogowych oraz \u015brednich i du\u017cych plac\u00f3w budowy, gdzie wytrzyma\u0142o\u015b\u0107 i stabilno\u015b\u0107 maj\u0105 kluczowe znaczenie. <\/p>\n\n<p><strong>Monolityczny wysi\u0119gnik<\/strong> zapewnia precyzj\u0119 i wytrzyma\u0142o\u015b\u0107 nawet przy du\u017cych obci\u0105\u017ceniach, a <strong>\u017celazne<\/strong> g\u0105sienice zapewniaj\u0105 optymaln\u0105 trakcj\u0119 w trudnym terenie i wymagaj\u0105cych warunkach. <strong>Zamkni\u0119ta kab<\/strong> ina zapewnia operatorowi komfort i ochron\u0119, zwi\u0119kszaj\u0105c wydajno\u015b\u0107 podczas d\u0142ugich dni pracy. <strong>Przedni<\/strong> lemiesz wspomaga poziomowanie i zwi\u0119ksza stabilno\u015b\u0107 podczas kopania.  <\/p>\n\n<p><strong>Silnik Caterpillar 3064 T o mocy 59 kW<\/strong> jest synonimem niezawodno\u015bci, wysokiego momentu obrotowego i zr\u00f3wnowa\u017conego zu\u017cycia paliwa, dzi\u0119ki czemu maszyna nadaje si\u0119 do intensywnego u\u017cytkowania. Obecno\u015b\u0107 <strong>uk\u0142adu wy\u0142\u0105cznika<\/strong> i <strong>zawor\u00f3w blokuj\u0105cych<\/strong> rozszerza mo\u017cliwo\u015bci operacyjne, umo\u017cliwiaj\u0105c kontrolowan\u0105 rozbi\u00f3rk\u0119 i bezpieczn\u0105 prac\u0119. <\/p>\n\n<p>Dzi\u0119ki <strong>4 375 godzinom pracy<\/strong>, <strong>rocznikowi 2007<\/strong>, <strong>70% g\u0105sienicom<\/strong> i <strong>certyfikatowi<\/strong> CE, Caterpillar 311CU jest solidnym, gotowym do u\u017cycia rozwi\u0105zaniem dla profesjonalist\u00f3w poszukuj\u0105cych prawdziwej wydajno\u015bci i trwa\u0142o\u015bci.<\/p>\n\n<div class=\"wp-block-webfactory-map\"><div class=\"wp-block-webfactory-map\"><iframe title=\"Mapa\" width=\"100%\" height=\"380px\" src=\"https:\/\/www.google.com\/maps\/embed\/v1\/place?q=anguillara%20sabazia&amp;maptype=roadmap&amp;zoom=7&amp;key=AIzaSyCbpj9Ji_jwudUhfVpTXiPB79zpZZSDW8c\" frameborder=\"0\"><\/iframe><\/div><\/div>\n","protected":false},"excerpt":{"rendered":"<p>13 300 kg Koparka g\u0105sienicowa <strong data-start=\"1568\" data-end=\"1589\">Caterpillar 311CU<\/strong>, rok 2007, 4 375 godzin. Solidna, mocna i niezawodna, z monolitycznym wysi\u0119gnikiem, systemem m\u0142ota i zamkni\u0119t\u0105 kabin\u0105 do ci\u0119\u017ckich prac.<\/p>\n","protected":false},"featured_media":26822,"template":"","meta":{"_acf_changed":false},"ubicazione_acf":[],"product_brand":[856],"product_cat":[435],"false":[749],"proprietario":[],"class_list":{"0":"post-26820","1":"product","2":"type-product","3":"status-publish","4":"has-post-thumbnail","6":"product_brand-caterpillar","7":"product_cat-koparki-gasienicowe","8":"product_tag-pl","9":"pa_brand-caterpillar","11":"first","12":"instock","13":"sold-individually","14":"shipping-taxable","15":"purchasable","16":"product-type-simple"},"acf":[],"_links":{"self":[{"href":"https:\/\/www.damac.it\/pl\/wp-json\/wp\/v2\/product\/26820","targetHints":{"allow":["GET"]}}],"collection":[{"href":"https:\/\/www.damac.it\/pl\/wp-json\/wp\/v2\/product"}],"about":[{"href":"https:\/\/www.damac.it\/pl\/wp-json\/wp\/v2\/types\/product"}],"wp:featuredmedia":[{"embeddable":true,"href":"https:\/\/www.damac.it\/pl\/wp-json\/wp\/v2\/media\/26822"}],"wp:attachment":[{"href":"https:\/\/www.damac.it\/pl\/wp-json\/wp\/v2\/media?parent=26820"}],"wp:term":[{"taxonomy":"ubicazione_acf","embeddable":true,"href":"https:\/\/www.damac.it\/pl\/wp-json\/wp\/v2\/ubicazione_acf?post=26820"},{"taxonomy":"product_brand","embeddable":true,"href":"https:\/\/www.damac.it\/pl\/wp-json\/wp\/v2\/product_brand?post=26820"},{"taxonomy":"product_cat","embeddable":true,"href":"https:\/\/www.damac.it\/pl\/wp-json\/wp\/v2\/product_cat?post=26820"},{"taxonomy":"product_tag","embeddable":true,"href":"https:\/\/www.damac.it\/pl\/wp-json\/wp\/v2\/false?post=26820"},{"taxonomy":"proprietario","embeddable":true,"href":"https:\/\/www.damac.it\/pl\/wp-json\/wp\/v2\/proprietario?post=26820"}],"curies":[{"name":"wp","href":"https:\/\/api.w.org\/{rel}","templated":true}]}}