{"id":27011,"date":"2026-02-05T19:23:54","date_gmt":"2026-02-05T19:23:54","guid":{"rendered":"https:\/\/www.damac.it\/bez-kategorii\/jcb-8018cts\/"},"modified":"2026-03-17T09:49:53","modified_gmt":"2026-03-17T09:49:53","slug":"jcb-8018cts","status":"publish","type":"product","link":"https:\/\/www.damac.it\/pl\/minikoparki\/jcb-8018cts-rzym\/","title":{"rendered":"JCB 8018CTS"},"content":{"rendered":"\n<p><strong>JCB 8018CTS<\/strong> to kompaktowa minikoparka zaprojektowana z my\u015bl\u0105 o zapewnieniu <strong>maksymalnej zwrotno\u015bci i niezawodno\u015bci dzia\u0142ania<\/strong> na ma\u0142ych placach budowy. Zerowe<strong> wychylenie<\/strong> ogona pozwala na bezpieczn\u0105 prac\u0119 nawet w ograniczonych przestrzeniach, blisko \u015bcian, ogrodze\u0144 i przeszk\u00f3d, co czyni j\u0105 idealn\u0105 do prac miejskich, konserwacji, sadzenia i renowacji. <\/p>\n\n<p>Dzi\u0119ki <strong>masie roboczej wynosz\u0105cej 1500 kg<\/strong> i <strong>zmiennemu podwoziu<\/strong> maszyna ta zapewnia doskona\u0142\u0105 stabilno\u015b\u0107 podczas kopania i \u0142atwy dost\u0119p w najw\u0119\u017cszych przej\u015bciach. <strong>Silnik Perkins 403D-11 o mocy 14,2 kW<\/strong> zapewnia niezawodne osi\u0105gi, niskie zu\u017cycie paliwa i p\u0142ynn\u0105 reakcj\u0119 nawet podczas d\u0142ugotrwa\u0142ego u\u017cytkowania. <\/p>\n\n<p>Obecno\u015b\u0107 <strong>lemiesza wyr\u00f3wnuj\u0105cego<\/strong> usprawnia operacje wyko\u0144czeniowe i zwi\u0119ksza stabilno\u015b\u0107 podczas pracy, a<strong>system m\u0142ota<\/strong> rozszerza mo\u017cliwo\u015bci operacyjne w zakresie lekkich prac wyburzeniowych i konserwacyjnych. <strong>Gumowe<\/strong> g\u0105sienice umo\u017cliwiaj\u0105 prac\u0119 na delikatnych powierzchniach, zmniejszaj\u0105c wp\u0142yw na pod\u0142o\u017ce. <\/p>\n\n<p>Maszyna jest <strong>w pe\u0142ni serwisowana<\/strong>, ma <strong>nowy fotel, nowe mocowania silnika i kabiny<\/strong> oraz <strong>wymieniony wy\u015bwietlacz zegara.<\/strong> Chocia\u017c godziny pracy nie s\u0105 czytelne, maszyna przepracowa\u0142a <strong>mniej ni\u017c 2500 godzin<\/strong> i jest <strong>gotowa do natychmiastowej pracy<\/strong>. <\/p>\n\n<p><\/p>\n","protected":false},"excerpt":{"rendered":"<p>Kompaktowa i niezawodna minikoparka <strong data-start=\"1496\" data-end=\"1511\">JCB 8018CTS<\/strong> o masie 1 500 kg z zerowym ogonem wahad\u0142owym. Zmienne podwozie, system m\u0142ota i przecinarka, gotowa do pracy w mie\u015bcie i w ograniczonych przestrzeniach. <\/p>\n","protected":false},"featured_media":27013,"template":"","meta":{"_acf_changed":false},"ubicazione_acf":[],"product_brand":[346],"product_cat":[413],"false":[749],"proprietario":[],"class_list":{"0":"post-27011","1":"product","2":"type-product","3":"status-publish","4":"has-post-thumbnail","6":"product_brand-jcb","7":"product_cat-minikoparki","8":"product_tag-pl","9":"pa_brand-jcb","11":"first","12":"outofstock","13":"sale","14":"sold-individually","15":"shipping-taxable","16":"purchasable","17":"product-type-simple"},"acf":[],"_links":{"self":[{"href":"https:\/\/www.damac.it\/pl\/wp-json\/wp\/v2\/product\/27011","targetHints":{"allow":["GET"]}}],"collection":[{"href":"https:\/\/www.damac.it\/pl\/wp-json\/wp\/v2\/product"}],"about":[{"href":"https:\/\/www.damac.it\/pl\/wp-json\/wp\/v2\/types\/product"}],"wp:featuredmedia":[{"embeddable":true,"href":"https:\/\/www.damac.it\/pl\/wp-json\/wp\/v2\/media\/27013"}],"wp:attachment":[{"href":"https:\/\/www.damac.it\/pl\/wp-json\/wp\/v2\/media?parent=27011"}],"wp:term":[{"taxonomy":"ubicazione_acf","embeddable":true,"href":"https:\/\/www.damac.it\/pl\/wp-json\/wp\/v2\/ubicazione_acf?post=27011"},{"taxonomy":"product_brand","embeddable":true,"href":"https:\/\/www.damac.it\/pl\/wp-json\/wp\/v2\/product_brand?post=27011"},{"taxonomy":"product_cat","embeddable":true,"href":"https:\/\/www.damac.it\/pl\/wp-json\/wp\/v2\/product_cat?post=27011"},{"taxonomy":"product_tag","embeddable":true,"href":"https:\/\/www.damac.it\/pl\/wp-json\/wp\/v2\/false?post=27011"},{"taxonomy":"proprietario","embeddable":true,"href":"https:\/\/www.damac.it\/pl\/wp-json\/wp\/v2\/proprietario?post=27011"}],"curies":[{"name":"wp","href":"https:\/\/api.w.org\/{rel}","templated":true}]}}