{"id":28214,"date":"2026-02-25T12:32:18","date_gmt":"2026-02-25T12:32:18","guid":{"rendered":"https:\/\/www.damac.it\/bez-kategorii\/caterpillar-246c\/"},"modified":"2026-03-11T12:53:35","modified_gmt":"2026-03-11T12:53:35","slug":"caterpillar-246c","status":"publish","type":"product","link":"https:\/\/www.damac.it\/pl\/miniladowarki\/caterpillar-246c-foggia\/","title":{"rendered":"CATERPILLAR 246C"},"content":{"rendered":"\n<p><strong>CATERPILLAR 246C z 2008 roku<\/strong> to wysokowydajna \u0142adowarka o sterowaniu burtowym zaprojektowana w celu zagwarantowania <strong>mocy, niezawodno\u015bci i wszechstronno\u015bci operacyjnej<\/strong> w zastosowaniach budowlanych, rolniczych i przemys\u0142owych. Dzi\u0119ki <strong>1600 godzinom<\/strong> pracy, maszyna ta stanowi doskona\u0142e rozwi\u0105zanie dla os\u00f3b poszukuj\u0105cych gotowego do u\u017cycia profesjonalnego pojazdu, dost\u0119pnego w Foggii. <\/p>\n\n<p>Wyposa\u017cona w <strong>4-cylindrowy silnik Caterpillar 3044C DIT o mocy 57 kW<\/strong>, zapewnia sta\u0142\u0105 wydajno\u015b\u0107 i zoptymalizowane zu\u017cycie paliwa nawet w najbardziej wymagaj\u0105cych operacjach. System <strong>High Flow<\/strong> umo\u017cliwia korzystanie z zaawansowanego osprz\u0119tu hydraulicznego, rozszerzaj\u0105c mo\u017cliwo\u015bci operacyjne w miejscu pracy. Jego ud\u017awig <strong>do 975 kg<\/strong> sprawia, \u017ce idealnie nadaje si\u0119 do przenoszenia materia\u0142\u00f3w, za\u0142adunku ci\u0119\u017car\u00f3wek, poziomowania i prac precyzyjnych.  <\/p>\n\n<p><strong>Zamkni\u0119ta, klimatyzowana kab<\/strong> ina zapewnia operatorowi komfort i ochron\u0119 o ka\u017cdej porze roku, a <strong>nowe opony<\/strong> gwarantuj\u0105 stabilno\u015b\u0107 i przyczepno\u015b\u0107 na r\u00f3\u017cnych nawierzchniach. W komplecie z \u0142y\u017ck\u0105, tablic\u0105 rejestracyjn\u0105 i certyfikatem CE, ta \u0142adowarka o sterowaniu burtowym jest gotowa do natychmiastowej pracy. Dzi\u0119ki masie 3400 kg i kompaktowym wymiarom Caterpillar 246C oferuje <strong>maksymaln\u0105 wydajno\u015b\u0107, niezawodno\u015b\u0107 Caterpillar i niski koszt posiadania.<\/strong>  <\/p>\n","protected":false},"excerpt":{"rendered":"<p>CATERPILLAR 246C z 2008 roku z przebiegiem 1600 godzin, du\u017cym ud\u017awigiem i nowymi oponami. Zamkni\u0119ta kabina z klimatyzacj\u0105, moc 57 kW i ud\u017awig 975 kg. W komplecie z \u0142y\u017ck\u0105 i certyfikatem CE.   Dost\u0119pne w miejscowo\u015bci Foggia.<\/p>\n","protected":false},"featured_media":28216,"template":"","meta":{"_acf_changed":false},"ubicazione_acf":[],"product_brand":[856],"product_cat":[425],"false":[749],"proprietario":[],"class_list":{"0":"post-28214","1":"product","2":"type-product","3":"status-publish","4":"has-post-thumbnail","6":"product_brand-caterpillar","7":"product_cat-miniladowarki","8":"product_tag-pl","9":"pa_brand-caterpillar","11":"first","12":"outofstock","13":"sold-individually","14":"shipping-taxable","15":"purchasable","16":"product-type-simple"},"acf":[],"_links":{"self":[{"href":"https:\/\/www.damac.it\/pl\/wp-json\/wp\/v2\/product\/28214","targetHints":{"allow":["GET"]}}],"collection":[{"href":"https:\/\/www.damac.it\/pl\/wp-json\/wp\/v2\/product"}],"about":[{"href":"https:\/\/www.damac.it\/pl\/wp-json\/wp\/v2\/types\/product"}],"wp:featuredmedia":[{"embeddable":true,"href":"https:\/\/www.damac.it\/pl\/wp-json\/wp\/v2\/media\/28216"}],"wp:attachment":[{"href":"https:\/\/www.damac.it\/pl\/wp-json\/wp\/v2\/media?parent=28214"}],"wp:term":[{"taxonomy":"ubicazione_acf","embeddable":true,"href":"https:\/\/www.damac.it\/pl\/wp-json\/wp\/v2\/ubicazione_acf?post=28214"},{"taxonomy":"product_brand","embeddable":true,"href":"https:\/\/www.damac.it\/pl\/wp-json\/wp\/v2\/product_brand?post=28214"},{"taxonomy":"product_cat","embeddable":true,"href":"https:\/\/www.damac.it\/pl\/wp-json\/wp\/v2\/product_cat?post=28214"},{"taxonomy":"product_tag","embeddable":true,"href":"https:\/\/www.damac.it\/pl\/wp-json\/wp\/v2\/false?post=28214"},{"taxonomy":"proprietario","embeddable":true,"href":"https:\/\/www.damac.it\/pl\/wp-json\/wp\/v2\/proprietario?post=28214"}],"curies":[{"name":"wp","href":"https:\/\/api.w.org\/{rel}","templated":true}]}}