{"id":28479,"date":"2026-02-26T11:10:00","date_gmt":"2026-02-26T11:10:00","guid":{"rendered":"https:\/\/www.damac.it\/bez-kategorii\/turchi-300f-3\/"},"modified":"2026-04-13T10:00:26","modified_gmt":"2026-04-13T10:00:26","slug":"turchi-300f-3","status":"publish","type":"product","link":"https:\/\/www.damac.it\/pl\/kafary-hydrauliczne\/turchi-300f-3-parma\/","title":{"rendered":"TURCHI 300F"},"content":{"rendered":"\n<p>Nowa kafar <strong><a href=\"https:\/\/www.damac.it\/pl\/palownica-hydrauliczna-turchi-300f\/\">TURCHI 300F<\/a> z rocznika 2026<\/strong> to profesjonalna maszyna zaprojektowana, aby zapewni\u0107 <strong>maksymaln\u0105 moc, precyzj\u0119 i wydajno\u015b\u0107<\/strong> podczas monta\u017cu s\u0142upk\u00f3w ogrodzeniowych, winnic, instalacji fotowoltaicznych oraz konstrukcji rolniczych. Dost\u0119pna od r\u0119ki w Parmie, stanowi idealne rozwi\u0105zanie dla firm poszukuj\u0105cych nowoczesnego, wydajnego sprz\u0119tu zgodnego z obowi\u0105zuj\u0105cymi normami. <\/p>\n\n<p>Wyposa\u017cony w <strong>m\u0142ot o mocy 1200 d\u017culi<\/strong>, gwarantuje wysok\u0105 zdolno\u015b\u0107 penetracji nawet na zwartym i trudnym pod\u0142o\u017cu. Jego<strong>przed\u0142u\u017cenie do wysoko\u015bci 6 metr\u00f3w<\/strong> pozwala na prac\u0119 na du\u017cych palach, dzi\u0119ki czemu idealnie nadaje si\u0119 do instalacji fotowoltaicznych i konstrukcji przemys\u0142owych. <strong>W 100% gumowy<\/strong> system g\u0105sienic zapewnia stabilno\u015b\u0107, przyczepno\u015b\u0107 i zmniejszony wp\u0142yw na pod\u0142o\u017ce, dzi\u0119ki czemu jest idealny nawet na delikatnych powierzchniach.  <\/p>\n\n<p>Silnik <strong>Doosan<\/strong> gwarantuje niezawodno\u015b\u0107, wydajno\u015b\u0107 i ci\u0105g\u0142o\u015b\u0107 pracy podczas d\u0142ugich sesji roboczych. Dzi\u0119ki wadze 4500 kg i kompaktowej konstrukcji, TURCHI 300F \u0142\u0105czy w sobie solidno\u015b\u0107 i \u0142atwo\u015b\u0107 transportu.<strong>Opcjonalny wyci\u0105g mechaniczny<\/strong> dodatkowo rozszerza mo\u017cliwo\u015bci operacyjne, umo\u017cliwiaj\u0105c szybkie usuwanie s\u0142up\u00f3w. W komplecie z certyfikatem CE i dokumentacj\u0105 techniczn\u0105, jest to maszyna gotowa do zagwarantowania <strong>profesjonalnej wydajno\u015bci i natychmiastowego zwrotu z inwestycji<\/strong>.   <\/p>\n\n<p><\/p>\n","protected":false},"excerpt":{"rendered":"<p>TURCHI 300F nowy 2026 z m\u0142otem 1200 d\u017culi i wysi\u0119gnikiem 6 metr\u00f3w. Idealny do pali fotowoltaicznych i ogrodze\u0144. Silnik Doosan, g\u0105sienice gumowe i natychmiastowa dostawa w Parmie. Opcjonalny ekstraktor mechaniczny.   <\/p>\n","protected":false},"featured_media":28491,"template":"","meta":{"_acf_changed":false},"ubicazione_acf":[],"product_brand":[599],"product_cat":[418],"false":[749],"proprietario":[],"class_list":{"0":"post-28479","1":"product","2":"type-product","3":"status-publish","4":"has-post-thumbnail","6":"product_brand-turchi","7":"product_cat-kafary-hydrauliczne","8":"product_tag-pl","9":"pa_brand-turchi","11":"first","12":"instock","13":"sale","14":"sold-individually","15":"shipping-taxable","16":"purchasable","17":"product-type-simple"},"acf":[],"_links":{"self":[{"href":"https:\/\/www.damac.it\/pl\/wp-json\/wp\/v2\/product\/28479","targetHints":{"allow":["GET"]}}],"collection":[{"href":"https:\/\/www.damac.it\/pl\/wp-json\/wp\/v2\/product"}],"about":[{"href":"https:\/\/www.damac.it\/pl\/wp-json\/wp\/v2\/types\/product"}],"wp:featuredmedia":[{"embeddable":true,"href":"https:\/\/www.damac.it\/pl\/wp-json\/wp\/v2\/media\/28491"}],"wp:attachment":[{"href":"https:\/\/www.damac.it\/pl\/wp-json\/wp\/v2\/media?parent=28479"}],"wp:term":[{"taxonomy":"ubicazione_acf","embeddable":true,"href":"https:\/\/www.damac.it\/pl\/wp-json\/wp\/v2\/ubicazione_acf?post=28479"},{"taxonomy":"product_brand","embeddable":true,"href":"https:\/\/www.damac.it\/pl\/wp-json\/wp\/v2\/product_brand?post=28479"},{"taxonomy":"product_cat","embeddable":true,"href":"https:\/\/www.damac.it\/pl\/wp-json\/wp\/v2\/product_cat?post=28479"},{"taxonomy":"product_tag","embeddable":true,"href":"https:\/\/www.damac.it\/pl\/wp-json\/wp\/v2\/false?post=28479"},{"taxonomy":"proprietario","embeddable":true,"href":"https:\/\/www.damac.it\/pl\/wp-json\/wp\/v2\/proprietario?post=28479"}],"curies":[{"name":"wp","href":"https:\/\/api.w.org\/{rel}","templated":true}]}}