{"id":28648,"date":"2026-02-27T14:30:55","date_gmt":"2026-02-27T14:30:55","guid":{"rendered":"https:\/\/www.damac.it\/bez-kategorii\/hamm-hd8\/"},"modified":"2026-03-21T13:53:20","modified_gmt":"2026-03-21T13:53:20","slug":"hamm-hd8","status":"publish","type":"product","link":"https:\/\/www.damac.it\/pl\/walce-zageszczajace\/hamm-hd8-livorno\/","title":{"rendered":"HAMM HD8"},"content":{"rendered":"\n<p><strong>HAMM HD8 z 2010 r.<\/strong> to tandemowy walec \u017celazno-\u017celazny zaprojektowany z my\u015bl\u0105 o zapewnieniu <strong>r\u00f3wnomiernego zag\u0119szczania, stabilno\u015bci i maksymalnej produktywno\u015bci<\/strong> w miejskich pracach drogowych i konserwacji asfaltu. Dzi\u0119ki <strong>1320 godzinom<\/strong> pracy jest to niezawodne rozwi\u0105zanie dla firm poszukuj\u0105cych kompaktowego, ale wydajnego pojazdu dost\u0119pnego w Livorno. <\/p>\n\n<p>Dzi\u0119ki <strong>podw\u00f3jnym wibracjom na obu b\u0119bnach<\/strong> i cz\u0119stotliwo\u015bci 65 Hz, HD8 zapewnia skuteczny rozk\u0142ad si\u0142y zag\u0119szczania na asfalcie i podbudowach z granulatu. <strong>Szeroko\u015b\u0107 robocza 800 mm<\/strong> sprawia, \u017ce idealnie nadaje si\u0119 do pracy na chodnikach, \u015bcie\u017ckach rowerowych, parkingach i w ograniczonych przestrzeniach. <strong>3-cylindrowy<\/strong> silnik <strong>Kubota D1005-E3B o mocy 14,8 kW<\/strong> gwarantuje niezawodno\u015b\u0107, niskie zu\u017cycie paliwa i sta\u0142\u0105 wydajno\u015b\u0107 nawet w najbardziej wymagaj\u0105cych sesjach.  <\/p>\n\n<p>Dzi\u0119ki <strong>nap\u0119dowi na wszystkie ko\u0142a 4&#215;4<\/strong>, pr\u0119dko\u015bci do 11 km\/h i <strong>bezpiecznej<\/strong> konstrukcji <strong>ROPS<\/strong>, HAMM HD8 zapewnia kontrol\u0119 i przyczepno\u015b\u0107 na r\u00f3\u017cnych powierzchniach. G\u0142adkie b\u0119bny o szeroko\u015bci 800 mm i \u015brednicy 620 mm zapewniaj\u0105 g\u0142adkie wyko\u0144czenie. W komplecie z p\u0142yt\u0105 i dokumentami, jest gotowa do natychmiastowej pracy, oferuj\u0105c <strong>wydajno\u015b\u0107 operacyjn\u0105 i profesjonaln\u0105 jako\u015b\u0107 zag\u0119szczania<\/strong>.  <\/p>\n","protected":false},"excerpt":{"rendered":"<p>HAMM HD8 2010 z 1320 godzinami, podw\u00f3jn\u0105 wibracj\u0105 i nap\u0119dem na wszystkie ko\u0142a 4&#215;4. Silnik Kubota 14,8 kW, szeroko\u015b\u0107 robocza 800 mm. Idealna na asfalt i miejskie place budowy. Dost\u0119pny w Livorno.  <\/p>\n","protected":false},"featured_media":28656,"template":"","meta":{"_acf_changed":false},"ubicazione_acf":[],"product_brand":[905],"product_cat":[467],"false":[749],"proprietario":[],"class_list":{"0":"post-28648","1":"product","2":"type-product","3":"status-publish","4":"has-post-thumbnail","6":"product_brand-hamm","7":"product_cat-walce-zageszczajace","8":"product_tag-pl","9":"pa_brand-hamm","11":"first","12":"instock","13":"sold-individually","14":"shipping-taxable","15":"purchasable","16":"product-type-simple"},"acf":[],"_links":{"self":[{"href":"https:\/\/www.damac.it\/pl\/wp-json\/wp\/v2\/product\/28648","targetHints":{"allow":["GET"]}}],"collection":[{"href":"https:\/\/www.damac.it\/pl\/wp-json\/wp\/v2\/product"}],"about":[{"href":"https:\/\/www.damac.it\/pl\/wp-json\/wp\/v2\/types\/product"}],"wp:featuredmedia":[{"embeddable":true,"href":"https:\/\/www.damac.it\/pl\/wp-json\/wp\/v2\/media\/28656"}],"wp:attachment":[{"href":"https:\/\/www.damac.it\/pl\/wp-json\/wp\/v2\/media?parent=28648"}],"wp:term":[{"taxonomy":"ubicazione_acf","embeddable":true,"href":"https:\/\/www.damac.it\/pl\/wp-json\/wp\/v2\/ubicazione_acf?post=28648"},{"taxonomy":"product_brand","embeddable":true,"href":"https:\/\/www.damac.it\/pl\/wp-json\/wp\/v2\/product_brand?post=28648"},{"taxonomy":"product_cat","embeddable":true,"href":"https:\/\/www.damac.it\/pl\/wp-json\/wp\/v2\/product_cat?post=28648"},{"taxonomy":"product_tag","embeddable":true,"href":"https:\/\/www.damac.it\/pl\/wp-json\/wp\/v2\/false?post=28648"},{"taxonomy":"proprietario","embeddable":true,"href":"https:\/\/www.damac.it\/pl\/wp-json\/wp\/v2\/proprietario?post=28648"}],"curies":[{"name":"wp","href":"https:\/\/api.w.org\/{rel}","templated":true}]}}