{"id":28805,"date":"2026-02-27T16:09:58","date_gmt":"2026-02-27T16:09:58","guid":{"rendered":"https:\/\/www.damac.it\/bez-kategorii\/jcb-js220nc\/"},"modified":"2026-04-07T06:51:14","modified_gmt":"2026-04-07T06:51:14","slug":"jcb-js220nc","status":"publish","type":"product","link":"https:\/\/www.damac.it\/pl\/koparki-gasienicowe\/jcb-js220nc-foggia\/","title":{"rendered":"JCB JS220NC"},"content":{"rendered":"\n<p><strong>JCB JS220NC z 2005 roku<\/strong> to <a href=\"https:\/\/www.damac.it\/pl\/koparki-gasienicowe\/\">koparka g\u0105sienicowa<\/a> o masie 22,5 tony, zaprojektowana w celu zapewnienia <strong>mocy kopania, wytrzyma\u0142o\u015bci konstrukcyjnej i niezawodno\u015bci operacyjnej<\/strong> na najbardziej wymagaj\u0105cych placach budowy. Z <strong>9000 godzinami pracy<\/strong> maszyna ta stanowi solidne rozwi\u0105zanie dla firm budowlanych, rob\u00f3t drogowych, rozbi\u00f3rki i prac ziemnych na du\u017c\u0105 skal\u0119. Dost\u0119pna w Foggia, gotowa do natychmiastowego wdro\u017cenia do produkcji.  <\/p>\n\n<p>Model JS220NC, nap\u0119dzany 4-cylindrowym silnikiem <strong>ISUZU 4HK1X o mocy 128 kW (172 KM)<\/strong>, oferuje sta\u0142\u0105 si\u0142\u0119, wysoki moment obrotowy i idealn\u0105 wydajno\u015b\u0107 do g\u0142\u0119bokich wykop\u00f3w i ci\u0119\u017ckich \u0142adunk\u00f3w. <strong>Monolityczny<\/strong> wysi\u0119gnik zapewnia stabilno\u015b\u0107 i precyzj\u0119 ruch\u00f3w, a <strong>\u017celazne g<\/strong> \u0105sienice gwarantuj\u0105 wytrzyma\u0142o\u015b\u0107 i przyczepno\u015b\u0107 na zwartym i nier\u00f3wnym terenie.<strong>Zainstalowany system m\u0142ota<\/strong> rozszerza mo\u017cliwo\u015bci operacyjne, dzi\u0119ki czemu nadaje si\u0119 r\u00f3wnie\u017c do lekkich wyburze\u0144 i pracy z osprz\u0119tem hydraulicznym.  <\/p>\n\n<p><strong>Zamkni\u0119ta kabina<\/strong> zapewnia operatorowi ochron\u0119 i komfort podczas d\u0142ugich dni pracy. Wyposa\u017cony w <a href=\"https:\/\/www.damac.it\/pl\/akcesoria\/\">\u0142y\u017ck\u0119<\/a> do kopania i certyfikat CE, JCB JS220NC to niezawodna maszyna dla tych, kt\u00f3rzy poszukuj\u0105 <strong>profesjonalnej wydajno\u015bci i konkretnej produktywno\u015bci<\/strong> przy konkurencyjnej inwestycji. <\/p>\n","protected":false},"excerpt":{"rendered":"<p>JCB JS220NC 2005, 22 550 kg, silnik ISUZU 128 kW, instalacja m\u0142ota i \u0142y\u017cka w zestawie. G\u0105sienice stalowe, kabina zamkni\u0119ta, idealna do wykop\u00f3w i rozbi\u00f3rki.  Dost\u0119pne w miejscowo\u015bci Foggia.<\/p>\n","protected":false},"featured_media":28807,"template":"","meta":{"_acf_changed":false},"ubicazione_acf":[],"product_brand":[346],"product_cat":[435],"false":[749],"proprietario":[],"class_list":{"0":"post-28805","1":"product","2":"type-product","3":"status-publish","4":"has-post-thumbnail","6":"product_brand-jcb","7":"product_cat-koparki-gasienicowe","8":"product_tag-pl","9":"pa_brand-jcb","11":"first","12":"outofstock","13":"sold-individually","14":"shipping-taxable","15":"purchasable","16":"product-type-simple"},"acf":[],"_links":{"self":[{"href":"https:\/\/www.damac.it\/pl\/wp-json\/wp\/v2\/product\/28805","targetHints":{"allow":["GET"]}}],"collection":[{"href":"https:\/\/www.damac.it\/pl\/wp-json\/wp\/v2\/product"}],"about":[{"href":"https:\/\/www.damac.it\/pl\/wp-json\/wp\/v2\/types\/product"}],"wp:featuredmedia":[{"embeddable":true,"href":"https:\/\/www.damac.it\/pl\/wp-json\/wp\/v2\/media\/28807"}],"wp:attachment":[{"href":"https:\/\/www.damac.it\/pl\/wp-json\/wp\/v2\/media?parent=28805"}],"wp:term":[{"taxonomy":"ubicazione_acf","embeddable":true,"href":"https:\/\/www.damac.it\/pl\/wp-json\/wp\/v2\/ubicazione_acf?post=28805"},{"taxonomy":"product_brand","embeddable":true,"href":"https:\/\/www.damac.it\/pl\/wp-json\/wp\/v2\/product_brand?post=28805"},{"taxonomy":"product_cat","embeddable":true,"href":"https:\/\/www.damac.it\/pl\/wp-json\/wp\/v2\/product_cat?post=28805"},{"taxonomy":"product_tag","embeddable":true,"href":"https:\/\/www.damac.it\/pl\/wp-json\/wp\/v2\/false?post=28805"},{"taxonomy":"proprietario","embeddable":true,"href":"https:\/\/www.damac.it\/pl\/wp-json\/wp\/v2\/proprietario?post=28805"}],"curies":[{"name":"wp","href":"https:\/\/api.w.org\/{rel}","templated":true}]}}