{"id":28903,"date":"2026-03-02T08:07:58","date_gmt":"2026-03-02T08:07:58","guid":{"rendered":"https:\/\/www.damac.it\/bez-kategorii\/dumper-4x4\/"},"modified":"2026-03-24T07:02:31","modified_gmt":"2026-03-24T07:02:31","slug":"dumper-4x4","status":"publish","type":"product","link":"https:\/\/www.damac.it\/pl\/wozidlo\/dumper-4x4-livorno\/","title":{"rendered":"DUMPER 4X4"},"content":{"rendered":"\n<p><strong>U\u017cywany <a href=\"https:\/\/www.damac.it\/dumper\/\">DUMPER<\/a> 4X4 z 1990 roku<\/strong> to kompaktowa i wytrzyma\u0142a maszyna, idealna do transportu materia\u0142\u00f3w na placach budowy, prac rolniczych i operacji w trudnym terenie. Dzi\u0119ki nap\u0119dowi <strong>na wszystkie ko\u0142a 4&#215;4<\/strong> zapewnia doskona\u0142\u0105 przyczepno\u015b\u0107 i stabilno\u015b\u0107 nawet na nier\u00f3wnych, b\u0142otnistych lub pochy\u0142ych powierzchniach, gwarantuj\u0105c ci\u0105g\u0142o\u015b\u0107 pracy tam, gdzie inne pojazdy mog\u0105 mie\u0107 trudno\u015bci. <\/p>\n\n<p>Mocn\u0105 stron\u0105 tego wozid\u0142a jest jego <strong>przechylna i obrotowa skrzynia<\/strong>, kt\u00f3ra umo\u017cliwia boczny i przedni roz\u0142adunek materia\u0142u z wi\u0119ksz\u0105 precyzj\u0105 i szybko\u015bci\u0105. Ta cecha sprawia, \u017ce jest ona szczeg\u00f3lnie odpowiednia do pracy w ograniczonych przestrzeniach, renowacji miejskich i przenoszenia ziemi, piasku, gruzu lub materia\u0142\u00f3w budowlanych. <strong>R\u0119czna skrzynia<\/strong> bieg\u00f3w zapewnia bezpo\u015brednie sterowanie i prostot\u0119 mechaniczn\u0105, u\u0142atwiaj\u0105c konserwacj\u0119 i obs\u0142ug\u0119 w czasie.  <\/p>\n\n<p>Wyposa\u017cony w 4 opony zu\u017cywaj\u0105ce si\u0119 w 50%, pojazd jest ekonomicznym i funkcjonalnym rozwi\u0105zaniem dla tych, kt\u00f3rzy szukaj\u0105 sprawnego wozid\u0142a budowlanego przy niskich nak\u0142adach inwestycyjnych. Dost\u0119pny w Livorno, jest praktycznym wyborem dla firm wymagaj\u0105cych <strong>wszechstronno\u015bci, nap\u0119du na cztery ko\u0142a i \u0142atwo\u015bci u\u017cytkowania<\/strong> w tradycyjnych warunkach pracy. <\/p>\n","protected":false},"excerpt":{"rendered":"<p>U\u017cywany wywrotka 4X4 ze skrzyni\u0105 wywrotn\u0105 i obrotow\u0105, idealna na place budowy i trudne tereny. Skrzynia manualna, nap\u0119d na cztery ko\u0142a i kompaktowa konstrukcja. Dost\u0119pna w Livorno.  <\/p>\n","protected":false},"featured_media":28910,"template":"","meta":{"_acf_changed":false},"ubicazione_acf":[],"product_brand":[916],"product_cat":[917],"false":[749],"proprietario":[],"class_list":{"0":"post-28903","1":"product","2":"type-product","3":"status-publish","4":"has-post-thumbnail","6":"product_brand-dumper","7":"product_cat-wozidlo","8":"product_tag-pl","9":"pa_brand-dumper","11":"first","12":"instock","13":"sold-individually","14":"shipping-taxable","15":"purchasable","16":"product-type-simple"},"acf":[],"_links":{"self":[{"href":"https:\/\/www.damac.it\/pl\/wp-json\/wp\/v2\/product\/28903","targetHints":{"allow":["GET"]}}],"collection":[{"href":"https:\/\/www.damac.it\/pl\/wp-json\/wp\/v2\/product"}],"about":[{"href":"https:\/\/www.damac.it\/pl\/wp-json\/wp\/v2\/types\/product"}],"wp:featuredmedia":[{"embeddable":true,"href":"https:\/\/www.damac.it\/pl\/wp-json\/wp\/v2\/media\/28910"}],"wp:attachment":[{"href":"https:\/\/www.damac.it\/pl\/wp-json\/wp\/v2\/media?parent=28903"}],"wp:term":[{"taxonomy":"ubicazione_acf","embeddable":true,"href":"https:\/\/www.damac.it\/pl\/wp-json\/wp\/v2\/ubicazione_acf?post=28903"},{"taxonomy":"product_brand","embeddable":true,"href":"https:\/\/www.damac.it\/pl\/wp-json\/wp\/v2\/product_brand?post=28903"},{"taxonomy":"product_cat","embeddable":true,"href":"https:\/\/www.damac.it\/pl\/wp-json\/wp\/v2\/product_cat?post=28903"},{"taxonomy":"product_tag","embeddable":true,"href":"https:\/\/www.damac.it\/pl\/wp-json\/wp\/v2\/false?post=28903"},{"taxonomy":"proprietario","embeddable":true,"href":"https:\/\/www.damac.it\/pl\/wp-json\/wp\/v2\/proprietario?post=28903"}],"curies":[{"name":"wp","href":"https:\/\/api.w.org\/{rel}","templated":true}]}}