{"id":29006,"date":"2026-03-02T08:51:58","date_gmt":"2026-03-02T08:51:58","guid":{"rendered":"https:\/\/www.damac.it\/bez-kategorii\/jcb-2cx-3\/"},"modified":"2026-04-22T17:59:45","modified_gmt":"2026-04-22T17:59:45","slug":"jcb-2cx-3","status":"publish","type":"product","link":"https:\/\/www.damac.it\/pl\/koparko-ladowarki\/jcb-2cx-3-rzym\/","title":{"rendered":"JCB 2CX"},"content":{"rendered":"\n<p><strong>JCB 2CX z 2004 roku<\/strong> to kompaktowa i bardzo wszechstronna koparko-\u0142adowarka, idealna do prac budowlanych, utrzymania dr\u00f3g i prac rolniczych wymagaj\u0105cych <strong>mocy, precyzji i zwrotno\u015bci w ciasnych przestrzeniach<\/strong>. Z przebiegiem zaledwie <strong>500 godzin<\/strong>, maszyna ta stanowi rzadk\u0105 okazj\u0119 na rynku maszyn u\u017cywanych, gotow\u0105 do natychmiastowego wej\u015bcia na plac budowy. Dost\u0119pna w Rzymie, zarejestrowana i z kompletn\u0105 dokumentacj\u0105.  <\/p>\n\n<p>Wyposa\u017cony w silnik <strong>Perkins 1004 o mocy 57 kW<\/strong>, gwarantuje niezawodno\u015b\u0107, sta\u0142y moment obrotowy i niskie zu\u017cycie paliwa. Nap\u0119d <strong>na wszystkie ko\u0142a 4&#215;4<\/strong> zapewnia maksymaln\u0105 przyczepno\u015b\u0107 na nier\u00f3wnym, b\u0142otnistym lub pochy\u0142ym terenie, a opony 90% zapewniaj\u0105 dodatkowe bezpiecze\u0144stwo pracy. <strong>Zamkni\u0119ta kabina<\/strong> chroni operatora i umo\u017cliwia prac\u0119 o ka\u017cdej porze roku przy zachowaniu komfortu i optymalnej widoczno\u015bci.  <\/p>\n\n<p>Wyposa\u017cona w <strong>\u0142y\u017ck\u0119 chwytakow\u0105, wid\u0142y przednie, tylne rami\u0119 teleskopowe z dwiema \u0142y\u017ckami do kopania i m\u0142otem wyburzeniowym<\/strong>, JCB 2CX jest idealna do kopania, za\u0142adunku materia\u0142\u00f3w, rob\u00f3t ziemnych i ma\u0142ych prac wyburzeniowych. Kompaktowe wymiary (4880 \u00d7 1800 \u00d7 2590 mm) sprawiaj\u0105, \u017ce jest to idealne rozwi\u0105zanie dla centr\u00f3w miast i plac\u00f3w budowy o ograniczonym dost\u0119pie. Solidna, wysokowydajna maszyna, kt\u00f3ra zapewnia <strong>maksymaln\u0105 produktywno\u015b\u0107 i wszechstronno\u015b\u0107 operacyjn\u0105<\/strong>.  <\/p>\n\n<p><\/p>\n","protected":false},"excerpt":{"rendered":"<p>JCB 2CX 2004 z zaledwie 500 godz., 4&#215;4, kabina zamkni\u0119ta i rami\u0119 teleskopowe. Kompletna z \u0142y\u017ck\u0105 chwytakow\u0105 i wid\u0142ami przednimi, 2 \u0142y\u017ckami i m\u0142otem tylnymi. Zarejestrowana i gotowa do pracy, dost\u0119pna w Rzymie.   <\/p>\n","protected":false},"featured_media":29008,"template":"","meta":{"_acf_changed":false},"ubicazione_acf":[],"product_brand":[346],"product_cat":[407],"false":[749],"proprietario":[],"class_list":{"0":"post-29006","1":"product","2":"type-product","3":"status-publish","4":"has-post-thumbnail","6":"product_brand-jcb","7":"product_cat-koparko-ladowarki","8":"product_tag-pl","9":"pa_brand-jcb","11":"first","12":"instock","13":"sale","14":"sold-individually","15":"shipping-taxable","16":"purchasable","17":"product-type-simple"},"acf":[],"_links":{"self":[{"href":"https:\/\/www.damac.it\/pl\/wp-json\/wp\/v2\/product\/29006","targetHints":{"allow":["GET"]}}],"collection":[{"href":"https:\/\/www.damac.it\/pl\/wp-json\/wp\/v2\/product"}],"about":[{"href":"https:\/\/www.damac.it\/pl\/wp-json\/wp\/v2\/types\/product"}],"wp:featuredmedia":[{"embeddable":true,"href":"https:\/\/www.damac.it\/pl\/wp-json\/wp\/v2\/media\/29008"}],"wp:attachment":[{"href":"https:\/\/www.damac.it\/pl\/wp-json\/wp\/v2\/media?parent=29006"}],"wp:term":[{"taxonomy":"ubicazione_acf","embeddable":true,"href":"https:\/\/www.damac.it\/pl\/wp-json\/wp\/v2\/ubicazione_acf?post=29006"},{"taxonomy":"product_brand","embeddable":true,"href":"https:\/\/www.damac.it\/pl\/wp-json\/wp\/v2\/product_brand?post=29006"},{"taxonomy":"product_cat","embeddable":true,"href":"https:\/\/www.damac.it\/pl\/wp-json\/wp\/v2\/product_cat?post=29006"},{"taxonomy":"product_tag","embeddable":true,"href":"https:\/\/www.damac.it\/pl\/wp-json\/wp\/v2\/false?post=29006"},{"taxonomy":"proprietario","embeddable":true,"href":"https:\/\/www.damac.it\/pl\/wp-json\/wp\/v2\/proprietario?post=29006"}],"curies":[{"name":"wp","href":"https:\/\/api.w.org\/{rel}","templated":true}]}}