{"id":31562,"date":"2026-03-23T08:53:29","date_gmt":"2026-03-23T08:53:29","guid":{"rendered":"https:\/\/www.damac.it\/bez-kategorii\/caterpillar-262c\/"},"modified":"2026-04-17T07:59:41","modified_gmt":"2026-04-17T07:59:41","slug":"caterpillar-262c","status":"publish","type":"product","link":"https:\/\/www.damac.it\/pl\/miniladowarki\/caterpillar-262c-foggia\/","title":{"rendered":"CATERPILLAR 262C"},"content":{"rendered":"\n<p><strong>U\u017cywany CATERPILLAR 262C<\/strong> to niezawodne i wydajne rozwi\u0105zanie dla os\u00f3b poszukuj\u0105cych kompaktowej, ale mocnej maszyny do prac prze\u0142adunkowych i precyzyjnych. Dzi\u0119ki silnikowi <strong>Caterpillar 3044C DIT o mocy 83 KM<\/strong> gwarantuje wysok\u0105 wydajno\u015b\u0107 nawet w trudnych warunkach roboczych, zachowuj\u0105c przy tym niskie zu\u017cycie paliwa i du\u017c\u0105 efektywno\u015b\u0107 operacyjn\u0105. <\/p>\n\n<p>Solidna konstrukcja o <strong>masie 4000 kg<\/strong> zapewnia stabilno\u015b\u0107 i bezpiecze\u0144stwo na ka\u017cdym etapie pracy, a <strong>ud\u017awig do 1225 kg<\/strong> sprawia, \u017ce maszyna idealnie nadaje si\u0119 na place budowy, do rolnictwa i prze\u0142adunku materia\u0142\u00f3w. <strong>Zamkni\u0119ta kabina z klimatyzacj\u0105<\/strong> podnosi komfort operatora, umo\u017cliwiaj\u0105c d\u0142ugotrwa\u0142\u0105 prac\u0119 nawet w trudnych warunkach atmosferycznych. <\/p>\n\n<p>Questo modello \u00e8 particolarmente apprezzato per la sua versatilit\u00e0, grazie alla compatibilit\u00e0 con diversi <a href=\"https:\/\/www.damac.it\/pl\/akcesoria\/\">accessori<\/a> come la benna inclusa. La macchina \u00e8 dotata di <strong>certificazione CE, targa e libretto<\/strong>, pronta per l\u2019utilizzo immediato senza ulteriori complicazioni burocratiche.<\/p>\n\n<p>Dost\u0119pny w Foggii <strong>CATERPILLAR 262C z 2011 roku z przebiegiem 6000 motogodzin<\/strong> to inteligentna inwestycja dla os\u00f3b oczekuj\u0105cych jako\u015bci, trwa\u0142o\u015bci i wydajno\u015bci marki Caterpillar w konkurencyjnej cenie.<\/p>\n\n<p><\/p>\n","protected":false},"excerpt":{"rendered":"<p>Kompaktowy, mocny i wszechstronny: <strong data-start=\"1453\" data-end=\"1479\">u\u017cywany CATERPILLAR 262C<\/strong> idealnie nadaje si\u0119 do prac precyzyjnych i prze\u0142adunkowych. Dzi\u0119ki klimatyzowanej kabinie i doskona\u0142ej wydajno\u015bci jest gotowy do pracy. <\/p>\n","protected":false},"featured_media":31568,"template":"","meta":{"_acf_changed":false},"ubicazione_acf":[],"product_brand":[856],"product_cat":[425],"false":[749],"proprietario":[],"class_list":{"0":"post-31562","1":"product","2":"type-product","3":"status-publish","4":"has-post-thumbnail","6":"product_brand-caterpillar","7":"product_cat-miniladowarki","8":"product_tag-pl","9":"pa_brand-caterpillar","11":"first","12":"instock","13":"sold-individually","14":"shipping-taxable","15":"purchasable","16":"product-type-simple"},"acf":[],"_links":{"self":[{"href":"https:\/\/www.damac.it\/pl\/wp-json\/wp\/v2\/product\/31562","targetHints":{"allow":["GET"]}}],"collection":[{"href":"https:\/\/www.damac.it\/pl\/wp-json\/wp\/v2\/product"}],"about":[{"href":"https:\/\/www.damac.it\/pl\/wp-json\/wp\/v2\/types\/product"}],"wp:featuredmedia":[{"embeddable":true,"href":"https:\/\/www.damac.it\/pl\/wp-json\/wp\/v2\/media\/31568"}],"wp:attachment":[{"href":"https:\/\/www.damac.it\/pl\/wp-json\/wp\/v2\/media?parent=31562"}],"wp:term":[{"taxonomy":"ubicazione_acf","embeddable":true,"href":"https:\/\/www.damac.it\/pl\/wp-json\/wp\/v2\/ubicazione_acf?post=31562"},{"taxonomy":"product_brand","embeddable":true,"href":"https:\/\/www.damac.it\/pl\/wp-json\/wp\/v2\/product_brand?post=31562"},{"taxonomy":"product_cat","embeddable":true,"href":"https:\/\/www.damac.it\/pl\/wp-json\/wp\/v2\/product_cat?post=31562"},{"taxonomy":"product_tag","embeddable":true,"href":"https:\/\/www.damac.it\/pl\/wp-json\/wp\/v2\/false?post=31562"},{"taxonomy":"proprietario","embeddable":true,"href":"https:\/\/www.damac.it\/pl\/wp-json\/wp\/v2\/proprietario?post=31562"}],"curies":[{"name":"wp","href":"https:\/\/api.w.org\/{rel}","templated":true}]}}