{"id":31791,"date":"2026-03-23T22:15:34","date_gmt":"2026-03-23T22:15:34","guid":{"rendered":"https:\/\/www.damac.it\/bez-kategorii\/terna-jcb-1cx\/"},"modified":"2026-03-31T11:40:04","modified_gmt":"2026-03-31T11:40:04","slug":"terna-jcb-1cx","status":"publish","type":"product","link":"https:\/\/www.damac.it\/pl\/koparko-ladowarki\/terna-jcb-1cx-foggia\/","title":{"rendered":"JCB 1CX"},"content":{"rendered":"\n<p><strong>JCB 1CX<\/strong> to kompaktowa i wszechstronna <a href=\"https:\/\/www.damac.it\/pl\/koparko-ladowarki\/\">koparko-\u0142adowarka<\/a> zaprojektowana, aby zapewnia\u0107 wysok\u0105 wydajno\u015b\u0107 nawet w najcia\u015bniejszych przestrzeniach. Dzi\u0119ki <strong>kompaktowym wymiarom (3400 x 1550 x 2250 mm)<\/strong> i niskiej masie <strong>2800 kg<\/strong> stanowi idealne rozwi\u0105zanie do prac budowlanych, konserwacji miejskiej i plac\u00f3w budowy o ograniczonym dost\u0119pie. Silnik <strong>Perkins 104.22 o mocy 45 KM<\/strong> gwarantuje niezawodn\u0105 moc i niskie zu\u017cycie paliwa, idealne do intensywnej codziennej eksploatacji.  <\/p>\n\n<p>Wyposa\u017cona w <strong>sta\u0142y nap\u0119d na wszystkie ko\u0142a (AWD)<\/strong>, ta koparko-\u0142adowarka zapewnia stabilno\u015b\u0107 i przyczepno\u015b\u0107 na ka\u017cdym rodzaju terenu, poprawiaj\u0105c bezpiecze\u0144stwo pracy nawet w trudnych warunkach. <strong>Opony 100%<\/strong> oraz obecno\u015b\u0107 przedniej <strong><a href=\"https:\/\/www.damac.it\/pl\/akcesoria\/\">\u0142y\u017cki<\/a> standardowej<\/strong> i tylnej \u0142y\u017cki do kopania sprawiaj\u0105, \u017ce jest ona natychmiast gotowa do pracy, bez konieczno\u015bci dodatkowych nak\u0142ad\u00f3w. <\/p>\n\n<p>Otwarta kabina zapewnia praktyczno\u015b\u0107 i optymaln\u0105 widoczno\u015b\u0107 podczas pracy, u\u0142atwiaj\u0105c kontrol\u0119 maszyny i zwi\u0119kszaj\u0105c produktywno\u015b\u0107. Z oko\u0142o <strong>3000 godzinami pracy<\/strong>, ta u\u017cywana JCB 1CX stanowi doskona\u0142y kompromis mi\u0119dzy cen\u0105 a wydajno\u015bci\u0105 dla os\u00f3b poszukuj\u0105cych niezawodnej i funkcjonalnej maszyny. <\/p>\n\n<p>Dost\u0119pna w siedzibie w Foggia, to konkretne rozwi\u0105zanie dla os\u00f3b poszukuj\u0105cych kompaktowej, ale wydajnej maszyny, zdolnej do wykonywania prac ziemnych, za\u0142adunkowych i transportowych z efektywno\u015bci\u0105 i precyzj\u0105.<\/p>\n","protected":false},"excerpt":{"rendered":"<p data-start=\"1398\" data-end=\"1546\">U\u017cywana koparka JCB 1CX \u2013 kompaktowa i wydajna, z nap\u0119dem AWD i silnikiem Perkins 45 KM. Idealna na ciasne place budowy i wszechstronne prace. Gotowa do natychmiastowego u\u017cytku.  <\/p>\n","protected":false},"featured_media":31798,"template":"","meta":{"_acf_changed":false},"ubicazione_acf":[],"product_brand":[346],"product_cat":[407],"false":[749],"proprietario":[],"class_list":{"0":"post-31791","1":"product","2":"type-product","3":"status-publish","4":"has-post-thumbnail","6":"product_brand-jcb","7":"product_cat-koparko-ladowarki","8":"product_tag-pl","9":"pa_brand-jcb","11":"first","12":"outofstock","13":"sold-individually","14":"shipping-taxable","15":"purchasable","16":"product-type-simple"},"acf":[],"_links":{"self":[{"href":"https:\/\/www.damac.it\/pl\/wp-json\/wp\/v2\/product\/31791","targetHints":{"allow":["GET"]}}],"collection":[{"href":"https:\/\/www.damac.it\/pl\/wp-json\/wp\/v2\/product"}],"about":[{"href":"https:\/\/www.damac.it\/pl\/wp-json\/wp\/v2\/types\/product"}],"wp:featuredmedia":[{"embeddable":true,"href":"https:\/\/www.damac.it\/pl\/wp-json\/wp\/v2\/media\/31798"}],"wp:attachment":[{"href":"https:\/\/www.damac.it\/pl\/wp-json\/wp\/v2\/media?parent=31791"}],"wp:term":[{"taxonomy":"ubicazione_acf","embeddable":true,"href":"https:\/\/www.damac.it\/pl\/wp-json\/wp\/v2\/ubicazione_acf?post=31791"},{"taxonomy":"product_brand","embeddable":true,"href":"https:\/\/www.damac.it\/pl\/wp-json\/wp\/v2\/product_brand?post=31791"},{"taxonomy":"product_cat","embeddable":true,"href":"https:\/\/www.damac.it\/pl\/wp-json\/wp\/v2\/product_cat?post=31791"},{"taxonomy":"product_tag","embeddable":true,"href":"https:\/\/www.damac.it\/pl\/wp-json\/wp\/v2\/false?post=31791"},{"taxonomy":"proprietario","embeddable":true,"href":"https:\/\/www.damac.it\/pl\/wp-json\/wp\/v2\/proprietario?post=31791"}],"curies":[{"name":"wp","href":"https:\/\/api.w.org\/{rel}","templated":true}]}}