{"id":31990,"date":"2026-03-24T08:55:24","date_gmt":"2026-03-24T08:55:24","guid":{"rendered":"https:\/\/www.damac.it\/bez-kategorii\/wacker-neuson-ez53\/"},"modified":"2026-03-24T09:30:15","modified_gmt":"2026-03-24T09:30:15","slug":"wacker-neuson-ez53","status":"publish","type":"product","link":"https:\/\/www.damac.it\/pl\/minikoparki\/wacker-neuson-ez53-rzym\/","title":{"rendered":"WACKER NEUSON EZ53"},"content":{"rendered":"\n<p><strong>Wacker Neuson EZ53<\/strong> to <a href=\"https:\/\/www.damac.it\/pl\/minikoparki\/\">minikoparka<\/a> zaprojektowana, aby zapewni\u0107 <strong>maksymaln\u0105 manewrowo\u015b\u0107 i bezpiecze\u0144stwo na miejskich placach budowy<\/strong> dzi\u0119ki technologii <strong>zeroobrotowej<\/strong>, kt\u00f3ra umo\u017cliwia prac\u0119 w obrysie maszyny. Ta cecha czyni j\u0105 idealn\u0105 do prac w ciasnych przestrzeniach, takich jak remonty, wykopy miejskie oraz roboty przy budynkach lub ogrodzeniach. <\/p>\n\n<p>Wyposa\u017cona w niezawodny silnik <strong>Perkins 404D-22T o mocy 35,9 kW (49 KM)<\/strong>, oferuje <strong>wysok\u0105 wydajno\u015b\u0107, niskie zu\u017cycie paliwa i du\u017c\u0105 reaktywno\u015b\u0107 hydrauliczn\u0105<\/strong>, zapewniaj\u0105c efektywno\u015b\u0107 na ka\u017cdym etapie pracy. Zintegrowane <strong>przy\u0142\u0105cze m\u0142ota<\/strong> zwi\u0119ksza wszechstronno\u015b\u0107 operacyjn\u0105, umo\u017cliwiaj\u0105c \u0142atwe wykonywanie lekkich rozbi\u00f3rek i bardziej wymagaj\u0105cych prac. <\/p>\n\n<p><strong>Zamkni\u0119ta kabina z klimatyzacj\u0105<\/strong> gwarantuje komfortowe \u015brodowisko pracy o ka\u017cdej porze roku, poprawiaj\u0105c wydajno\u015b\u0107 operatora. Sta\u0142e podwozie z <strong>g\u0105sienicami gumowymi w 100%<\/strong> oraz podw\u00f3jna pr\u0119dko\u015b\u0107 zapewniaj\u0105 stabilno\u015b\u0107, przyczepno\u015b\u0107 i \u0142atwo\u015b\u0107 przemieszczania si\u0119 na ka\u017cdym terenie, jednocze\u015bnie redukuj\u0105c zu\u017cycie powierzchni. <\/p>\n\n<p>Z <strong>rokiem produkcji 2019 i 2282 godzinami pracy<\/strong>, ta u\u017cywana minikopiarka stanowi rozwi\u0105zanie gotowe do u\u017cycia, idealne dla profesjonalist\u00f3w poszukuj\u0105cych maszyny <strong>niezawodnej, kompaktowej i wydajnej<\/strong>, zdolnej do optymalizacji czasu i koszt\u00f3w operacyjnych.<\/p>\n\n<p>Sprzedawana bez akcesori\u00f3w.<\/p>\n\n<p><\/p>\n","protected":false},"excerpt":{"rendered":"<p data-start=\"1406\" data-end=\"1631\">Minikoparka <strong data-start=\"1421\" data-end=\"1443\">Wacker Neuson EZ53<\/strong> z 2019 roku o przebiegu 2282 godzin, wyposa\u017cona w <strong data-start=\"1477\" data-end=\"1538\">konstrukcj\u0119 zeroobrotow\u0105, silnik Perkins 49 KM i instalacj\u0119 do m\u0142ota<\/strong>. Kompaktowa, mocna i komfortowa, idealna do prac w ciasnych miejscach i na miejskich placach budowy. <\/p>\n","protected":false},"featured_media":32015,"template":"","meta":{"_acf_changed":false},"ubicazione_acf":[],"product_brand":[676],"product_cat":[413],"false":[749],"proprietario":[],"class_list":{"0":"post-31990","1":"product","2":"type-product","3":"status-publish","4":"has-post-thumbnail","6":"product_brand-wacker-neuson","7":"product_cat-minikoparki","8":"product_tag-pl","9":"pa_brand-wacker-neuson","11":"first","12":"instock","13":"sold-individually","14":"shipping-taxable","15":"purchasable","16":"product-type-simple"},"acf":[],"_links":{"self":[{"href":"https:\/\/www.damac.it\/pl\/wp-json\/wp\/v2\/product\/31990","targetHints":{"allow":["GET"]}}],"collection":[{"href":"https:\/\/www.damac.it\/pl\/wp-json\/wp\/v2\/product"}],"about":[{"href":"https:\/\/www.damac.it\/pl\/wp-json\/wp\/v2\/types\/product"}],"wp:featuredmedia":[{"embeddable":true,"href":"https:\/\/www.damac.it\/pl\/wp-json\/wp\/v2\/media\/32015"}],"wp:attachment":[{"href":"https:\/\/www.damac.it\/pl\/wp-json\/wp\/v2\/media?parent=31990"}],"wp:term":[{"taxonomy":"ubicazione_acf","embeddable":true,"href":"https:\/\/www.damac.it\/pl\/wp-json\/wp\/v2\/ubicazione_acf?post=31990"},{"taxonomy":"product_brand","embeddable":true,"href":"https:\/\/www.damac.it\/pl\/wp-json\/wp\/v2\/product_brand?post=31990"},{"taxonomy":"product_cat","embeddable":true,"href":"https:\/\/www.damac.it\/pl\/wp-json\/wp\/v2\/product_cat?post=31990"},{"taxonomy":"product_tag","embeddable":true,"href":"https:\/\/www.damac.it\/pl\/wp-json\/wp\/v2\/false?post=31990"},{"taxonomy":"proprietario","embeddable":true,"href":"https:\/\/www.damac.it\/pl\/wp-json\/wp\/v2\/proprietario?post=31990"}],"curies":[{"name":"wp","href":"https:\/\/api.w.org\/{rel}","templated":true}]}}