{"id":32597,"date":"2026-03-25T13:15:44","date_gmt":"2026-03-25T13:15:44","guid":{"rendered":"https:\/\/www.damac.it\/bez-kategorii\/bobcat-s570\/"},"modified":"2026-04-27T16:59:40","modified_gmt":"2026-04-27T16:59:40","slug":"bobcat-s570","status":"publish","type":"product","link":"https:\/\/www.damac.it\/pl\/miniladowarki\/bobcat-s570-rzym\/","title":{"rendered":"BOBCAT S570"},"content":{"rendered":"\n<p><strong>Bobcat S570<\/strong> to kompaktowy <a href=\"https:\/\/www.damac.it\/pl\/miniladowarki\/\">\u0142adowarka szybkoz\u0142\u0105czna<\/a> zaprojektowana z my\u015bl\u0105 o <strong>wysokiej wydajno\u015bci, niezawodno\u015bci i maksymalnej wszechstronno\u015bci<\/strong> w ka\u017cdych warunkach pracy. Dzi\u0119ki wydajnemu silnikowi <strong>Bobcat D24 o mocy 57,8 KM<\/strong> maszyna ta gwarantuje sta\u0142y i responsywny nap\u0119d, idealny do prac budowlanych, transportu materia\u0142\u00f3w i plac\u00f3w budowy w mie\u015bcie. Obecno\u015b\u0107 <strong>uk\u0142adu hydraulicznego o wysokiej wydajno\u015bci<\/strong> umo\u017cliwia stosowanie licznych osprz\u0119t\u00f3w, zwi\u0119kszaj\u0105c produktywno\u015b\u0107 i skracaj\u0105c czas pracy.  <\/p>\n\n<p>Zamkni\u0119ta kabina z <strong>klimatyzacj\u0105<\/strong> zapewnia komfort nawet podczas d\u0142ugich dni pracy, a <strong>ergonomiczne d\u017cojstiki<\/strong> pozwalaj\u0105 na precyzyjne i intuicyjne sterowanie. Przy masie 2939 kg i kompaktowych wymiarach model S570 idealnie sprawdza si\u0119 w ciasnych przestrzeniach, nie trac\u0105c przy tym na stabilno\u015bci i mocy. Funkcja <strong>dw\u00f3ch pr\u0119dko\u015bci jazdy<\/strong> dodatkowo poprawia efektywno\u015b\u0107 podczas przemieszczania si\u0119.  <\/p>\n\n<p>Ta u\u017cywana \u0142adowarka z 2018 roku, z przebiegiem 3500 motogodzin, stanowi idealne rozwi\u0105zanie dla os\u00f3b szukaj\u0105cych <strong>niezawodnego i gotowego do pracy<\/strong> sprz\u0119tu. Ud\u017awig wynosz\u0105cy 942 kg sprawia, \u017ce jest ona idealna do intensywnych codziennych zastosowa\u0144, gwarantuj\u0105c sta\u0142e osi\u0105gi. <\/p>\n\n<p>Dost\u0119pny w Rzymie Bobcat S570 to strategiczny wyb\u00f3r dla profesjonalist\u00f3w, kt\u00f3rzy chc\u0105 <strong>zmaksymalizowa\u0107 produktywno\u015b\u0107 i wydajno\u015b\u0107 przy konkurencyjnej inwestycji<\/strong>.<\/p>\n","protected":false},"excerpt":{"rendered":"<p><strong data-start=\"1519\" data-end=\"1549\">U\u017cywana Bobcat S570 z 2018 roku<\/strong>, kompaktowa i wydajna, o wysokiej wydajno\u015bci i silniku 57,8 KM. Idealna na place budowy i do transportu materia\u0142\u00f3w. Klimatyzowana kabina i sterowanie joystickiem zapewniaj\u0105 maksymalny komfort i precyzj\u0119.   Dost\u0119pne w Rzymie, gotowe do u\u017cycia.<\/p>\n","protected":false},"featured_media":32613,"template":"","meta":{"_acf_changed":false},"ubicazione_acf":[],"product_brand":[666],"product_cat":[425],"false":[749],"proprietario":[],"class_list":{"0":"post-32597","1":"product","2":"type-product","3":"status-publish","4":"has-post-thumbnail","6":"product_brand-bobcat","7":"product_cat-miniladowarki","8":"product_tag-pl","9":"pa_brand-bobcat","11":"first","12":"instock","13":"sold-individually","14":"shipping-taxable","15":"purchasable","16":"product-type-simple"},"acf":[],"_links":{"self":[{"href":"https:\/\/www.damac.it\/pl\/wp-json\/wp\/v2\/product\/32597","targetHints":{"allow":["GET"]}}],"collection":[{"href":"https:\/\/www.damac.it\/pl\/wp-json\/wp\/v2\/product"}],"about":[{"href":"https:\/\/www.damac.it\/pl\/wp-json\/wp\/v2\/types\/product"}],"wp:featuredmedia":[{"embeddable":true,"href":"https:\/\/www.damac.it\/pl\/wp-json\/wp\/v2\/media\/32613"}],"wp:attachment":[{"href":"https:\/\/www.damac.it\/pl\/wp-json\/wp\/v2\/media?parent=32597"}],"wp:term":[{"taxonomy":"ubicazione_acf","embeddable":true,"href":"https:\/\/www.damac.it\/pl\/wp-json\/wp\/v2\/ubicazione_acf?post=32597"},{"taxonomy":"product_brand","embeddable":true,"href":"https:\/\/www.damac.it\/pl\/wp-json\/wp\/v2\/product_brand?post=32597"},{"taxonomy":"product_cat","embeddable":true,"href":"https:\/\/www.damac.it\/pl\/wp-json\/wp\/v2\/product_cat?post=32597"},{"taxonomy":"product_tag","embeddable":true,"href":"https:\/\/www.damac.it\/pl\/wp-json\/wp\/v2\/false?post=32597"},{"taxonomy":"proprietario","embeddable":true,"href":"https:\/\/www.damac.it\/pl\/wp-json\/wp\/v2\/proprietario?post=32597"}],"curies":[{"name":"wp","href":"https:\/\/api.w.org\/{rel}","templated":true}]}}