{"id":32830,"date":"2026-03-25T14:28:18","date_gmt":"2026-03-25T14:28:18","guid":{"rendered":"https:\/\/www.damac.it\/bez-kategorii\/komatsu-pc26mr-3-2\/"},"modified":"2026-04-27T16:56:36","modified_gmt":"2026-04-27T16:56:36","slug":"komatsu-pc26mr-3-2","status":"publish","type":"product","link":"https:\/\/www.damac.it\/pl\/minikoparki\/komatsu-pc26mr-3-2-rzym\/","title":{"rendered":"KOMATSU PC26MR-3"},"content":{"rendered":"\n<p><strong>Komatsu PC26MR-3<\/strong> to kompaktowa <a href=\"https:\/\/www.damac.it\/pl\/minikoparki\/\">minikoparka<\/a> zaprojektowana w celu zapewnienia <strong>maksymalnej wydajno\u015bci nawet w ciasnych przestrzeniach<\/strong>, dzi\u0119ki praktycznemu systemowi <strong>zerowego promienia obrotu<\/strong>, kt\u00f3ry pozwala na prac\u0119 bez wystawania poza obrys podwozia. Przy masie roboczej <strong>2800 kg<\/strong> stanowi idealne rozwi\u0105zanie na miejskie place budowy, do prac drogowych i konserwacyjnych, gdzie precyzja i zwrotno\u015b\u0107 s\u0105 kluczowe. <\/p>\n\n<p>Wyposa\u017cona w silnik <strong>Komatsu 3076 E o mocy 15,7 kW (21,4 KM)<\/strong>, oferuje <strong>niezawodn\u0105 wydajno\u015b\u0107 i niskie zu\u017cycie paliwa<\/strong>, co czyni j\u0105 idealn\u0105 do intensywnego u\u017cytkowania. <strong>Monolityczne rami\u0119<\/strong> zapewnia wytrzyma\u0142o\u015b\u0107 i stabilno\u015b\u0107 podczas prac koparskich, natomiast <strong>g\u0105sienice gumowe<\/strong> (80%) gwarantuj\u0105 doskona\u0142\u0105 przyczepno\u015b\u0107 i ochron\u0119 nawierzchni, r\u00f3wnie\u017c w delikatnych warunkach, takich jak nawierzchnie miejskie. <\/p>\n\n<p>Obecno\u015b\u0107 <strong>lemiesza<\/strong> zwi\u0119ksza wszechstronno\u015b\u0107 operacyjn\u0105, umo\u017cliwiaj\u0105c szybkie wyr\u00f3wnywanie i wi\u0119ksz\u0105 stabilno\u015b\u0107 podczas kopania. Ponadto <strong>ju\u017c zainstalowana instalacja m\u0142ota<\/strong> poszerza mo\u017cliwo\u015bci zastosowania, czyni\u0105c t\u0119 maszyn\u0119 idealn\u0105 r\u00f3wnie\u017c do lekkich prac rozbi\u00f3rkowych. <\/p>\n\n<p>Ten model z <strong>2019 roku, dost\u0119pny w Rzymie<\/strong>, prezentuje si\u0119 w dobrym stanie og\u00f3lnym i jest wyposa\u017cony w <strong>szybkoz\u0142\u0105cze Cangini<\/strong>, oferuj\u0105c doskona\u0142y stosunek jako\u015bci do ceny dla tych, kt\u00f3rzy szukaj\u0105 maszyny <strong>niezawodnej, kompaktowej i gotowej do u\u017cycia<\/strong>.<\/p>\n\n<p><\/p>\n","protected":false},"excerpt":{"rendered":"<p>Minikoparka <strong data-start=\"1441\" data-end=\"1461\">Komatsu PC26MR-3<\/strong>, kompaktowa i mocna, z zerowym promieniem obrotu, instalacj\u0105 do m\u0142ota i szybkoz\u0142\u0105czem. Idealna do prac miejskich. Rok 2019, dost\u0119pna w Rzymie, gotowa do pracy.  <\/p>\n","protected":false},"featured_media":32853,"template":"","meta":{"_acf_changed":false},"ubicazione_acf":[],"product_brand":[611],"product_cat":[413],"false":[749],"proprietario":[],"class_list":{"0":"post-32830","1":"product","2":"type-product","3":"status-publish","4":"has-post-thumbnail","6":"product_brand-komatsu","7":"product_cat-minikoparki","8":"product_tag-pl","9":"pa_brand-komatsu","11":"first","12":"instock","13":"sold-individually","14":"shipping-taxable","15":"purchasable","16":"product-type-simple"},"acf":[],"_links":{"self":[{"href":"https:\/\/www.damac.it\/pl\/wp-json\/wp\/v2\/product\/32830","targetHints":{"allow":["GET"]}}],"collection":[{"href":"https:\/\/www.damac.it\/pl\/wp-json\/wp\/v2\/product"}],"about":[{"href":"https:\/\/www.damac.it\/pl\/wp-json\/wp\/v2\/types\/product"}],"wp:featuredmedia":[{"embeddable":true,"href":"https:\/\/www.damac.it\/pl\/wp-json\/wp\/v2\/media\/32853"}],"wp:attachment":[{"href":"https:\/\/www.damac.it\/pl\/wp-json\/wp\/v2\/media?parent=32830"}],"wp:term":[{"taxonomy":"ubicazione_acf","embeddable":true,"href":"https:\/\/www.damac.it\/pl\/wp-json\/wp\/v2\/ubicazione_acf?post=32830"},{"taxonomy":"product_brand","embeddable":true,"href":"https:\/\/www.damac.it\/pl\/wp-json\/wp\/v2\/product_brand?post=32830"},{"taxonomy":"product_cat","embeddable":true,"href":"https:\/\/www.damac.it\/pl\/wp-json\/wp\/v2\/product_cat?post=32830"},{"taxonomy":"product_tag","embeddable":true,"href":"https:\/\/www.damac.it\/pl\/wp-json\/wp\/v2\/false?post=32830"},{"taxonomy":"proprietario","embeddable":true,"href":"https:\/\/www.damac.it\/pl\/wp-json\/wp\/v2\/proprietario?post=32830"}],"curies":[{"name":"wp","href":"https:\/\/api.w.org\/{rel}","templated":true}]}}