{"id":33618,"date":"2026-03-30T11:21:26","date_gmt":"2026-03-30T11:21:26","guid":{"rendered":"https:\/\/www.damac.it\/bez-kategorii\/merlo-p40-16-evs\/"},"modified":"2026-05-04T11:34:23","modified_gmt":"2026-05-04T11:34:23","slug":"merlo-p40-16-evs","status":"publish","type":"product","link":"https:\/\/www.damac.it\/pl\/ladowarka-teleskopowa\/merlo-p40-16-evs-foggia\/","title":{"rendered":"MERLO P40.16-EVS"},"content":{"rendered":"\n<p><strong>MERLO P40.16-EVS<\/strong> to \u0142adowarka teleskopowa zaprojektowana, aby oferowa\u0107 <strong>wysok\u0105 wydajno\u015b\u0107, niezawodno\u015b\u0107 i maksymaln\u0105 wszechstronno\u015b\u0107<\/strong> w najtrudniejszych warunkach. Przy masie oko\u0142o <strong>10 300 kg<\/strong> maszyna ta gwarantuje stabilno\u015b\u0107 i bezpiecze\u0144stwo nawet podczas najdelikatniejszych operacji podnoszenia, co czyni j\u0105 idealn\u0105 na place budowy, do rolnictwa i transportu przemys\u0142owego. <\/p>\n\n<p>Dzi\u0119ki systemowi <strong>EVS (Eco Power i inteligentne zarz\u0105dzanie zu\u017cyciem)<\/strong> MERLO P40.16-EVS zapewnia <strong>redukcj\u0119 zu\u017cycia paliwa i optymalizacj\u0119 osi\u0105g\u00f3w<\/strong>, automatycznie dostosowuj\u0105c moc do wymaga\u0144 pracy. Przek\u0142ada si\u0119 to na wydajniejsze u\u017cytkowanie maszyny, ni\u017csze koszty operacyjne i wi\u0119ksz\u0105 trwa\u0142o\u015b\u0107 w d\u0142u\u017cszej perspektywie. <\/p>\n\n<p>Obecno\u015b\u0107 <strong>standardowych wide\u0142 w zestawie<\/strong> sprawia, \u017ce maszyna jest natychmiast gotowa do pracy, idealna do podnoszenia i przemieszczania ci\u0119\u017ckich materia\u0142\u00f3w do 4000 kg. Ergonomiczna kabina i intuicyjne elementy steruj\u0105ce zapewniaj\u0105 <strong>komfort i pe\u0142n\u0105 kontrol\u0119 operatora<\/strong>, zwi\u0119kszaj\u0105c wydajno\u015b\u0107 i redukuj\u0105c zm\u0119czenie nawet podczas d\u0142ugich dni pracy. <\/p>\n\n<p>Solidna, niezawodna i wszechstronna \u0142adowarka MERLO P40.16-EVS to konkretne rozwi\u0105zanie dla os\u00f3b poszukuj\u0105cych <strong>profesjonalnej \u0142adowarki teleskopowej gotowej do u\u017cycia<\/strong>, zdolnej sprosta\u0107 ka\u017cdemu wyzwaniu operacyjnemu z wydajno\u015bci\u0105 i precyzj\u0105.<\/p>\n\n<p><\/p>\n","protected":false},"excerpt":{"rendered":"<p data-start=\"1479\" data-end=\"1694\"><strong data-start=\"1482\" data-end=\"1502\">MERLO P40.16-EVS<\/strong> to pot\u0119\u017cna i wszechstronna \u0142adowarka teleskopowa, idealna dla budownictwa i przemys\u0142u. Wyposa\u017cona w standardowe wid\u0142y, gwarantuje <strong data-start=\"1624\" data-end=\"1671\">wydajno\u015b\u0107, stabilno\u015b\u0107 i zoptymalizowane zu\u017cycie paliwa<\/strong> dzi\u0119ki systemowi EVS. <\/p>\n","protected":false},"featured_media":33627,"template":"","meta":{"_acf_changed":false},"ubicazione_acf":[],"product_brand":[946],"product_cat":[947],"false":[749],"proprietario":[],"class_list":{"0":"post-33618","1":"product","2":"type-product","3":"status-publish","4":"has-post-thumbnail","6":"product_brand-merlo","7":"product_cat-ladowarka-teleskopowa","8":"product_tag-pl","9":"pa_brand-merlo","11":"first","12":"instock","13":"sold-individually","14":"shipping-taxable","15":"purchasable","16":"product-type-simple"},"acf":[],"_links":{"self":[{"href":"https:\/\/www.damac.it\/pl\/wp-json\/wp\/v2\/product\/33618","targetHints":{"allow":["GET"]}}],"collection":[{"href":"https:\/\/www.damac.it\/pl\/wp-json\/wp\/v2\/product"}],"about":[{"href":"https:\/\/www.damac.it\/pl\/wp-json\/wp\/v2\/types\/product"}],"wp:featuredmedia":[{"embeddable":true,"href":"https:\/\/www.damac.it\/pl\/wp-json\/wp\/v2\/media\/33627"}],"wp:attachment":[{"href":"https:\/\/www.damac.it\/pl\/wp-json\/wp\/v2\/media?parent=33618"}],"wp:term":[{"taxonomy":"ubicazione_acf","embeddable":true,"href":"https:\/\/www.damac.it\/pl\/wp-json\/wp\/v2\/ubicazione_acf?post=33618"},{"taxonomy":"product_brand","embeddable":true,"href":"https:\/\/www.damac.it\/pl\/wp-json\/wp\/v2\/product_brand?post=33618"},{"taxonomy":"product_cat","embeddable":true,"href":"https:\/\/www.damac.it\/pl\/wp-json\/wp\/v2\/product_cat?post=33618"},{"taxonomy":"product_tag","embeddable":true,"href":"https:\/\/www.damac.it\/pl\/wp-json\/wp\/v2\/false?post=33618"},{"taxonomy":"proprietario","embeddable":true,"href":"https:\/\/www.damac.it\/pl\/wp-json\/wp\/v2\/proprietario?post=33618"}],"curies":[{"name":"wp","href":"https:\/\/api.w.org\/{rel}","templated":true}]}}