{"id":37039,"date":"2026-04-10T08:33:38","date_gmt":"2026-04-10T08:33:38","guid":{"rendered":"https:\/\/www.damac.it\/bez-kategorii\/mercedes-actros-1831\/"},"modified":"2026-04-10T09:05:30","modified_gmt":"2026-04-10T09:05:30","slug":"mercedes-actros-1831","status":"publish","type":"product","link":"https:\/\/www.damac.it\/pl\/wywrotki\/mercedes-actros-1831-rzym\/","title":{"rendered":"Mercedes Actros 1831"},"content":{"rendered":"\n<p><br\/><strong>Mercedes Actros 1831 wywrotka tr\u00f3jstronna<\/strong> stanowi solidne i wszechstronne rozwi\u0105zanie dla firm dzia\u0142aj\u0105cych w sektorze budownictwa, rob\u00f3t ziemnych i logistyki. Wyposa\u017cony w <strong>skrzyni\u0119 \u0142adunkow\u0105 o d\u0142ugo\u015bci 5 metr\u00f3w z wywrotem tr\u00f3jstronnym<\/strong>, umo\u017cliwia szybkie i efektywne operacje roz\u0142adunkowe nawet w ograniczonej przestrzeni, poprawiaj\u0105c wydajno\u015b\u0107 i czasy pracy. <\/p>\n\n<p>Maszyn\u0119 t\u0119 uzupe\u0142nia <strong>d\u017awig Bonfiglioli P19000XL<\/strong> z <strong>wysi\u0119giem do 20 metr\u00f3w i ud\u017awigiem do 9 500 kg<\/strong>, idealny do wymagaj\u0105cych podniesie\u0144 i prac precyzyjnych. <strong>Pilot zdalnego sterowania<\/strong> i obr\u00f3t o <strong>360\u00b0<\/strong> gwarantuj\u0105 maksymaln\u0105 manewrowo\u015b\u0107 i bezpiecze\u0144stwo operacyjne bezpo\u015brednio z poziomu gruntu. <\/p>\n\n<p>Pomimo du\u017cego przebiegu pojazd by\u0142 starannie utrzymywany: <strong>opony nowe w 100%<\/strong>, niedawno wymienione zawieszenie i miechy zapewniaj\u0105 niezawodno\u015b\u0107 i komfort podczas codziennego u\u017cytkowania. Silnik <strong>Mercedes-Benz OM501LA<\/strong> o mocy <strong>312 KM<\/strong> oferuje sta\u0142e i solidne osi\u0105gi nawet pod obci\u0105\u017ceniem. <\/p>\n\n<p>Idealny dla os\u00f3b poszukuj\u0105cych maszyny gotowej do u\u017cycia, ju\u017c wyposa\u017conej i operacyjnej, ten Mercedes Actros 1831 to konkretny wyb\u00f3r dla zwi\u0119kszenia wydajno\u015bci na placu budowy przy ukierunkowanej i konkurencyjnej inwestycji.<\/p>\n\n<p><\/p>\n","protected":false},"excerpt":{"rendered":"<p>Samoch\u00f3d ci\u0119\u017carowy <strong data-start=\"1310\" data-end=\"1358\">Mercedes Actros 1831 wywrotka tr\u00f3jstronna<\/strong> z d\u017awigiem Bonfiglioli o wysi\u0119gu 20 m. Nowe opony, wymienione zawieszenie i pilot w zestawie. Kompletna maszyna gotowa do pracy, idealna do budownictwa i transportu materia\u0142\u00f3w.  <\/p>\n","protected":false},"featured_media":37070,"template":"","meta":{"_acf_changed":false},"ubicazione_acf":[],"product_brand":[982],"product_cat":[502],"false":[749],"proprietario":[],"class_list":{"0":"post-37039","1":"product","2":"type-product","3":"status-publish","4":"has-post-thumbnail","6":"product_brand-mercedes","7":"product_cat-wywrotki","8":"product_tag-pl","9":"pa_brand-mercedes-benz","11":"first","12":"instock","13":"sold-individually","14":"shipping-taxable","15":"purchasable","16":"product-type-simple"},"acf":[],"_links":{"self":[{"href":"https:\/\/www.damac.it\/pl\/wp-json\/wp\/v2\/product\/37039","targetHints":{"allow":["GET"]}}],"collection":[{"href":"https:\/\/www.damac.it\/pl\/wp-json\/wp\/v2\/product"}],"about":[{"href":"https:\/\/www.damac.it\/pl\/wp-json\/wp\/v2\/types\/product"}],"wp:featuredmedia":[{"embeddable":true,"href":"https:\/\/www.damac.it\/pl\/wp-json\/wp\/v2\/media\/37070"}],"wp:attachment":[{"href":"https:\/\/www.damac.it\/pl\/wp-json\/wp\/v2\/media?parent=37039"}],"wp:term":[{"taxonomy":"ubicazione_acf","embeddable":true,"href":"https:\/\/www.damac.it\/pl\/wp-json\/wp\/v2\/ubicazione_acf?post=37039"},{"taxonomy":"product_brand","embeddable":true,"href":"https:\/\/www.damac.it\/pl\/wp-json\/wp\/v2\/product_brand?post=37039"},{"taxonomy":"product_cat","embeddable":true,"href":"https:\/\/www.damac.it\/pl\/wp-json\/wp\/v2\/product_cat?post=37039"},{"taxonomy":"product_tag","embeddable":true,"href":"https:\/\/www.damac.it\/pl\/wp-json\/wp\/v2\/false?post=37039"},{"taxonomy":"proprietario","embeddable":true,"href":"https:\/\/www.damac.it\/pl\/wp-json\/wp\/v2\/proprietario?post=37039"}],"curies":[{"name":"wp","href":"https:\/\/api.w.org\/{rel}","templated":true}]}}