{"id":37515,"date":"2026-04-13T10:39:35","date_gmt":"2026-04-13T10:39:35","guid":{"rendered":"https:\/\/www.damac.it\/bez-kategorii\/kubota-u36\/"},"modified":"2026-04-13T10:59:40","modified_gmt":"2026-04-13T10:59:40","slug":"kubota-u36","status":"publish","type":"product","link":"https:\/\/www.damac.it\/pl\/minikoparki\/kubota-u36-anguillara-sabazia\/","title":{"rendered":"KUBOTA U36"},"content":{"rendered":"\n<p>U\u017cywana <a href=\"https:\/\/www.damac.it\/miniescavatori\/\">minikoparka<\/a> <strong>Kubota U36-4 z 2018 roku<\/strong> to kompaktowa maszyna zaprojektowana z my\u015bl\u0105 o zapewnieniu <strong>wysokiej wydajno\u015bci, precyzji operacyjnej i maksymalnej niezawodno\u015bci<\/strong> w pracach budowlanych i konserwacyjnych. Dzi\u0119ki masie 3750 kg i konstrukcji <strong>z zerowym promieniem obrotu (giro sagoma)<\/strong> umo\u017cliwia prac\u0119 w ciasnych przestrzeniach bez utraty stabilno\u015bci i bezpiecze\u0144stwa. Silnik <strong>Kubota D1703M-DI-E4 o mocy 17,8 kW (24,2 KM)<\/strong> gwarantuje niskie zu\u017cycie paliwa i p\u0142ynn\u0105 reakcj\u0119 nawet w najbardziej wymagaj\u0105cych zastosowaniach.  <\/p>\n\n<p>Maszyna jest wyposa\u017cona w <strong>zamkni\u0119t\u0105 kabin\u0119 z klimatyzacj\u0105<\/strong>, idealn\u0105 do pracy o ka\u017cdej porze roku, co poprawia komfort operatora podczas d\u0142ugich dni pracy. Uk\u0142ad hydrauliczny z instalacj\u0105 pod m\u0142ot pozwala na wszechstronne zastosowanie, czyni\u0105c ten model idealnym do wykop\u00f3w, lekkich wyburze\u0144 i rob\u00f3t drogowych. <strong>G\u0105sienice gumowe w 90%<\/strong> zapewniaj\u0105 doskona\u0142\u0105 trakcj\u0119 i ograniczony wp\u0142yw na pod\u0142o\u017ce.  <\/p>\n\n<p>Dzi\u0119ki <strong>lemieszowi przedniemu<\/strong> i dw\u00f3m pr\u0119dko\u015bciom jazdy, Kubota U36-4 oferuje wi\u0119ksz\u0105 wydajno\u015b\u0107 podczas przemieszczania si\u0119 i niwelacji terenu. Przebieg 6208 motogodzin \u015bwiadczy o maszynie gotowej do u\u017cycia, idealnej dla profesjonalist\u00f3w szukaj\u0105cych niezawodnego i natychmiast sprawnego sprz\u0119tu. <\/p>\n","protected":false},"excerpt":{"rendered":"<p data-start=\"1278\" data-end=\"1521\">Kubota U36-4 z 2018 roku, kompaktowa i mocna, z klimatyzowan\u0105 kabin\u0105 i obrysem mieszcz\u0105cym si\u0119 w szeroko\u015bci g\u0105sienic. Idealna do prac w ciasnych przestrzeniach, oferuje niezawodn\u0105 wydajno\u015b\u0107, g\u0105sienice w 90% i instalacj\u0119 do m\u0142ota. Gotowa do pracy, dost\u0119pna od r\u0119ki w Anguillara Sabazia.  <\/p>\n","protected":false},"featured_media":37517,"template":"","meta":{"_acf_changed":false},"ubicazione_acf":[],"product_brand":[602],"product_cat":[413],"false":[749],"proprietario":[],"class_list":{"0":"post-37515","1":"product","2":"type-product","3":"status-publish","4":"has-post-thumbnail","6":"product_brand-kubota","7":"product_cat-minikoparki","8":"product_tag-pl","9":"pa_brand-kubota","11":"first","12":"instock","13":"sold-individually","14":"shipping-taxable","15":"purchasable","16":"product-type-simple"},"acf":[],"_links":{"self":[{"href":"https:\/\/www.damac.it\/pl\/wp-json\/wp\/v2\/product\/37515","targetHints":{"allow":["GET"]}}],"collection":[{"href":"https:\/\/www.damac.it\/pl\/wp-json\/wp\/v2\/product"}],"about":[{"href":"https:\/\/www.damac.it\/pl\/wp-json\/wp\/v2\/types\/product"}],"wp:featuredmedia":[{"embeddable":true,"href":"https:\/\/www.damac.it\/pl\/wp-json\/wp\/v2\/media\/37517"}],"wp:attachment":[{"href":"https:\/\/www.damac.it\/pl\/wp-json\/wp\/v2\/media?parent=37515"}],"wp:term":[{"taxonomy":"ubicazione_acf","embeddable":true,"href":"https:\/\/www.damac.it\/pl\/wp-json\/wp\/v2\/ubicazione_acf?post=37515"},{"taxonomy":"product_brand","embeddable":true,"href":"https:\/\/www.damac.it\/pl\/wp-json\/wp\/v2\/product_brand?post=37515"},{"taxonomy":"product_cat","embeddable":true,"href":"https:\/\/www.damac.it\/pl\/wp-json\/wp\/v2\/product_cat?post=37515"},{"taxonomy":"product_tag","embeddable":true,"href":"https:\/\/www.damac.it\/pl\/wp-json\/wp\/v2\/false?post=37515"},{"taxonomy":"proprietario","embeddable":true,"href":"https:\/\/www.damac.it\/pl\/wp-json\/wp\/v2\/proprietario?post=37515"}],"curies":[{"name":"wp","href":"https:\/\/api.w.org\/{rel}","templated":true}]}}