{"id":37885,"date":"2026-04-14T08:31:39","date_gmt":"2026-04-14T08:31:39","guid":{"rendered":"https:\/\/www.damac.it\/bez-kategorii\/scania-420\/"},"modified":"2026-04-14T08:40:58","modified_gmt":"2026-04-14T08:40:58","slug":"scania-420","status":"publish","type":"product","link":"https:\/\/www.damac.it\/pl\/wywrotki\/scania-420-rzym\/","title":{"rendered":"SCANIA 420"},"content":{"rendered":"\n<p>Pojazd <strong>Scania 420 wywrotka tylnozsypowa<\/strong> to solidna i niezawodna ci\u0119\u017car\u00f3wka, idealna do prac budowlanych, transportu materia\u0142\u00f3w i gospodarki odpadami. Dzi\u0119ki <strong>mocy 420 KM<\/strong> i solidnej konstrukcji typowej dla marki Scania, maszyna ta gwarantuje wysok\u0105 wydajno\u015b\u0107 nawet w wymagaj\u0105cych warunkach operacyjnych. <\/p>\n\n<p>Jednym z g\u0142\u00f3wnych atut\u00f3w s\u0105 <strong>3 prawie nowe, wymienne skrzynie<\/strong>, kt\u00f3re czyni\u0105 pojazd niezwykle wszechstronnym: skrzynia na ci\u0119\u017cki sprz\u0119t, skrzynia do odpad\u00f3w o podwy\u017cszonej wysoko\u015bci oraz <strong>d\u0142uga skrzynia o d\u0142ugo\u015bci 6,60 m<\/strong>, idealna do transport\u00f3w wielkogabarytowych. Taka konfiguracja pozwala dostosowa\u0107 ci\u0119\u017car\u00f3wk\u0119 do r\u00f3\u017cnych potrzeb roboczych, optymalizuj\u0105c czas i koszty. <\/p>\n\n<p>Pojazd jest w dobrym stanie og\u00f3lnym, posiada <strong>4 \u015bwie\u017co wymienione opony przednie<\/strong> oraz ogumienie tylne w 70% sprawno\u015bci, co zapewnia dobr\u0105 wydajno\u015b\u0107 na drodze i na budowie. Kabina jest wyposa\u017cona w <strong>klimatyzacj\u0119<\/strong> i oferuje komfort podczas codziennego u\u017cytkowania, nawet w trakcie d\u0142ugich dni pracy. <\/p>\n\n<p>Dzi\u0119ki niskiemu przebiegowi jak na t\u0119 kategori\u0119 i natychmiastowej dost\u0119pno\u015bci, ta Scania stanowi konkretne rozwi\u0105zanie dla os\u00f3b szukaj\u0105cych pojazdu <strong>gotowego do u\u017cycia, wszechstronnego i wydajnego<\/strong>, idealnego do niezawodnego zwi\u0119kszenia produktywno\u015bci.<\/p>\n\n<p><\/p>\n","protected":false},"excerpt":{"rendered":"<p>Scania 420 wywrotka z 3 prawie nowymi skrzyniami w zestawie. 420 KM, nowe opony przednie i gotowo\u015b\u0107 do pracy. Wszechstronna i idealna dla budownictwa oraz transportu materia\u0142\u00f3w.  <\/p>\n","protected":false},"featured_media":37887,"template":"","meta":{"_acf_changed":false},"ubicazione_acf":[],"product_brand":[1010],"product_cat":[502],"false":[749],"proprietario":[],"class_list":{"0":"post-37885","1":"product","2":"type-product","3":"status-publish","4":"has-post-thumbnail","6":"product_brand-scania","7":"product_cat-wywrotki","8":"product_tag-pl","9":"pa_brand-scania","11":"first","12":"instock","13":"sold-individually","14":"shipping-taxable","15":"purchasable","16":"product-type-simple"},"acf":[],"_links":{"self":[{"href":"https:\/\/www.damac.it\/pl\/wp-json\/wp\/v2\/product\/37885","targetHints":{"allow":["GET"]}}],"collection":[{"href":"https:\/\/www.damac.it\/pl\/wp-json\/wp\/v2\/product"}],"about":[{"href":"https:\/\/www.damac.it\/pl\/wp-json\/wp\/v2\/types\/product"}],"wp:featuredmedia":[{"embeddable":true,"href":"https:\/\/www.damac.it\/pl\/wp-json\/wp\/v2\/media\/37887"}],"wp:attachment":[{"href":"https:\/\/www.damac.it\/pl\/wp-json\/wp\/v2\/media?parent=37885"}],"wp:term":[{"taxonomy":"ubicazione_acf","embeddable":true,"href":"https:\/\/www.damac.it\/pl\/wp-json\/wp\/v2\/ubicazione_acf?post=37885"},{"taxonomy":"product_brand","embeddable":true,"href":"https:\/\/www.damac.it\/pl\/wp-json\/wp\/v2\/product_brand?post=37885"},{"taxonomy":"product_cat","embeddable":true,"href":"https:\/\/www.damac.it\/pl\/wp-json\/wp\/v2\/product_cat?post=37885"},{"taxonomy":"product_tag","embeddable":true,"href":"https:\/\/www.damac.it\/pl\/wp-json\/wp\/v2\/false?post=37885"},{"taxonomy":"proprietario","embeddable":true,"href":"https:\/\/www.damac.it\/pl\/wp-json\/wp\/v2\/proprietario?post=37885"}],"curies":[{"name":"wp","href":"https:\/\/api.w.org\/{rel}","templated":true}]}}