{"id":38038,"date":"2026-04-14T10:29:46","date_gmt":"2026-04-14T10:29:46","guid":{"rendered":"https:\/\/www.damac.it\/bez-kategorii\/evoquip-bison-280\/"},"modified":"2026-04-14T10:37:50","modified_gmt":"2026-04-14T10:37:50","slug":"evoquip-bison-280","status":"publish","type":"product","link":"https:\/\/www.damac.it\/pl\/kruszarki\/evoquip-bison-280\/","title":{"rendered":"EVOQUIP BISON 280"},"content":{"rendered":"\n<p><strong>EvoQuip Bison 280<\/strong> to mobilna kruszarka szcz\u0119kowa zaprojektowana z my\u015bl\u0105 o wysokiej wydajno\u015bci w kamienio\u0142omach, recyklingu i rozbi\u00f3rkach. Dzi\u0119ki <strong>wlotowi o wymiarach 900&#215;600 mm<\/strong> jest w stanie przetwarza\u0107 materia\u0142y o du\u017cych gabarytach, gwarantuj\u0105c efektywne i sta\u0142e kruszenie nawet w najtrudniejszych warunkach. <\/p>\n\n<p>Dzi\u0119ki <strong>wydajno\u015bci do 200 t\/h<\/strong> instalacja ta stanowi idealne rozwi\u0105zanie dla firm poszukuj\u0105cych produktywno\u015bci i ci\u0105g\u0142o\u015bci operacyjnej. System szcz\u0119kowy z regulacj\u0105 hydrauliczn\u0105 pozwala na szybkie dostosowanie granulacji materia\u0142u wyj\u015bciowego, co poprawia jako\u015b\u0107 gotowego produktu i skraca przestoje. <\/p>\n\n<p>Kompaktowa konstrukcja i <strong>podwozie w 100% stalowe<\/strong> zapewniaj\u0105 stabilno\u015b\u0107 i \u0142atwo\u015b\u0107 przemieszczania na placu budowy, natomiast <strong>silnik Caterpillar<\/strong> gwarantuje niezawodno\u015b\u0107 i wysok\u0105 wydajno\u015b\u0107 w d\u0142ugim okresie. Maszyna zosta\u0142a zaprojektowana tak, aby by\u0142a intuicyjna, z prostymi elementami steruj\u0105cymi, kt\u00f3re pozwalaj\u0105 operatorowi pracowa\u0107 bezpiecznie i precyzyjnie. <\/p>\n\n<p>Nowy, z certyfikatem CE i pe\u0142n\u0105 dokumentacj\u0105, Bison 280 to idealny wyb\u00f3r dla os\u00f3b poszukuj\u0105cych <strong>profesjonalnej, pot\u0119\u017cnej i gotowej do u\u017cycia<\/strong> instalacji, zdolnej do optymalizacji proces\u00f3w kruszenia i zwi\u0119kszenia produktywno\u015bci.<\/p>\n","protected":false},"excerpt":{"rendered":"<p>Mobilna kruszarka szcz\u0119kowa EvoQuip Bison 280 o wydajno\u015bci do 200 t\/h. Wlot 900&#215;600 mm, silnik Caterpillar i g\u0105sienice stalowe. Idealna do kamienio\u0142om\u00f3w i recyklingu.  <\/p>\n","protected":false},"featured_media":38040,"template":"","meta":{"_acf_changed":false},"ubicazione_acf":[],"product_brand":[1018],"product_cat":[1019],"false":[749],"proprietario":[],"class_list":{"0":"post-38038","1":"product","2":"type-product","3":"status-publish","4":"has-post-thumbnail","6":"product_brand-evoquip","7":"product_cat-kruszarki","8":"product_tag-pl","9":"pa_brand-evoquip","11":"first","12":"instock","13":"sold-individually","14":"shipping-taxable","15":"product-type-simple"},"acf":[],"_links":{"self":[{"href":"https:\/\/www.damac.it\/pl\/wp-json\/wp\/v2\/product\/38038","targetHints":{"allow":["GET"]}}],"collection":[{"href":"https:\/\/www.damac.it\/pl\/wp-json\/wp\/v2\/product"}],"about":[{"href":"https:\/\/www.damac.it\/pl\/wp-json\/wp\/v2\/types\/product"}],"wp:featuredmedia":[{"embeddable":true,"href":"https:\/\/www.damac.it\/pl\/wp-json\/wp\/v2\/media\/38040"}],"wp:attachment":[{"href":"https:\/\/www.damac.it\/pl\/wp-json\/wp\/v2\/media?parent=38038"}],"wp:term":[{"taxonomy":"ubicazione_acf","embeddable":true,"href":"https:\/\/www.damac.it\/pl\/wp-json\/wp\/v2\/ubicazione_acf?post=38038"},{"taxonomy":"product_brand","embeddable":true,"href":"https:\/\/www.damac.it\/pl\/wp-json\/wp\/v2\/product_brand?post=38038"},{"taxonomy":"product_cat","embeddable":true,"href":"https:\/\/www.damac.it\/pl\/wp-json\/wp\/v2\/product_cat?post=38038"},{"taxonomy":"product_tag","embeddable":true,"href":"https:\/\/www.damac.it\/pl\/wp-json\/wp\/v2\/false?post=38038"},{"taxonomy":"proprietario","embeddable":true,"href":"https:\/\/www.damac.it\/pl\/wp-json\/wp\/v2\/proprietario?post=38038"}],"curies":[{"name":"wp","href":"https:\/\/api.w.org\/{rel}","templated":true}]}}