{"id":38131,"date":"2026-04-14T11:59:33","date_gmt":"2026-04-14T11:59:33","guid":{"rendered":"https:\/\/www.damac.it\/bez-kategorii\/evoquip-bison-220r\/"},"modified":"2026-04-14T16:21:05","modified_gmt":"2026-04-14T16:21:05","slug":"evoquip-bison-220r","status":"publish","type":"product","link":"https:\/\/www.damac.it\/pl\/kruszarki\/evoquip-bison-220r\/","title":{"rendered":"EVOQUIP BISON 220R"},"content":{"rendered":"\n<p>Kruszarka szcz\u0119kowa <strong>EvoQuip Bison 220R<\/strong> to wysokowydajne rozwi\u0105zanie do <strong>wst\u0119pnego kruszenia twardych materia\u0142\u00f3w<\/strong>, idealne w sektorach wydobywczym, wyburzeniowym i recyklingowym. Dzi\u0119ki <strong>wysokiej wydajno\u015bci do 180 000 kg\/h<\/strong> maszyna ta gwarantuje konkretne rezultaty nawet w najbardziej wymagaj\u0105cych zastosowaniach, optymalizuj\u0105c czas i koszty operacyjne. <\/p>\n\n<p>Wyposa\u017cony w <strong>wlot o wymiarach 820&#215;550 mm<\/strong> i jednorozporowy system szcz\u0119kowy, model Bison 220R zapewnia wydajn\u0105 i sta\u0142\u0105 obr\u00f3bk\u0119. Dwie opcje silnika, <strong>Caterpillar 7.1<\/strong> lub <strong>Caterpillar C4.4, oba o mocy 140 kW (188 KM)<\/strong>, oferuj\u0105 niezawodn\u0105 moc, podczas gdy system hydrostatyczny umo\u017cliwia <strong>precyzyjne sterowanie, bieg wsteczny i szybkie odblokowanie komory<\/strong>, zwi\u0119kszaj\u0105c produktywno\u015b\u0107 w miejscu pracy. Hydrauliczna regulacja szczeliny (CSS) pozwala na szybkie dostosowanie granulacji materia\u0142u.  <\/p>\n\n<p>Mocn\u0105 stron\u0105 wersji \u201eR\u201d jest <strong>zintegrowany system recyrkulacji<\/strong>, kt\u00f3ry umo\u017cliwia automatyczne ponowne wprowadzenie nadwymiarowego materia\u0142u do cyklu kruszenia lub jego sk\u0142adowanie, gwarantuj\u0105c bardziej jednolity produkt ko\u0144cowy, zgodny z wymagan\u0105 specyfikacj\u0105. Przek\u0142ada si\u0119 to na <strong>wy\u017csz\u0105 jako\u015b\u0107 materia\u0142u i redukcj\u0119 odpad\u00f3w<\/strong>. <\/p>\n\n<p>Solidna, \u0142atwa w transporcie i szybka w konfiguracji kruszarka Evoquip Bison 220R zosta\u0142a zaprojektowana, aby oferowa\u0107 <strong>maksymaln\u0105 wydajno\u015b\u0107 operacyjn\u0105, niezawodno\u015b\u0107 i prostot\u0119 obs\u0142ugi<\/strong>, co czyni j\u0105 idealnym wyborem dla profesjonalist\u00f3w szukaj\u0105cych wysokich osi\u0105g\u00f3w i ci\u0105g\u0142o\u015bci pracy.<\/p>\n\n<p><\/p>\n","protected":false},"excerpt":{"rendered":"<p>Kruszarka szcz\u0119kowa <strong data-start=\"1679\" data-end=\"1701\">EvoQuip Bison 220R<\/strong> ze zintegrowan\u0105 recyrkulacj\u0105, wydajno\u015bci\u0105 do 180 000 kg\/h i silnikiem Caterpillar o mocy 140 kW. Idealna do kamienio\u0142om\u00f3w i recyklingu, gwarantuje wysok\u0105 produktywno\u015b\u0107, jako\u015b\u0107 materia\u0142u i maksymaln\u0105 efektywno\u015b\u0107 operacyjn\u0105 na ka\u017cdym placu budowy. <\/p>\n","protected":false},"featured_media":38141,"template":"","meta":{"_acf_changed":false},"ubicazione_acf":[],"product_brand":[1018],"product_cat":[1019],"false":[749],"proprietario":[],"class_list":{"0":"post-38131","1":"product","2":"type-product","3":"status-publish","4":"has-post-thumbnail","6":"product_brand-evoquip","7":"product_cat-kruszarki","8":"product_tag-pl","9":"pa_brand-evoquip","11":"first","12":"instock","13":"sold-individually","14":"shipping-taxable","15":"product-type-simple"},"acf":[],"_links":{"self":[{"href":"https:\/\/www.damac.it\/pl\/wp-json\/wp\/v2\/product\/38131","targetHints":{"allow":["GET"]}}],"collection":[{"href":"https:\/\/www.damac.it\/pl\/wp-json\/wp\/v2\/product"}],"about":[{"href":"https:\/\/www.damac.it\/pl\/wp-json\/wp\/v2\/types\/product"}],"wp:featuredmedia":[{"embeddable":true,"href":"https:\/\/www.damac.it\/pl\/wp-json\/wp\/v2\/media\/38141"}],"wp:attachment":[{"href":"https:\/\/www.damac.it\/pl\/wp-json\/wp\/v2\/media?parent=38131"}],"wp:term":[{"taxonomy":"ubicazione_acf","embeddable":true,"href":"https:\/\/www.damac.it\/pl\/wp-json\/wp\/v2\/ubicazione_acf?post=38131"},{"taxonomy":"product_brand","embeddable":true,"href":"https:\/\/www.damac.it\/pl\/wp-json\/wp\/v2\/product_brand?post=38131"},{"taxonomy":"product_cat","embeddable":true,"href":"https:\/\/www.damac.it\/pl\/wp-json\/wp\/v2\/product_cat?post=38131"},{"taxonomy":"product_tag","embeddable":true,"href":"https:\/\/www.damac.it\/pl\/wp-json\/wp\/v2\/false?post=38131"},{"taxonomy":"proprietario","embeddable":true,"href":"https:\/\/www.damac.it\/pl\/wp-json\/wp\/v2\/proprietario?post=38131"}],"curies":[{"name":"wp","href":"https:\/\/api.w.org\/{rel}","templated":true}]}}