{"id":38327,"date":"2026-04-14T12:56:16","date_gmt":"2026-04-14T12:56:16","guid":{"rendered":"https:\/\/www.damac.it\/bez-kategorii\/evoquip-cobra-230r\/"},"modified":"2026-04-14T14:47:41","modified_gmt":"2026-04-14T14:47:41","slug":"evoquip-cobra-230r","status":"publish","type":"product","link":"https:\/\/www.damac.it\/pl\/kruszarki\/evoquip-cobra-230r\/","title":{"rendered":"EVOQUIP COBRA 230R"},"content":{"rendered":"\n<p>Kruszarka EvoQuip COBRA 230R stanowi zaawansowane rozwi\u0105zanie dla os\u00f3b poszukuj\u0105cych <strong>wysokiej wydajno\u015bci kruszenia w kompaktowej i wszechstronnej instalacji<\/strong>. Zaprojektowany na rok 2026, model ten integruje wydajny <strong>system udarowy z rotorem m\u0142otkowym i recyrkulacj\u0105<\/strong>, idealny do uzyskiwania materia\u0142\u00f3w o jednolitej jako\u015bci nawet w intensywnych warunkach operacyjnych. <strong>Wlot za\u0142adowczy 860 \u00d7 720 mm<\/strong> umo\u017cliwia przetwarzanie materia\u0142\u00f3w o du\u017cych wymiarach, skracaj\u0105c czas pracy i zwi\u0119kszaj\u0105c produktywno\u015b\u0107.  <\/p>\n\n<p>Dzi\u0119ki <strong>wydajno\u015bci do 250 t\/h<\/strong>, COBRA 230R wyr\u00f3\u017cnia si\u0119 zdolno\u015bci\u0105 do ci\u0105g\u0142ej pracy z doskona\u0142ymi rezultatami. Mocny <strong>6-cylindrowy silnik Volvo Penta<\/strong> gwarantuje niezawodno\u015b\u0107, zoptymalizowane zu\u017cycie paliwa i sta\u0142\u0105 wydajno\u015b\u0107 nawet w najbardziej wymagaj\u0105cych warunkach, co czyni go idealnym do kamienio\u0142om\u00f3w, rozbi\u00f3rki i recyklingu. <\/p>\n\n<p>Solidna konstrukcja z <strong>g\u0105sienicami w 100% stalowymi<\/strong> zapewnia stabilno\u015b\u0107 i mobilno\u015b\u0107 na placu budowy, podczas gdy zoptymalizowane wymiary (13 300 \u00d7 2500 \u00d7 3000 mm) umo\u017cliwiaj\u0105 stosunkowo \u0142atwy transport. Przy wadze 29 100 kg kruszarka ta \u0142\u0105czy solidno\u015b\u0107 konstrukcyjn\u0105 z \u0142atwo\u015bci\u0105 obs\u0142ugi. <\/p>\n\n<p>Zaprojektowany dla wymagaj\u0105cych profesjonalist\u00f3w, EVOQUIP COBRA 230R oferuje <strong>maksymaln\u0105 efektywno\u015b\u0107 operacyjn\u0105, redukcj\u0119 koszt\u00f3w i wszechstronno\u015b\u0107 u\u017cytkowania<\/strong>, wspierany certyfikatem CE i kompletn\u0105 dokumentacj\u0105 dla natychmiastowego i bezpiecznego u\u017cytkowania.<\/p>\n","protected":false},"excerpt":{"rendered":"<p>Kruszarka <span class=\"hover:entity-accent entity-underline inline cursor-pointer align-baseline\"><span class=\"whitespace-normal\">EvoQuip<\/span><\/span> COBRA 230R nowa (2026), z systemem udarowym i wydajno\u015bci\u0105 do 250 000 kg\/h. Wydajna, niezawodna i idealna do bud\u00f3w, rozbi\u00f3rki i recyklingu. Wysoka wydajno\u015b\u0107 i maksymalna efektywno\u015b\u0107 operacyjna.  <\/p>\n","protected":false},"featured_media":38333,"template":"","meta":{"_acf_changed":false},"ubicazione_acf":[],"product_brand":[1018],"product_cat":[1019],"false":[749],"proprietario":[],"class_list":{"0":"post-38327","1":"product","2":"type-product","3":"status-publish","4":"has-post-thumbnail","6":"product_brand-evoquip","7":"product_cat-kruszarki","8":"product_tag-pl","9":"pa_brand-evoquip","11":"first","12":"instock","13":"sold-individually","14":"shipping-taxable","15":"product-type-simple"},"acf":[],"_links":{"self":[{"href":"https:\/\/www.damac.it\/pl\/wp-json\/wp\/v2\/product\/38327","targetHints":{"allow":["GET"]}}],"collection":[{"href":"https:\/\/www.damac.it\/pl\/wp-json\/wp\/v2\/product"}],"about":[{"href":"https:\/\/www.damac.it\/pl\/wp-json\/wp\/v2\/types\/product"}],"wp:featuredmedia":[{"embeddable":true,"href":"https:\/\/www.damac.it\/pl\/wp-json\/wp\/v2\/media\/38333"}],"wp:attachment":[{"href":"https:\/\/www.damac.it\/pl\/wp-json\/wp\/v2\/media?parent=38327"}],"wp:term":[{"taxonomy":"ubicazione_acf","embeddable":true,"href":"https:\/\/www.damac.it\/pl\/wp-json\/wp\/v2\/ubicazione_acf?post=38327"},{"taxonomy":"product_brand","embeddable":true,"href":"https:\/\/www.damac.it\/pl\/wp-json\/wp\/v2\/product_brand?post=38327"},{"taxonomy":"product_cat","embeddable":true,"href":"https:\/\/www.damac.it\/pl\/wp-json\/wp\/v2\/product_cat?post=38327"},{"taxonomy":"product_tag","embeddable":true,"href":"https:\/\/www.damac.it\/pl\/wp-json\/wp\/v2\/false?post=38327"},{"taxonomy":"proprietario","embeddable":true,"href":"https:\/\/www.damac.it\/pl\/wp-json\/wp\/v2\/proprietario?post=38327"}],"curies":[{"name":"wp","href":"https:\/\/api.w.org\/{rel}","templated":true}]}}