{"id":38438,"date":"2026-04-14T13:06:49","date_gmt":"2026-04-14T13:06:49","guid":{"rendered":"https:\/\/www.damac.it\/bez-kategorii\/evoquip-cobra-290r\/"},"modified":"2026-04-14T15:25:58","modified_gmt":"2026-04-14T15:25:58","slug":"evoquip-cobra-290r","status":"publish","type":"product","link":"https:\/\/www.damac.it\/pl\/kruszarki\/evoquip-cobra-290r\/","title":{"rendered":"EVOQUIP COBRA 290R"},"content":{"rendered":"\n<p>EVOQUIP COBRA 290R to kruszarka udarowa nowej generacji, zaprojektowana w celu zapewnienia <strong>wysokich osi\u0105g\u00f3w i maksymalnej wszechstronno\u015bci na placach budowy<\/strong>. Dzi\u0119ki solidnej konstrukcji i mocnemu 6-cylindrowemu silnikowi Volvo, maszyna ta gwarantuje <strong>wydajno\u015b\u0107 do 290 000 kg\/h<\/strong>, co czyni j\u0105 idealn\u0105 do intensywnej obr\u00f3bki materia\u0142\u00f3w z rozbi\u00f3rek, kamienia naturalnego i recyklingu. <\/p>\n\n<p>Obecno\u015b\u0107 systemu kruszenia udarowego z <strong>wirnikiem m\u0142otkowym i zintegrowanym recyrkulacj\u0105<\/strong> pozwala uzyska\u0107 jednorodny produkt ko\u0144cowy wysokiej jako\u015bci, minimalizuj\u0105c odpady. <strong>Otw\u00f3r za\u0142adowczy 1030 x 790 mm<\/strong> umo\u017cliwia wprowadzanie materia\u0142\u00f3w o du\u017cych wymiarach, poprawiaj\u0105c produktywno\u015b\u0107 i skracaj\u0105c czas pracy. G\u0105sienice w 100% stalowe zapewniaj\u0105 stabilno\u015b\u0107 i mobilno\u015b\u0107 nawet w najbardziej wymagaj\u0105cych warunkach.  <\/p>\n\n<p>Z operacyjnego punktu widzenia COBRA 290R wyr\u00f3\u017cnia si\u0119 <strong>\u0142atwo\u015bci\u0105 obs\u0142ugi i konserwacji<\/strong>, z szybkim dost\u0119pem do g\u0142\u00f3wnych podzespo\u0142\u00f3w i kompletn\u0105 dokumentacj\u0105 w zestawie. Kompaktowe wymiary w stosunku do wydajno\u015bci produkcyjnej czyni\u0105 j\u0105 idealnym rozwi\u0105zaniem dla tych, kt\u00f3rzy szukaj\u0105 <strong>efektywno\u015bci, niezawodno\u015bci i redukcji koszt\u00f3w operacyjnych<\/strong>. <\/p>\n\n<p>Zaprojektowana dla profesjonalist\u00f3w z bran\u017cy, EVOQUIP COBRA 290R stanowi strategiczny wyb\u00f3r dla tych, kt\u00f3rzy chc\u0105 zwi\u0119kszy\u0107 produktywno\u015b\u0107 bez rezygnacji z jako\u015bci i kontroli procesu.<\/p>\n","protected":false},"excerpt":{"rendered":"<p>Kruszarka udarowa EVOQUIP COBRA 290R o wydajno\u015bci do 290 t\/h, z rotorem m\u0142otkowym i recyrkulacj\u0105. Wydajna, efektywna i idealna do rozbi\u00f3rki oraz recyklingu na placu budowy. <\/p>\n","protected":false},"featured_media":38443,"template":"","meta":{"_acf_changed":false},"ubicazione_acf":[],"product_brand":[1018],"product_cat":[1019],"false":[749],"proprietario":[],"class_list":{"0":"post-38438","1":"product","2":"type-product","3":"status-publish","4":"has-post-thumbnail","6":"product_brand-evoquip","7":"product_cat-kruszarki","8":"product_tag-pl","9":"pa_brand-evoquip","11":"first","12":"instock","13":"sold-individually","14":"shipping-taxable","15":"product-type-simple"},"acf":[],"_links":{"self":[{"href":"https:\/\/www.damac.it\/pl\/wp-json\/wp\/v2\/product\/38438","targetHints":{"allow":["GET"]}}],"collection":[{"href":"https:\/\/www.damac.it\/pl\/wp-json\/wp\/v2\/product"}],"about":[{"href":"https:\/\/www.damac.it\/pl\/wp-json\/wp\/v2\/types\/product"}],"wp:featuredmedia":[{"embeddable":true,"href":"https:\/\/www.damac.it\/pl\/wp-json\/wp\/v2\/media\/38443"}],"wp:attachment":[{"href":"https:\/\/www.damac.it\/pl\/wp-json\/wp\/v2\/media?parent=38438"}],"wp:term":[{"taxonomy":"ubicazione_acf","embeddable":true,"href":"https:\/\/www.damac.it\/pl\/wp-json\/wp\/v2\/ubicazione_acf?post=38438"},{"taxonomy":"product_brand","embeddable":true,"href":"https:\/\/www.damac.it\/pl\/wp-json\/wp\/v2\/product_brand?post=38438"},{"taxonomy":"product_cat","embeddable":true,"href":"https:\/\/www.damac.it\/pl\/wp-json\/wp\/v2\/product_cat?post=38438"},{"taxonomy":"product_tag","embeddable":true,"href":"https:\/\/www.damac.it\/pl\/wp-json\/wp\/v2\/false?post=38438"},{"taxonomy":"proprietario","embeddable":true,"href":"https:\/\/www.damac.it\/pl\/wp-json\/wp\/v2\/proprietario?post=38438"}],"curies":[{"name":"wp","href":"https:\/\/api.w.org\/{rel}","templated":true}]}}