{"id":38743,"date":"2026-04-15T10:40:39","date_gmt":"2026-04-15T10:40:39","guid":{"rendered":"https:\/\/www.damac.it\/bez-kategorii\/c4-t15\/"},"modified":"2026-04-15T10:59:29","modified_gmt":"2026-04-15T10:59:29","slug":"c4-t15","status":"publish","type":"product","link":"https:\/\/www.damac.it\/pl\/wiertnice\/c4-t15-anguillara-sabazia\/","title":{"rendered":"C4 T15"},"content":{"rendered":"\n<p>Wiertnica hydrauliczna <strong>C4 T15 Seria T<\/strong> to profesjonalne rozwi\u0105zanie zaprojektowane, aby zapewni\u0107 <strong>precyzyjne, szybkie i wydajne wiercenie<\/strong> w wielu kontekstach operacyjnych. Idealna dla budownictwa, rolnictwa i prac specjalistycznych, wyr\u00f3\u017cnia si\u0119 kompatybilno\u015bci\u0105 z koparkami od 1,5 do 10,5 tony, oferuj\u0105c doskona\u0142\u0105 r\u00f3wnowag\u0119 mi\u0119dzy <strong>moc\u0105, kontrol\u0105 i wszechstronno\u015bci\u0105<\/strong> nawet przy najbardziej intensywnym u\u017cytkowaniu. <\/p>\n\n<p>Sercem maszyny jest <strong>zintegrowany i chroniony silnik hydrauliczny<\/strong>, zaprojektowany tak, aby wytrzyma\u0107 uderzenia i obci\u0105\u017cenia. Taka konfiguracja zwi\u0119ksza niezawodno\u015b\u0107 w czasie i obni\u017ca koszty konserwacji, czyni\u0105c wiertnic\u0119 strategicznym wyborem dla os\u00f3b poszukuj\u0105cych <strong>ci\u0105g\u0142o\u015bci pracy i maksymalnej wydajno\u015bci<\/strong> na placu budowy. <\/p>\n\n<p>Du\u017cym atutem jest <strong>system podw\u00f3jnego przegubu z tulejami samosmaruj\u0105cymi<\/strong>, kt\u00f3ry automatycznie utrzymuje pion podczas wiercenia. Pozwala to na uzyskanie <strong>bardziej precyzyjnych otwor\u00f3w<\/strong>, nawet w trudnym lub nieregularnym terenie, poprawiaj\u0105c wydajno\u015b\u0107 i \u0142atwo\u015b\u0107 obs\u0142ugi dla operatora. <\/p>\n\n<p><strong>Wszechstronno\u015b\u0107 operacyjn\u0105<\/strong> gwarantuje kompatybilno\u015b\u0107 z licznymi wymiennymi wiert\u0142ami, idealnymi do ziemi, ska\u0142, pni i drewna. Dzi\u0119ki C4 T15 mo\u017cliwe jest wykonywanie r\u00f3\u017cnych prac za pomoc\u0105 jednego osprz\u0119tu, optymalizuj\u0105c czas, koszty i wydajno\u015b\u0107 w ka\u017cdym profesjonalnym zastosowaniu. <\/p>\n\n<p><\/p>\n","protected":false},"excerpt":{"rendered":"<p>Wiertnica hydrauliczna <strong data-start=\"1461\" data-end=\"1479\">C4 T15 Seria T<\/strong>, mocna i kompaktowa, idealna do koparek 1,5\u201310,5 t. Gwarantuje precyzyjne wiercenie dzi\u0119ki podw\u00f3jnemu przegubowi i maksymaln\u0105 wszechstronno\u015b\u0107 dzi\u0119ki wymiennym wiert\u0142om. <\/p>\n","protected":false},"featured_media":38751,"template":"","meta":{"_acf_changed":false},"ubicazione_acf":[],"product_brand":[815],"product_cat":[1027],"false":[749],"proprietario":[],"class_list":{"0":"post-38743","1":"product","2":"type-product","3":"status-publish","4":"has-post-thumbnail","6":"product_brand-c4","7":"product_cat-wiertnice","8":"product_tag-pl","9":"pa_brand-c4","11":"first","12":"instock","13":"sold-individually","14":"shipping-taxable","15":"purchasable","16":"product-type-simple"},"acf":[],"_links":{"self":[{"href":"https:\/\/www.damac.it\/pl\/wp-json\/wp\/v2\/product\/38743","targetHints":{"allow":["GET"]}}],"collection":[{"href":"https:\/\/www.damac.it\/pl\/wp-json\/wp\/v2\/product"}],"about":[{"href":"https:\/\/www.damac.it\/pl\/wp-json\/wp\/v2\/types\/product"}],"wp:featuredmedia":[{"embeddable":true,"href":"https:\/\/www.damac.it\/pl\/wp-json\/wp\/v2\/media\/38751"}],"wp:attachment":[{"href":"https:\/\/www.damac.it\/pl\/wp-json\/wp\/v2\/media?parent=38743"}],"wp:term":[{"taxonomy":"ubicazione_acf","embeddable":true,"href":"https:\/\/www.damac.it\/pl\/wp-json\/wp\/v2\/ubicazione_acf?post=38743"},{"taxonomy":"product_brand","embeddable":true,"href":"https:\/\/www.damac.it\/pl\/wp-json\/wp\/v2\/product_brand?post=38743"},{"taxonomy":"product_cat","embeddable":true,"href":"https:\/\/www.damac.it\/pl\/wp-json\/wp\/v2\/product_cat?post=38743"},{"taxonomy":"product_tag","embeddable":true,"href":"https:\/\/www.damac.it\/pl\/wp-json\/wp\/v2\/false?post=38743"},{"taxonomy":"proprietario","embeddable":true,"href":"https:\/\/www.damac.it\/pl\/wp-json\/wp\/v2\/proprietario?post=38743"}],"curies":[{"name":"wp","href":"https:\/\/api.w.org\/{rel}","templated":true}]}}