{"id":39104,"date":"2026-04-16T17:17:12","date_gmt":"2026-04-16T17:17:12","guid":{"rendered":"https:\/\/www.damac.it\/bez-kategorii\/wacker-neuson-803\/"},"modified":"2026-04-16T17:37:54","modified_gmt":"2026-04-16T17:37:54","slug":"wacker-neuson-803","status":"publish","type":"product","link":"https:\/\/www.damac.it\/pl\/minikoparki\/wacker-neuson-803-anguillara-sabazia\/","title":{"rendered":"WACKER NEUSON 803"},"content":{"rendered":"\n<p>Il <a href=\"https:\/\/www.damac.it\/miniescavatori\/\">miniescavatore<\/a> <strong>Wacker Neuson 803<\/strong> \u00e8 la soluzione ideale per lavori in spazi ristretti, grazie al suo design <strong>compatto con girosagoma<\/strong> che consente di operare senza ingombri anche nei cantieri pi\u00f9 difficili. Con un peso di circa <strong>1000 kg<\/strong> e dimensioni contenute, \u00e8 perfetto per interventi urbani, manutenzioni e lavori di precisione dove agilit\u00e0 e controllo fanno la differenza.<\/p>\n\n<p>Wyposa\u017cona w niezawodny silnik <strong>Yanmar 3TNV70 o mocy 9,6 kW (13,1 KM)<\/strong>, gwarantuje <strong>niskie zu\u017cycie paliwa i sta\u0142\u0105 wydajno\u015b\u0107<\/strong>, pozwalaj\u0105c na d\u0142ug\u0105 prac\u0119 bez spadk\u00f3w mocy. <strong>Rozsuwane podwozie z dwiema pr\u0119dko\u015bciami jazdy<\/strong> poprawia stabilno\u015b\u0107 i u\u0142atwia transport, a <strong>g\u0105sienice gumowe (100%)<\/strong> zapewniaj\u0105 przyczepno\u015b\u0107 i mniejszy nacisk na delikatne nawierzchnie. <\/p>\n\n<p>Obecno\u015b\u0107 <strong>instalacji pod m\u0142ot hydrauliczny<\/strong> rozszerza mo\u017cliwo\u015bci operacyjne, czyni\u0105c ten model wszechstronnym w lekkich wyburzeniach, wykopach i pracach wyko\u0144czeniowych. <strong>Lemiesz przedni<\/strong> dodaje funkcjonalno\u015bci przy niwelacji i zasypywaniu, zwi\u0119kszaj\u0105c produktywno\u015b\u0107 na placu budowy. <\/p>\n\n<p>Ten u\u017cywany <strong>Wacker Neuson 803 z 2012 roku<\/strong>, dost\u0119pny w Anguillara Sabazia, stanowi konkretn\u0105 okazj\u0119 dla os\u00f3b szukaj\u0105cych maszyny <strong>niezawodnej, gotowej do pracy i z certyfikatem CE<\/strong>, idealnej dla profesjonalist\u00f3w z sektora budowlanego i remontowego.<\/p>\n","protected":false},"excerpt":{"rendered":"<p data-start=\"1383\" data-end=\"1552\">Kompaktowa i wydajna minikopalarka <strong data-start=\"1398\" data-end=\"1419\">Wacker Neuson 803<\/strong>, idealna do pracy w ograniczonej przestrzeni. Silnik Yanmar, zmienny podwozie, instalacja m\u0142ota oraz nowe g\u0105sienice. Gotowa do pracy.  <\/p>\n","protected":false},"featured_media":39070,"template":"","meta":{"_acf_changed":false},"ubicazione_acf":[],"product_brand":[676],"product_cat":[413],"false":[749],"proprietario":[],"class_list":{"0":"post-39104","1":"product","2":"type-product","3":"status-publish","4":"has-post-thumbnail","6":"product_brand-wacker-neuson","7":"product_cat-minikoparki","8":"product_tag-pl","9":"pa_brand-wacker-neuson","11":"first","12":"instock","13":"sale","14":"sold-individually","15":"shipping-taxable","16":"purchasable","17":"product-type-simple"},"acf":[],"_links":{"self":[{"href":"https:\/\/www.damac.it\/pl\/wp-json\/wp\/v2\/product\/39104","targetHints":{"allow":["GET"]}}],"collection":[{"href":"https:\/\/www.damac.it\/pl\/wp-json\/wp\/v2\/product"}],"about":[{"href":"https:\/\/www.damac.it\/pl\/wp-json\/wp\/v2\/types\/product"}],"wp:featuredmedia":[{"embeddable":true,"href":"https:\/\/www.damac.it\/pl\/wp-json\/wp\/v2\/media\/39070"}],"wp:attachment":[{"href":"https:\/\/www.damac.it\/pl\/wp-json\/wp\/v2\/media?parent=39104"}],"wp:term":[{"taxonomy":"ubicazione_acf","embeddable":true,"href":"https:\/\/www.damac.it\/pl\/wp-json\/wp\/v2\/ubicazione_acf?post=39104"},{"taxonomy":"product_brand","embeddable":true,"href":"https:\/\/www.damac.it\/pl\/wp-json\/wp\/v2\/product_brand?post=39104"},{"taxonomy":"product_cat","embeddable":true,"href":"https:\/\/www.damac.it\/pl\/wp-json\/wp\/v2\/product_cat?post=39104"},{"taxonomy":"product_tag","embeddable":true,"href":"https:\/\/www.damac.it\/pl\/wp-json\/wp\/v2\/false?post=39104"},{"taxonomy":"proprietario","embeddable":true,"href":"https:\/\/www.damac.it\/pl\/wp-json\/wp\/v2\/proprietario?post=39104"}],"curies":[{"name":"wp","href":"https:\/\/api.w.org\/{rel}","templated":true}]}}