{"id":39245,"date":"2026-04-16T17:53:54","date_gmt":"2026-04-16T17:53:54","guid":{"rendered":"https:\/\/www.damac.it\/bez-kategorii\/takeuchi-tb153\/"},"modified":"2026-04-16T18:07:42","modified_gmt":"2026-04-16T18:07:42","slug":"takeuchi-tb153","status":"publish","type":"product","link":"https:\/\/www.damac.it\/pl\/minikoparki\/takeuchi-tb153-deliceto\/","title":{"rendered":"TAKEUCHI TB153"},"content":{"rendered":"\n<p>Il Takeuchi TB153 \u00e8 un miniescavatore compatto progettato per offrire <strong>prestazioni elevate e massima versatilit\u00e0<\/strong> nei cantieri di piccole e medie dimensioni. Con un peso operativo di 5600 kg e struttura <strong>girosagoma<\/strong>, garantisce un\u2019eccellente manovrabilit\u00e0 anche in spazi ristretti, rendendolo ideale per lavori urbani, scavi di precisione e interventi in aree limitate. Il motore Yanmar da 29,3 kW assicura <strong>potenza costante e affidabilit\u00e0 operativa<\/strong>, anche dopo molte ore di lavoro.<\/p>\n\n<p>Maszyna jest wyposa\u017cona w <strong>zamkni\u0119t\u0105 kabin\u0119 z klimatyzacj\u0105<\/strong>, oferuj\u0105c operatorowi komfort o ka\u017cdej porze roku. Sta\u0142e podwozie z g\u0105sienicami gumowymi w bardzo dobrym stanie (80%) gwarantuje stabilno\u015b\u0107 i redukcj\u0119 wibracji podczas u\u017cytkowania. Obecno\u015b\u0107 <strong>dw\u00f3ch pr\u0119dko\u015bci jazdy<\/strong> pozwala na szybkie przemieszczanie si\u0119 po placu budowy, zwi\u0119kszaj\u0105c og\u00f3ln\u0105 produktywno\u015b\u0107.  <\/p>\n\n<p>Z operacyjnego punktu widzenia, rami\u0119 monolityczne oraz instalacja hydrauliczna przystosowana do m\u0142ota czyni\u0105 ten model niezwykle wszechstronnym w lekkich wyburzeniach, wykopach i prze\u0142adunku materia\u0142\u00f3w. Zawory blokuj\u0105ce zwi\u0119kszaj\u0105 bezpiecze\u0144stwo podczas najbardziej delikatnych operacji, natomiast przedni lemiesz poprawia stabilno\u015b\u0107 i u\u0142atwia niwelacj\u0119 terenu. <\/p>\n\n<p>Z przebiegiem 6300 godzin pracy i certyfikatem CE, ten model TB153 stanowi solidne rozwi\u0105zanie dla os\u00f3b szukaj\u0105cych niezawodnej maszyny u\u017cywanej, gotowej do pracy i o doskona\u0142ym stosunku jako\u015bci do ceny, dost\u0119pnej od r\u0119ki w Deliceto.<\/p>\n","protected":false},"excerpt":{"rendered":"<p>U\u017cywana minikoparka <span class=\"hover:entity-accent entity-underline inline cursor-pointer align-baseline\"><span class=\"whitespace-normal\">Takeuchi<\/span><\/span> TB153, kompaktowa i mocna. Model obrysowy (girosagoma), kabina z klimatyzacj\u0105, instalacja do m\u0142ota i doskona\u0142a manewrowo\u015b\u0107. Idealna na place budowy w miastach i do prac precyzyjnych.  <\/p>\n","protected":false},"featured_media":39307,"template":"","meta":{"_acf_changed":false},"ubicazione_acf":[],"product_brand":[686],"product_cat":[413],"false":[749],"proprietario":[],"class_list":{"0":"post-39245","1":"product","2":"type-product","3":"status-publish","4":"has-post-thumbnail","6":"product_brand-takeuchi","7":"product_cat-minikoparki","8":"product_tag-pl","9":"pa_brand-takeuchi","11":"first","12":"instock","13":"sold-individually","14":"shipping-taxable","15":"purchasable","16":"product-type-simple"},"acf":[],"_links":{"self":[{"href":"https:\/\/www.damac.it\/pl\/wp-json\/wp\/v2\/product\/39245","targetHints":{"allow":["GET"]}}],"collection":[{"href":"https:\/\/www.damac.it\/pl\/wp-json\/wp\/v2\/product"}],"about":[{"href":"https:\/\/www.damac.it\/pl\/wp-json\/wp\/v2\/types\/product"}],"wp:featuredmedia":[{"embeddable":true,"href":"https:\/\/www.damac.it\/pl\/wp-json\/wp\/v2\/media\/39307"}],"wp:attachment":[{"href":"https:\/\/www.damac.it\/pl\/wp-json\/wp\/v2\/media?parent=39245"}],"wp:term":[{"taxonomy":"ubicazione_acf","embeddable":true,"href":"https:\/\/www.damac.it\/pl\/wp-json\/wp\/v2\/ubicazione_acf?post=39245"},{"taxonomy":"product_brand","embeddable":true,"href":"https:\/\/www.damac.it\/pl\/wp-json\/wp\/v2\/product_brand?post=39245"},{"taxonomy":"product_cat","embeddable":true,"href":"https:\/\/www.damac.it\/pl\/wp-json\/wp\/v2\/product_cat?post=39245"},{"taxonomy":"product_tag","embeddable":true,"href":"https:\/\/www.damac.it\/pl\/wp-json\/wp\/v2\/false?post=39245"},{"taxonomy":"proprietario","embeddable":true,"href":"https:\/\/www.damac.it\/pl\/wp-json\/wp\/v2\/proprietario?post=39245"}],"curies":[{"name":"wp","href":"https:\/\/api.w.org\/{rel}","templated":true}]}}