{"id":39649,"date":"2026-04-17T12:21:49","date_gmt":"2026-04-17T12:21:49","guid":{"rendered":"https:\/\/www.damac.it\/bez-kategorii\/jcb-js235hd\/"},"modified":"2026-04-17T12:39:22","modified_gmt":"2026-04-17T12:39:22","slug":"jcb-js235hd","status":"publish","type":"product","link":"https:\/\/www.damac.it\/pl\/koparki-gasienicowe\/jcb-js235hd-sycylia\/","title":{"rendered":"JCB JS235HD"},"content":{"rendered":"\n<p><strong>JCB JS235HD<\/strong> to koparka g\u0105sienicowa zaprojektowana, aby zapewnia\u0107 <strong>wysok\u0105 wydajno\u015b\u0107 i sta\u0142\u0105 niezawodno\u015b\u0107 na najbardziej wymagaj\u0105cych placach budowy<\/strong>. Przy masie eksploatacyjnej <strong>22 920 kg<\/strong> maszyna ta gwarantuje solidn\u0105 i stabiln\u0105 konstrukcj\u0119, idealn\u0105 do intensywnych prac wykopowych, rob\u00f3t ziemnych i ci\u0119\u017ckich zastosowa\u0144. <strong>Wysi\u0119gnik monoblokowy<\/strong> zapewnia precyzj\u0119 operacyjn\u0105 i sta\u0142\u0105 si\u0142\u0119, zwi\u0119kszaj\u0105c produktywno\u015b\u0107 nawet w najtrudniejszych warunkach.  <\/p>\n\n<p>Sercem maszyny jest silnik <strong>JCB EcoMax o mocy 129 kW (175 KM)<\/strong>, zaprojektowany w celu zapewnienia <strong>wydajnej mocy i zoptymalizowanego zu\u017cycia paliwa<\/strong>, redukuj\u0105c koszty operacyjne bez kompromis\u00f3w w zakresie wydajno\u015bci. Instalacja hydrauliczna z przygotowaniem pod m\u0142ot oraz <strong>zawory blokuj\u0105ce<\/strong> zwi\u0119kszaj\u0105 wszechstronno\u015b\u0107, umo\u017cliwiaj\u0105c wykorzystanie r\u00f3\u017cnego osprz\u0119tu w pe\u0142nym bezpiecze\u0144stwie. <\/p>\n\n<p>Zamkni\u0119ta kabina z klimatyzacj\u0105 oferuje <strong>komfortowe i bezpieczne<\/strong> \u015brodowisko pracy, idealne na d\u0142ugie dni na placu budowy. G\u0105sienice stalowe, w stanie 80%, gwarantuj\u0105 <strong>doskona\u0142\u0105 przyczepno\u015b\u0107 i stabilno\u015b\u0107 na ka\u017cdym terenie<\/strong>, podczas gdy podw\u00f3jna pr\u0119dko\u015b\u0107 u\u0142atwia przemieszczanie si\u0119 podczas pracy. <\/p>\n\n<p>Z <strong>8000 godzinami pracy<\/strong>, rocznik 2010 i certyfikatem CE, ta koparka JCB stanowi konkretne rozwi\u0105zanie dla os\u00f3b poszukuj\u0105cych <strong>niezawodnej, wydajnej i gotowej do pracy koparki u\u017cywanej<\/strong>, dost\u0119pnej na Sycylii.<\/p>\n","protected":false},"excerpt":{"rendered":"<p>Koparka JCB JS235HD o masie 22,9 tony z silnikiem EcoMax 129 kW, klimatyzowan\u0105 kabin\u0105 i instalacj\u0105 m\u0142ota. Niezawodna i wydajna koparka, idealna do intensywnych prac i gotowa do u\u017cytku. <\/p>\n","protected":false},"featured_media":39675,"template":"","meta":{"_acf_changed":false},"ubicazione_acf":[],"product_brand":[346],"product_cat":[435],"false":[749],"proprietario":[],"class_list":{"0":"post-39649","1":"product","2":"type-product","3":"status-publish","4":"has-post-thumbnail","6":"product_brand-jcb","7":"product_cat-koparki-gasienicowe","8":"product_tag-pl","9":"pa_brand-jcb","11":"first","12":"instock","13":"sold-individually","14":"shipping-taxable","15":"purchasable","16":"product-type-simple"},"acf":[],"_links":{"self":[{"href":"https:\/\/www.damac.it\/pl\/wp-json\/wp\/v2\/product\/39649","targetHints":{"allow":["GET"]}}],"collection":[{"href":"https:\/\/www.damac.it\/pl\/wp-json\/wp\/v2\/product"}],"about":[{"href":"https:\/\/www.damac.it\/pl\/wp-json\/wp\/v2\/types\/product"}],"wp:featuredmedia":[{"embeddable":true,"href":"https:\/\/www.damac.it\/pl\/wp-json\/wp\/v2\/media\/39675"}],"wp:attachment":[{"href":"https:\/\/www.damac.it\/pl\/wp-json\/wp\/v2\/media?parent=39649"}],"wp:term":[{"taxonomy":"ubicazione_acf","embeddable":true,"href":"https:\/\/www.damac.it\/pl\/wp-json\/wp\/v2\/ubicazione_acf?post=39649"},{"taxonomy":"product_brand","embeddable":true,"href":"https:\/\/www.damac.it\/pl\/wp-json\/wp\/v2\/product_brand?post=39649"},{"taxonomy":"product_cat","embeddable":true,"href":"https:\/\/www.damac.it\/pl\/wp-json\/wp\/v2\/product_cat?post=39649"},{"taxonomy":"product_tag","embeddable":true,"href":"https:\/\/www.damac.it\/pl\/wp-json\/wp\/v2\/false?post=39649"},{"taxonomy":"proprietario","embeddable":true,"href":"https:\/\/www.damac.it\/pl\/wp-json\/wp\/v2\/proprietario?post=39649"}],"curies":[{"name":"wp","href":"https:\/\/api.w.org\/{rel}","templated":true}]}}